{"id":6544,"date":"2026-01-07T15:45:45","date_gmt":"2026-01-07T15:45:45","guid":{"rendered":"https:\/\/elektronica-aanhangers-houten.nl\/?post_type=product&#038;p=6544"},"modified":"2026-02-22T08:52:07","modified_gmt":"2026-02-22T08:52:07","slug":"fendeuse-verticale-a-tracteur-lux-de-10-tonnes-course-1000mm-neuf","status":"publish","type":"product","link":"https:\/\/cabashippinginternational.com\/en\/produit\/fendeuse-verticale-a-tracteur-lux-de-10-tonnes-course-1000mm-neuf\/","title":{"rendered":"LUX 10 tonos vertical trekkersplijter &#8211; Caracoles 1000mm-Nuevo"},"content":{"rendered":"<p><strong>La m\u00e1quina de hendidura De 10T<\/strong> <strong>el\u00e9ctrica<\/strong> es una <strong>m\u00e1quina de hendidura vertical<\/strong> para uso dom\u00e9stico. Tiene un motor el\u00e9ctrico monof\u00e1sico con una potencia de <strong>2,2 Kw.<\/strong> <\/p>\n<p>Con una fuerza de hendidura de <strong>10 toneladas<\/strong>, puede dividir troncos de \u00e1rboles, incluso con nudos, de diferentes tama\u00f1os hasta una altura m\u00e1xima de 126 cent\u00edmetros. Est\u00e1 equipada con una <strong>bomba de alta capacidad<\/strong> que garantiza una potente fuerza de hendidura y una alta velocidad de ejecuci\u00f3n, adem\u00e1s de un <strong>sistema de control regulable autom\u00e1ticamente al final de la carrera<\/strong>. Gracias a las dos ruedas en la parte inferior de la m\u00e1quina, se puede transportar a cualquier lugar. <\/p>\n<p>Con la m\u00e1quina de hendidura de madera, puedes trabajar con dos velocidades diferentes, gracias a un circuito de cilindro de velocidad variable, es necesario presionar m\u00e1s o menos los controles. <\/p>\n<p>Con esta m\u00e1quina de hendidura de madera profesional, el corte es simple y seguro, ya que est\u00e1 <strong>equipada con dispositivos de seguridad<\/strong> que protegen al usuario. <\/p>\n<p>Esta m\u00e1quina de hendidura se utiliza al <strong>conectar el card\u00e1n<\/strong> al tractor.<\/strong> <\/p>\n<p>La hendedora de madera utiliza el funcionamiento de una <strong>bomba hidr\u00e1ulica de alto rendimiento<\/strong> que opera a una presi\u00f3n regulable gracias a un man\u00f3metro que suministra aceite, bombeado desde el tanque, al cilindro de empuje hidr\u00e1ulico. <\/p>\n<p>La estructura misma funciona como <strong>hidr\u00e1ulica<\/strong>.<\/p>","protected":false},"excerpt":{"rendered":"<p>La m\u00e1quina de hendidura De 10T el\u00e9ctrica es una m\u00e1quina de hendidura vertical para uso [&hellip;]<\/p>\n","protected":false},"featured_media":6600,"comment_status":"open","ping_status":"closed","template":"","meta":[],"product_brand":[],"product_cat":[127],"product_tag":[],"class_list":{"0":"post-6544","1":"product","2":"type-product","3":"status-publish","4":"has-post-thumbnail","6":"product_cat-fendeuses-a-bois","7":"product_shipping_class-livraison-gratuite","9":"first","10":"instock","11":"sale","12":"taxable","13":"shipping-taxable","14":"purchasable","15":"product-type-simple"},"_links":{"self":[{"href":"https:\/\/cabashippinginternational.com\/en\/wp-json\/wp\/v2\/product\/6544","targetHints":{"allow":["GET"]}}],"collection":[{"href":"https:\/\/cabashippinginternational.com\/en\/wp-json\/wp\/v2\/product"}],"about":[{"href":"https:\/\/cabashippinginternational.com\/en\/wp-json\/wp\/v2\/types\/product"}],"replies":[{"embeddable":true,"href":"https:\/\/cabashippinginternational.com\/en\/wp-json\/wp\/v2\/comments?post=6544"}],"wp:featuredmedia":[{"embeddable":true,"href":"https:\/\/cabashippinginternational.com\/en\/wp-json\/wp\/v2\/media\/6600"}],"wp:attachment":[{"href":"https:\/\/cabashippinginternational.com\/en\/wp-json\/wp\/v2\/media?parent=6544"}],"wp:term":[{"taxonomy":"product_brand","embeddable":true,"href":"https:\/\/cabashippinginternational.com\/en\/wp-json\/wp\/v2\/product_brand?post=6544"},{"taxonomy":"product_cat","embeddable":true,"href":"https:\/\/cabashippinginternational.com\/en\/wp-json\/wp\/v2\/product_cat?post=6544"},{"taxonomy":"product_tag","embeddable":true,"href":"https:\/\/cabashippinginternational.com\/en\/wp-json\/wp\/v2\/product_tag?post=6544"}],"curies":[{"name":"wp","href":"https:\/\/api.w.org\/{rel}","templated":true}]}}