{"id":6543,"date":"2026-01-07T15:45:45","date_gmt":"2026-01-07T15:45:45","guid":{"rendered":"https:\/\/elektronica-aanhangers-houten.nl\/?post_type=product&#038;p=6543"},"modified":"2026-02-22T08:52:13","modified_gmt":"2026-02-22T08:52:13","slug":"fendeuse-verticale-a-tracteur-lux-da-20-tonnes-course-1000mm-neuf","status":"publish","type":"product","link":"https:\/\/cabashippinginternational.com\/en\/produit\/fendeuse-verticale-a-tracteur-lux-da-20-tonnes-course-1000mm-neuf\/","title":{"rendered":"LUX de 20 toneladas m\u00e1quina de corte vertical kloof &#8211; Desgaste 1000mm &#8211; Nuevo"},"content":{"rendered":"<p><strong>La m\u00e1quina de hendidura de 20T<\/strong> <strong>el\u00e9ctrica<\/strong> es una <strong>m\u00e1quina de hendidura de madera vertical<\/strong> dise\u00f1ada para uso dom\u00e9stico. Puede proporcionar 20 toneladas de fuerza de empuje sobre el tronco, lo que hace que sea muy f\u00e1cil dividir troncos grandes, incluso con nudos, hasta una altura m\u00e1xima de 126 cm. La m\u00e1quina de hendidura de madera puede funcionar a dos velocidades diferentes gracias a un circuito cil\u00edndrico de velocidad variable, lo que significa que puedes presionar las palancas de control con m\u00e1s o menos presi\u00f3n.<\/p>\n<p>Con este partidor de madera profesional, hendir es simple y seguro, ya que est\u00e1 <strong>equipado con dispositivos de seguridad especiales<\/strong> para proteger al usuario. Tiene una bomba de alto caudal que garantiza una potente fuerza de empuje y alta velocidad de trabajo, y tambi\u00e9n est\u00e1 equipada con un <strong>sistema de control de l\u00edmite ajustable autom\u00e1ticamente<\/strong>.<\/p>\n<p>Gracias a las dos ruedas en la parte inferior de la m\u00e1quina, se puede transportar a cualquier lugar. La m\u00e1quina est\u00e1 equipada con un motor el\u00e9ctrico monof\u00e1sico con una potencia de <strong>2,2 Kw.<\/strong>.<\/p>\n<p>Con la m\u00e1quina de hendidura de madera puedes hendir troncos hasta el suelo y est\u00e1 <strong>totalmente fabricada en Italia<\/strong>.<\/p>","protected":false},"excerpt":{"rendered":"<p>La m\u00e1quina de hendidura de 20T el\u00e9ctrica es una m\u00e1quina de hendidura de madera vertical [&hellip;]<\/p>\n","protected":false},"featured_media":6599,"comment_status":"open","ping_status":"closed","template":"","meta":[],"product_brand":[],"product_cat":[127],"product_tag":[],"class_list":{"0":"post-6543","1":"product","2":"type-product","3":"status-publish","4":"has-post-thumbnail","6":"product_cat-fendeuses-a-bois","7":"product_shipping_class-livraison-gratuite","9":"first","10":"instock","11":"sale","12":"taxable","13":"shipping-taxable","14":"purchasable","15":"product-type-simple"},"_links":{"self":[{"href":"https:\/\/cabashippinginternational.com\/en\/wp-json\/wp\/v2\/product\/6543","targetHints":{"allow":["GET"]}}],"collection":[{"href":"https:\/\/cabashippinginternational.com\/en\/wp-json\/wp\/v2\/product"}],"about":[{"href":"https:\/\/cabashippinginternational.com\/en\/wp-json\/wp\/v2\/types\/product"}],"replies":[{"embeddable":true,"href":"https:\/\/cabashippinginternational.com\/en\/wp-json\/wp\/v2\/comments?post=6543"}],"wp:featuredmedia":[{"embeddable":true,"href":"https:\/\/cabashippinginternational.com\/en\/wp-json\/wp\/v2\/media\/6599"}],"wp:attachment":[{"href":"https:\/\/cabashippinginternational.com\/en\/wp-json\/wp\/v2\/media?parent=6543"}],"wp:term":[{"taxonomy":"product_brand","embeddable":true,"href":"https:\/\/cabashippinginternational.com\/en\/wp-json\/wp\/v2\/product_brand?post=6543"},{"taxonomy":"product_cat","embeddable":true,"href":"https:\/\/cabashippinginternational.com\/en\/wp-json\/wp\/v2\/product_cat?post=6543"},{"taxonomy":"product_tag","embeddable":true,"href":"https:\/\/cabashippinginternational.com\/en\/wp-json\/wp\/v2\/product_tag?post=6543"}],"curies":[{"name":"wp","href":"https:\/\/api.w.org\/{rel}","templated":true}]}}