{"id":6542,"date":"2026-01-07T15:45:45","date_gmt":"2026-01-07T15:45:45","guid":{"rendered":"https:\/\/elektronica-aanhangers-houten.nl\/?post_type=product&#038;p=6542"},"modified":"2026-02-22T08:52:21","modified_gmt":"2026-02-22T08:52:21","slug":"fendeuse-verticale-a-tracteur-lux-da-15-tonnes-course-1000mm-neuf","status":"publish","type":"product","link":"https:\/\/cabashippinginternational.com\/en\/produit\/fendeuse-verticale-a-tracteur-lux-da-15-tonnes-course-1000mm-neuf\/","title":{"rendered":"LUX de 15 toneladas m\u00e1quina de corte vertical kloof &#8211; Chorro 1000mm &#8211; Nuevo"},"content":{"rendered":"<p><strong>De 15T<\/strong> m\u00e1quina de hendidura el\u00e9ctrica es una <strong>m\u00e1quina de hendidura vertical<\/strong> dise\u00f1ada para uso dom\u00e9stico.<\/p>\n<p>Con la m\u00e1quina de hendidura de madera puedes trabajar a dos velocidades diferentes, gracias a un circuito cil\u00edndrico de velocidad variable, donde debes presionar m\u00e1s o menos los controles. Con esta m\u00e1quina de hendidura de madera profesional, cortar es simple y seguro, ya que est\u00e1 <strong>equipada con dispositivos de seguridad que protegen al usuario<\/strong>.<\/p>\n<p>Con una fuerza de tracci\u00f3n de <strong>15 toneladas<\/strong>, puede dividir troncos, incluso con nudos, de diferentes tama\u00f1os hasta una altura m\u00e1xima de 126 cm. Est\u00e1 equipada con una <strong>bomba de alto caudal<\/strong> que garantiza una potente fuerza de empuje y alta velocidad de trabajo, y tambi\u00e9n cuenta con un <strong>sistema de control de l\u00edmite ajustable autom\u00e1ticamente<\/strong>. Gracias a las dos ruedas en la parte inferior de la m\u00e1quina, se puede transportar a cualquier lugar. La m\u00e1quina est\u00e1 equipada con un motor el\u00e9ctrico monof\u00e1sico con una potencia de <strong>2,2 Kw.<\/strong><\/p>\n<p>Esta m\u00e1quina de hendidura se utiliza <strong>conectando el card\u00e1n al tractor.<\/strong><\/p>\n<p>El hendedor de madera utiliza el funcionamiento de una <strong>bomba hidr\u00e1ulica de alto rendimiento<\/strong> que opera a una presi\u00f3n regulable gracias al man\u00f3metro y que bombea aceite del tanque al cilindro de empuje hidr\u00e1ulico.<\/p>\n<p>El cuerpo de la estructura misma sirve como <strong>tanque de aceite hidr\u00e1ulico<\/strong>.<\/p>","protected":false},"excerpt":{"rendered":"<p>De 15T m\u00e1quina de hendidura el\u00e9ctrica es una m\u00e1quina de hendidura vertical dise\u00f1ada para uso [&hellip;]<\/p>\n","protected":false},"featured_media":6598,"comment_status":"open","ping_status":"closed","template":"","meta":[],"product_brand":[],"product_cat":[127],"product_tag":[],"class_list":{"0":"post-6542","1":"product","2":"type-product","3":"status-publish","4":"has-post-thumbnail","6":"product_cat-fendeuses-a-bois","7":"product_shipping_class-livraison-gratuite","9":"first","10":"instock","11":"sale","12":"taxable","13":"shipping-taxable","14":"purchasable","15":"product-type-simple"},"_links":{"self":[{"href":"https:\/\/cabashippinginternational.com\/en\/wp-json\/wp\/v2\/product\/6542","targetHints":{"allow":["GET"]}}],"collection":[{"href":"https:\/\/cabashippinginternational.com\/en\/wp-json\/wp\/v2\/product"}],"about":[{"href":"https:\/\/cabashippinginternational.com\/en\/wp-json\/wp\/v2\/types\/product"}],"replies":[{"embeddable":true,"href":"https:\/\/cabashippinginternational.com\/en\/wp-json\/wp\/v2\/comments?post=6542"}],"wp:featuredmedia":[{"embeddable":true,"href":"https:\/\/cabashippinginternational.com\/en\/wp-json\/wp\/v2\/media\/6598"}],"wp:attachment":[{"href":"https:\/\/cabashippinginternational.com\/en\/wp-json\/wp\/v2\/media?parent=6542"}],"wp:term":[{"taxonomy":"product_brand","embeddable":true,"href":"https:\/\/cabashippinginternational.com\/en\/wp-json\/wp\/v2\/product_brand?post=6542"},{"taxonomy":"product_cat","embeddable":true,"href":"https:\/\/cabashippinginternational.com\/en\/wp-json\/wp\/v2\/product_cat?post=6542"},{"taxonomy":"product_tag","embeddable":true,"href":"https:\/\/cabashippinginternational.com\/en\/wp-json\/wp\/v2\/product_tag?post=6542"}],"curies":[{"name":"wp","href":"https:\/\/api.w.org\/{rel}","templated":true}]}}