{"id":6541,"date":"2026-01-07T15:45:45","date_gmt":"2026-01-07T15:45:45","guid":{"rendered":"https:\/\/elektronica-aanhangers-houten.nl\/?post_type=product&#038;p=6541"},"modified":"2026-02-22T08:52:28","modified_gmt":"2026-02-22T08:52:28","slug":"fendeuse-sit-fendeuse-verticale-a-tracteur-20-tonnes-course-1000-mm-neuf","status":"publish","type":"product","link":"https:\/\/cabashippinginternational.com\/en\/produit\/fendeuse-sit-fendeuse-verticale-a-tracteur-20-tonnes-course-1000-mm-neuf\/","title":{"rendered":"SIT Verticale trekkersplijter, 20 toneladas, 1000 mm de holgura-Nuevo"},"content":{"rendered":"<p>Con una fuerza de separaci\u00f3n de nada menos que 20 toneladas, puede partir troncos de madera de cualquier tama\u00f1o hasta una altura m\u00e1xima de 112 cm. Est\u00e1 equipado con una bomba de alto caudal que garantiza una potente fuerza de separaci\u00f3n y una alta velocidad de trabajo, adem\u00e1s de un sistema de regulaci\u00f3n autom\u00e1tico y un interruptor final ajustable.<br \/>\nLa m\u00e1quina de partir madera de 20T es una m\u00e1quina vertical dise\u00f1ada para uso dom\u00e9stico. Con esta m\u00e1quina de partir, el proceso es simple y seguro, ya que est\u00e1 equipada con dispositivos de seguridad que protegen al usuario.  <\/p>\n<p>El partidor de madera est\u00e1 equipado con un sistema de control de cilindro que utiliza palancas de doble operaci\u00f3n para activar la m\u00e1quina, que debe ser activada por el usuario con ambas manos.  <\/p>\n<p>Esto es para prevenir accidentes.  <\/p>\n<p>Al ejercer una ligera presi\u00f3n, el partidor de madera mueve el cilindro de empuje hasta que hace contacto con la madera a partir.  <\/p>\n<p>Cuando sueltas las palancas, el cilindro regresa a su posici\u00f3n original.  <\/p>\n<p><span id=\"umb221587\" class=\"hovertag\">Pantalla para bloquear el ascenso del pist\u00f3n con bloques de madera incluidos.<\/span> Al presionar este soporte superior, se detiene el ascenso del pist\u00f3n de manera adecuada. Esto te permite trabajar de forma segura y no hay peligro de accidentes con manos y mu\u00f1ecas.<\/p>","protected":false},"excerpt":{"rendered":"<p>Con una fuerza de separaci\u00f3n de nada menos que 20 toneladas, puede partir troncos de [&hellip;]<\/p>\n","protected":false},"featured_media":6589,"comment_status":"open","ping_status":"closed","template":"","meta":[],"product_brand":[],"product_cat":[127],"product_tag":[],"class_list":{"0":"post-6541","1":"product","2":"type-product","3":"status-publish","4":"has-post-thumbnail","6":"product_cat-fendeuses-a-bois","7":"product_shipping_class-livraison-gratuite","9":"first","10":"instock","11":"sale","12":"taxable","13":"shipping-taxable","14":"purchasable","15":"product-type-simple"},"_links":{"self":[{"href":"https:\/\/cabashippinginternational.com\/en\/wp-json\/wp\/v2\/product\/6541","targetHints":{"allow":["GET"]}}],"collection":[{"href":"https:\/\/cabashippinginternational.com\/en\/wp-json\/wp\/v2\/product"}],"about":[{"href":"https:\/\/cabashippinginternational.com\/en\/wp-json\/wp\/v2\/types\/product"}],"replies":[{"embeddable":true,"href":"https:\/\/cabashippinginternational.com\/en\/wp-json\/wp\/v2\/comments?post=6541"}],"wp:featuredmedia":[{"embeddable":true,"href":"https:\/\/cabashippinginternational.com\/en\/wp-json\/wp\/v2\/media\/6589"}],"wp:attachment":[{"href":"https:\/\/cabashippinginternational.com\/en\/wp-json\/wp\/v2\/media?parent=6541"}],"wp:term":[{"taxonomy":"product_brand","embeddable":true,"href":"https:\/\/cabashippinginternational.com\/en\/wp-json\/wp\/v2\/product_brand?post=6541"},{"taxonomy":"product_cat","embeddable":true,"href":"https:\/\/cabashippinginternational.com\/en\/wp-json\/wp\/v2\/product_cat?post=6541"},{"taxonomy":"product_tag","embeddable":true,"href":"https:\/\/cabashippinginternational.com\/en\/wp-json\/wp\/v2\/product_tag?post=6541"}],"curies":[{"name":"wp","href":"https:\/\/api.w.org\/{rel}","templated":true}]}}