{"id":6540,"date":"2026-01-07T15:45:44","date_gmt":"2026-01-07T15:45:44","guid":{"rendered":"https:\/\/elektronica-aanhangers-houten.nl\/?post_type=product&#038;p=6540"},"modified":"2026-02-22T08:52:36","modified_gmt":"2026-02-22T08:52:36","slug":"fendeuse-horizontale-sur-chariot-avec-moteur-thermique-20-tonnes-neuf","status":"publish","type":"product","link":"https:\/\/cabashippinginternational.com\/en\/produit\/fendeuse-horizontale-sur-chariot-avec-moteur-thermique-20-tonnes-neuf\/","title":{"rendered":"Hacha de madera horizontal en carro con motor de combusti\u00f3n &#8211; 20 toneladas &#8211; Nuevo"},"content":{"rendered":"<p><20 toneladas m\u00e1quina de hendidura de troncos con motor de combusti\u00f3n<\/strong>.<\/p>\n<p><strong>M\u00e1quina de hendidura t\u00e9rmica<\/strong> <strong>SEMI PROFESIONAL.<\/strong> Parte troncos de manera f\u00e1cil y segura.<\/p>\n<p>Gracias al motor t\u00e9rmico, la m\u00e1quina de hendidura puede utilizarse incluso en las situaciones externas m\u00e1s dif\u00edciles, donde el suministro de energ\u00eda o el tractor son inaccesibles.<\/p>\n<p>Equipado con un asa y ruedas neum\u00e1ticas para un f\u00e1cil desplazamiento.<\/p>\n<p><strong>POTENTE<\/strong>, gracias a su <strong>20 toneladas<\/strong> de potencia (lo que la convierte en una de las m\u00e1s potentes del mercado).<\/p>\n<p><strong>ESTRUCTURA HORIZONTAL<\/strong>: permite hendir incluso los troncos m\u00e1s grandes sin necesidad de levantarlos (puede colocarlos sin ning\u00fan esfuerzo encima, gracias a la altura limitada de los soportes).<\/p>\n<p>Esta m\u00e1quina de hendidura tiene una capacidad de empuje de 20 toneladas.<br \/>\n<\/strong>.<br \/>\nDi\u00e1metro de los troncos: hasta <strong>50 cm<\/strong>.<\/p>\n<p>Longitud m\u00e1xima del tronco: <strong>66 cm<\/strong>.<\/p>\n<p>Dimensiones totales: 184x90x85 cm<\/p>\n<p>Peso: 160 kg<\/p>\n<p>El motor est\u00e1 equipado con tecnolog\u00eda de v\u00e1lvula en cabeza con arranque manual.<\/p>\n<p><Funciones<\/strong>:<\/p>\n<div class=\"r1_sx\">tipo de motor: 4 tiempos monocil\u00edndrico &#8211; <span id=\"umb486705\" class=\"hovertag\">OHV<\/span><\/div>\n<p>.<\/p>\n<div class=\"r2_sx\">Tipo de cilindro: Aluminio<\/div>\n<p>.<\/p>\n<div class=\"r1_sx\">Cilindrada: 270 cm\u00b3<\/div>\n<p>.<\/p>\n<div class=\"r2_sx\">Revoluciones m\u00e1ximas: 3600 rpm<\/div>\n<p>.<br \/>\nDetalle del <span id=\"umb486700\" class=\"hovertag\">arranque manual por tir\u00f3n<\/span>.<\/p>\n<p>Detalle del <span id=\"umb486704\" class=\"hovertag\">hy<\/p>","protected":false},"excerpt":{"rendered":"","protected":false},"featured_media":6588,"comment_status":"open","ping_status":"closed","template":"","meta":[],"product_brand":[],"product_cat":[127],"product_tag":[],"class_list":{"0":"post-6540","1":"product","2":"type-product","3":"status-publish","4":"has-post-thumbnail","6":"product_cat-fendeuses-a-bois","7":"product_shipping_class-livraison-gratuite","9":"first","10":"instock","11":"sale","12":"taxable","13":"shipping-taxable","14":"purchasable","15":"product-type-simple"},"_links":{"self":[{"href":"https:\/\/cabashippinginternational.com\/en\/wp-json\/wp\/v2\/product\/6540","targetHints":{"allow":["GET"]}}],"collection":[{"href":"https:\/\/cabashippinginternational.com\/en\/wp-json\/wp\/v2\/product"}],"about":[{"href":"https:\/\/cabashippinginternational.com\/en\/wp-json\/wp\/v2\/types\/product"}],"replies":[{"embeddable":true,"href":"https:\/\/cabashippinginternational.com\/en\/wp-json\/wp\/v2\/comments?post=6540"}],"wp:featuredmedia":[{"embeddable":true,"href":"https:\/\/cabashippinginternational.com\/en\/wp-json\/wp\/v2\/media\/6588"}],"wp:attachment":[{"href":"https:\/\/cabashippinginternational.com\/en\/wp-json\/wp\/v2\/media?parent=6540"}],"wp:term":[{"taxonomy":"product_brand","embeddable":true,"href":"https:\/\/cabashippinginternational.com\/en\/wp-json\/wp\/v2\/product_brand?post=6540"},{"taxonomy":"product_cat","embeddable":true,"href":"https:\/\/cabashippinginternational.com\/en\/wp-json\/wp\/v2\/product_cat?post=6540"},{"taxonomy":"product_tag","embeddable":true,"href":"https:\/\/cabashippinginternational.com\/en\/wp-json\/wp\/v2\/product_tag?post=6540"}],"curies":[{"name":"wp","href":"https:\/\/api.w.org\/{rel}","templated":true}]}}