{"id":6539,"date":"2026-01-07T15:45:44","date_gmt":"2026-01-07T15:45:44","guid":{"rendered":"https:\/\/elektronica-aanhangers-houten.nl\/?post_type=product&#038;p=6539"},"modified":"2026-02-22T08:52:44","modified_gmt":"2026-02-22T08:52:44","slug":"fendeuse-horizontale-avec-attache-3-points-au-tracteur-15-tonnes-neuf","status":"publish","type":"product","link":"https:\/\/cabashippinginternational.com\/en\/produit\/fendeuse-horizontale-avec-attache-3-points-au-tracteur-15-tonnes-neuf\/","title":{"rendered":"Hacha de madera horizontal con acoplamiento de 3 puntos para tractor de 15 toneladas &#8211; Nuevo"},"content":{"rendered":"<p>Este divisor es un producto <strong>SEMI PROFESIONAL<\/strong> en t\u00e9rminos de potencia, rendimiento y peso.<\/p>\n<p>La <strong>HORIZONTAL &#8211; 15 T<\/strong> m\u00e1quina de hendidura cumple con todos los requisitos de todos los usuarios de trabajos de le\u00f1a peque\u00f1os y medianos.<\/p>\n<p>Dirigido a todos aquellos que desean un dispositivo simple pero efectivo sin adornos.<\/p>\n<p><strong>POTENTE<\/strong>, gracias a su <strong>potencia de 15 toneladas<\/strong> (lo que lo convierte en uno de los m\u00e1s potentes del mercado) y r\u00e1pido: con una velocidad de trabajo de 3 segundos para el descenso y 6 segundos para el ascenso.<\/p>\n<p><strong>ESTRUCTURA HORIZONTAL:<\/strong> permite dividir incluso los troncos m\u00e1s grandes sin cansarse (se posicionan para la hendidura sin cansarse, gracias a la altura reducida de los soportes).<\/p>\n<p><strong>SENCILLEZ DE CONSTRUCCI\u00d3N:<\/strong> sin adornos, insuperable en fiabilidad.<\/p>\n<p><span id=\"umb457064\" class=\"hovertag\">GRAN CRISTAL GRUESO<\/span>: di\u00e1metro notable de 90 mm (perforaci\u00f3n de 50 mm). Esta es la parte m\u00e1s fuerte del divisor y es responsable de la alta potencia (15 toneladas).<\/p>\n<p><span id=\"umb457082\" class=\"hovertag\">Plataforma de hendidura extra fuerte<\/span>, hecha de acero grueso, montada en <span id=\"umb457078\" class=\"hovertag\">gu\u00edas de acero<\/span>.<\/p>\n<p>Detalle de la <span id=\"umb457104\" class=\"hovertag\">plataforma de hendidura<\/span>.<\/p>\n<p><span id=\"umb457079\" class=\"hovertag\">DIMENSIONES IMPORTANTES DE LA BOMBA HIDR\u00c1ULICA<\/span>:<\/p>\n<p>VENTAJAS:<br \/>\n&#8211; permite que la m\u00e1quina de hendidura alcance su alta potencia nominal (15 T) a b<\/p>","protected":false},"excerpt":{"rendered":"<p>Este divisor es un producto SEMI PROFESIONAL en t\u00e9rminos de potencia, rendimiento y peso. La [&hellip;]<\/p>\n","protected":false},"featured_media":6587,"comment_status":"open","ping_status":"closed","template":"","meta":[],"product_brand":[],"product_cat":[127],"product_tag":[],"class_list":{"0":"post-6539","1":"product","2":"type-product","3":"status-publish","4":"has-post-thumbnail","6":"product_cat-fendeuses-a-bois","7":"product_shipping_class-livraison-gratuite","9":"first","10":"instock","11":"sale","12":"taxable","13":"shipping-taxable","14":"purchasable","15":"product-type-simple"},"_links":{"self":[{"href":"https:\/\/cabashippinginternational.com\/en\/wp-json\/wp\/v2\/product\/6539","targetHints":{"allow":["GET"]}}],"collection":[{"href":"https:\/\/cabashippinginternational.com\/en\/wp-json\/wp\/v2\/product"}],"about":[{"href":"https:\/\/cabashippinginternational.com\/en\/wp-json\/wp\/v2\/types\/product"}],"replies":[{"embeddable":true,"href":"https:\/\/cabashippinginternational.com\/en\/wp-json\/wp\/v2\/comments?post=6539"}],"wp:featuredmedia":[{"embeddable":true,"href":"https:\/\/cabashippinginternational.com\/en\/wp-json\/wp\/v2\/media\/6587"}],"wp:attachment":[{"href":"https:\/\/cabashippinginternational.com\/en\/wp-json\/wp\/v2\/media?parent=6539"}],"wp:term":[{"taxonomy":"product_brand","embeddable":true,"href":"https:\/\/cabashippinginternational.com\/en\/wp-json\/wp\/v2\/product_brand?post=6539"},{"taxonomy":"product_cat","embeddable":true,"href":"https:\/\/cabashippinginternational.com\/en\/wp-json\/wp\/v2\/product_cat?post=6539"},{"taxonomy":"product_tag","embeddable":true,"href":"https:\/\/cabashippinginternational.com\/en\/wp-json\/wp\/v2\/product_tag?post=6539"}],"curies":[{"name":"wp","href":"https:\/\/api.w.org\/{rel}","templated":true}]}}