{"id":6538,"date":"2026-01-07T15:45:44","date_gmt":"2026-01-07T15:45:44","guid":{"rendered":"https:\/\/elektronica-aanhangers-houten.nl\/?post_type=product&#038;p=6538"},"modified":"2026-02-22T08:52:52","modified_gmt":"2026-02-22T08:52:52","slug":"fendeuse-de-buches-horizontale-avec-attelage-3-points-pour-tracteur-profi-20-tonnes-neuf","status":"publish","type":"product","link":"https:\/\/cabashippinginternational.com\/en\/produit\/fendeuse-de-buches-horizontale-avec-attelage-3-points-pour-tracteur-profi-20-tonnes-neuf\/","title":{"rendered":"Hacha horizontal de madera con sistema de enganche de 3 puntos para tractor Profi de 20 toneladas &#8211; Nuevo"},"content":{"rendered":"<p>El producto anterior es un producto en la categor\u00eda <strong>SEMI-PROFESIONAL<\/strong>, basado en su rendimiento, eficiencia y peso. Le deseamos mucho placer con la informaci\u00f3n en esta p\u00e1gina.<\/p>\n<p><strong>M\u00c1QUINA DE PARTIR MADERA HORIZONTAL &#8211; PROFI 20 T<\/strong>.<\/p>\n<p><strong>Tanto por dentro como por fuera, esta es una m\u00e1quina robusta y confiable.<\/strong><\/p>\n<p><strong>ULTRA PODEROSA<\/strong>, con su <strong>20 toneladas<\/strong> de fuerza de partida (lo que la convierte en una de las m\u00e1s potentes del mercado).<\/p>\n<p><strong>ESTRUCTURA HORIZONTAL<\/strong>: esto significa que incluso troncos de \u00e1rbol muy grandes pueden ser partidos con poco esfuerzo (los troncos se pueden colocar sin ning\u00fan esfuerzo, dada la altura limitada de los soportes).<\/p>\n<p><strong>SENCILLEZ DE PRODUCCI\u00d3N<\/strong>: este es un requisito esencial y fundamental para una m\u00e1quina productiva dise\u00f1ada para que funcione sin problemas.<\/p>\n<p><span id=\"umb303644\" class=\"hovertag\">GRANDES DIMENSIONES DE CENA<\/span>: 105 mm de di\u00e1metro exterior (90 mm de cortador). Otro componente muy robusto de la m\u00e1quina que determina la fuerza de la m\u00e1quina de partir (20 toneladas).<\/p>\n<p><span id=\"umb303647\" class=\"hovertag\">Plataforma de empuje de acero grueso extra fuerte montada en gu\u00edas de acero<\/span>.<\/p>\n<p><span id=\"umb303653\" class=\"hovertag\">Bomba hidr\u00e1ulica de gran tama\u00f1o<\/span>:<\/p>\n<p>PUNTOS DESTACADOS:<\/p>\n<ul>\n<li>Proporciona a la m\u00e1quina una alta potencia (20 T)<\/li>\n<p>.<\/p>\n<li>Contribuye a una velocidad de divisi\u00f3n muy alta<\/li>\n<p>.\n<\/ul>","protected":false},"excerpt":{"rendered":"<p>El producto anterior es un producto en la categor\u00eda SEMI-PROFESIONAL, basado en su rendimiento, eficiencia [&hellip;]<\/p>\n","protected":false},"featured_media":6586,"comment_status":"open","ping_status":"closed","template":"","meta":[],"product_brand":[],"product_cat":[127],"product_tag":[],"class_list":{"0":"post-6538","1":"product","2":"type-product","3":"status-publish","4":"has-post-thumbnail","6":"product_cat-fendeuses-a-bois","7":"product_shipping_class-livraison-gratuite","9":"first","10":"instock","11":"sale","12":"taxable","13":"shipping-taxable","14":"purchasable","15":"product-type-simple"},"_links":{"self":[{"href":"https:\/\/cabashippinginternational.com\/en\/wp-json\/wp\/v2\/product\/6538","targetHints":{"allow":["GET"]}}],"collection":[{"href":"https:\/\/cabashippinginternational.com\/en\/wp-json\/wp\/v2\/product"}],"about":[{"href":"https:\/\/cabashippinginternational.com\/en\/wp-json\/wp\/v2\/types\/product"}],"replies":[{"embeddable":true,"href":"https:\/\/cabashippinginternational.com\/en\/wp-json\/wp\/v2\/comments?post=6538"}],"wp:featuredmedia":[{"embeddable":true,"href":"https:\/\/cabashippinginternational.com\/en\/wp-json\/wp\/v2\/media\/6586"}],"wp:attachment":[{"href":"https:\/\/cabashippinginternational.com\/en\/wp-json\/wp\/v2\/media?parent=6538"}],"wp:term":[{"taxonomy":"product_brand","embeddable":true,"href":"https:\/\/cabashippinginternational.com\/en\/wp-json\/wp\/v2\/product_brand?post=6538"},{"taxonomy":"product_cat","embeddable":true,"href":"https:\/\/cabashippinginternational.com\/en\/wp-json\/wp\/v2\/product_cat?post=6538"},{"taxonomy":"product_tag","embeddable":true,"href":"https:\/\/cabashippinginternational.com\/en\/wp-json\/wp\/v2\/product_tag?post=6538"}],"curies":[{"name":"wp","href":"https:\/\/api.w.org\/{rel}","templated":true}]}}