{"id":6530,"date":"2026-01-07T15:45:23","date_gmt":"2026-01-07T15:45:23","guid":{"rendered":"https:\/\/elektronica-aanhangers-houten.nl\/?post_type=product&#038;p=6530"},"modified":"2026-02-22T08:52:59","modified_gmt":"2026-02-22T08:52:59","slug":"fendeuse-a-bois-vertical-a-tracteur-10-tonnes-course-1000-mm-neuf","status":"publish","type":"product","link":"https:\/\/cabashippinginternational.com\/en\/produit\/fendeuse-a-bois-vertical-a-tracteur-10-tonnes-course-1000-mm-neuf\/","title":{"rendered":"Cortadora de madera vertical con tirador, 10 toneladas, 1000 mm &#8211; Nuevo"},"content":{"rendered":"<p><strong>El divisor De 10T<\/strong> es un <strong>divisor vertical<\/strong> dise\u00f1ado para uso dom\u00e9stico.<\/p>\n<p>Con una fuerza de separaci\u00f3n de <strong>10 toneladas<\/strong>, puede dividir troncos de diferentes tama\u00f1os, incluso con nudos, hasta una altura m\u00e1xima de 112 cent\u00edmetros.<\/p>\n<p>Est\u00e1 equipado con una <strong>bomba de alta capacidad<\/strong> que garantiza una potente fuerza de separaci\u00f3n y una alta velocidad de ejecuci\u00f3n, y tambi\u00e9n cuenta con un <strong>sistema de control de carrera final ajustable autom\u00e1ticamente<\/strong>.<\/p>\n<p>Con esta m\u00e1quina de divisi\u00f3n profesional, el trabajo de corte es simple y seguro, ya que est\u00e1 <strong>dotada de dispositivos de seguridad<\/strong> que protegen al usuario.<\/p>\n<p>Esta m\u00e1quina de divisi\u00f3n se utiliza conect\u00e1ndola a un <strong>card\u00e1n del tractor.<\/strong><\/p>\n<p>El divisor de madera utiliza el funcionamiento de una <strong>bomba hidr\u00e1ulica de alto rendimiento<\/strong> que opera con presi\u00f3n regulable gracias al <span id=\"umb220142\" class=\"hovertag\">bar\u00f3metro<\/span> y que suministra aceite, bombeado desde el dep\u00f3sito, al cilindro de empuje hidr\u00e1ulico.<\/p>\n<p>El cuerpo de la estructura en s\u00ed act\u00faa como un <strong>tanque de aceite hidr\u00e1ulico<\/strong>.<\/p>\n<p>La conexi\u00f3n con el tractor est\u00e1 garantizada por el <span id=\"umb220141\" class=\"hovertag\">enganche de 3 puntos<\/span> que est\u00e1 fijado al robusto chasis.<\/p>\n<p>Detalle de la <span id=\"umb220137\" class=\"hovertag\">caja de cambios de acero<\/span> con ba\u00f1o de aceite y carcasa exterior de aluminio fundido.<\/p>\n<p>Esta caja de cambios transmite la<\/p>","protected":false},"excerpt":{"rendered":"<p>El divisor De 10T es un divisor vertical dise\u00f1ado para uso dom\u00e9stico. Con una fuerza [&hellip;]<\/p>\n","protected":false},"featured_media":6585,"comment_status":"open","ping_status":"closed","template":"","meta":[],"product_brand":[],"product_cat":[127],"product_tag":[],"class_list":{"0":"post-6530","1":"product","2":"type-product","3":"status-publish","4":"has-post-thumbnail","6":"product_cat-fendeuses-a-bois","7":"product_shipping_class-livraison-gratuite","9":"first","10":"instock","11":"sale","12":"taxable","13":"shipping-taxable","14":"purchasable","15":"product-type-simple"},"_links":{"self":[{"href":"https:\/\/cabashippinginternational.com\/en\/wp-json\/wp\/v2\/product\/6530","targetHints":{"allow":["GET"]}}],"collection":[{"href":"https:\/\/cabashippinginternational.com\/en\/wp-json\/wp\/v2\/product"}],"about":[{"href":"https:\/\/cabashippinginternational.com\/en\/wp-json\/wp\/v2\/types\/product"}],"replies":[{"embeddable":true,"href":"https:\/\/cabashippinginternational.com\/en\/wp-json\/wp\/v2\/comments?post=6530"}],"wp:featuredmedia":[{"embeddable":true,"href":"https:\/\/cabashippinginternational.com\/en\/wp-json\/wp\/v2\/media\/6585"}],"wp:attachment":[{"href":"https:\/\/cabashippinginternational.com\/en\/wp-json\/wp\/v2\/media?parent=6530"}],"wp:term":[{"taxonomy":"product_brand","embeddable":true,"href":"https:\/\/cabashippinginternational.com\/en\/wp-json\/wp\/v2\/product_brand?post=6530"},{"taxonomy":"product_cat","embeddable":true,"href":"https:\/\/cabashippinginternational.com\/en\/wp-json\/wp\/v2\/product_cat?post=6530"},{"taxonomy":"product_tag","embeddable":true,"href":"https:\/\/cabashippinginternational.com\/en\/wp-json\/wp\/v2\/product_tag?post=6530"}],"curies":[{"name":"wp","href":"https:\/\/api.w.org\/{rel}","templated":true}]}}