{"id":6529,"date":"2026-01-07T15:45:22","date_gmt":"2026-01-07T15:45:22","guid":{"rendered":"https:\/\/elektronica-aanhangers-houten.nl\/?post_type=product&#038;p=6529"},"modified":"2026-02-22T08:53:06","modified_gmt":"2026-02-22T08:53:06","slug":"ceccato-olindo-fendeuse-verticale-thermique-ceccato-olindo-spl10h-gp160-10-tonnes-neuf","status":"publish","type":"product","link":"https:\/\/cabashippinginternational.com\/en\/produit\/ceccato-olindo-fendeuse-verticale-thermique-ceccato-olindo-spl10h-gp160-10-tonnes-neuf\/","title":{"rendered":"Ceccato Olindo-Ceccato Olindo SPL10H GP160 Divisor Vertical T\u00e9rmico &#8211; 10 toneladas-Nuevo"},"content":{"rendered":"<p>La <strong>Ceccato Olindo Bull SPL10H m\u00e1quina de partir madera t\u00e9rmica<\/strong> es una <strong>m\u00e1quina de partir madera vertical con motor de combusti\u00f3n Honda GP160<\/strong> cuya construcci\u00f3n es completamente <strong>Made in Italy<\/strong> dise\u00f1ada para uso dom\u00e9stico.<\/p>\n<p><strong>Este modelo espec\u00edfico pertenece a las mejores m\u00e1quinas de partir en el mercado por su relaci\u00f3n calidad-precio<\/strong> fabricada con <strong>materiales de muy alta calidad<\/strong>, con un chasis superresistente con tubos dobles reforzados.<\/strong><\/p>\n<p>La m\u00e1quina de partir SPL10H con una <strong>fuerza de separaci\u00f3n de<\/strong> <strong>10 toneladas<\/strong> y un <strong>marco reforzado con tubos dobles<\/strong>, lo que permite partir troncos nudosos de hasta una altura de <strong>54 cm como m\u00e1ximo<\/strong>.<\/p>\n<p>Equipado con una <strong>bomba doble con un caudal bastante grande que garantiza una potente fuerza de empuje<\/strong> y <strong>doble velocidad de trabajo<\/strong>. Es impulsado por un motor de gasolina Honda GP160 de 5 hp. Tambi\u00e9n est\u00e1 equipado con <strong>dos ruedas para el movimiento hechas con una composici\u00f3n de goma especial<\/strong> que evita que las piedras se queden atrapadas.<\/p>\n<p>La m\u00e1quina est\u00e1 <strong>equipada con mangueras hidr\u00e1ulicas con funda de tela serigrafiada<\/strong> Ceccato Olindo y <strong>atornilladas en conexiones que cumplen completamente con las \u00faltimas normativas CE.<\/strong><\/p>\n<p>La m\u00e1quina de partir madera Ceccato Olindo BULL SPL10H cumple con las normativas CE de seguridad en el trabajo.<\/p>\n<p><Fuerza de separaci\u00f3n:\n<\/p>","protected":false},"excerpt":{"rendered":"<p>La Ceccato Olindo Bull SPL10H m\u00e1quina de partir madera t\u00e9rmica es una m\u00e1quina de partir [&hellip;]<\/p>\n","protected":false},"featured_media":6584,"comment_status":"open","ping_status":"closed","template":"","meta":[],"product_brand":[],"product_cat":[127],"product_tag":[],"class_list":{"0":"post-6529","1":"product","2":"type-product","3":"status-publish","4":"has-post-thumbnail","6":"product_cat-fendeuses-a-bois","7":"product_shipping_class-livraison-gratuite","9":"first","10":"instock","11":"sale","12":"taxable","13":"shipping-taxable","14":"purchasable","15":"product-type-simple"},"_links":{"self":[{"href":"https:\/\/cabashippinginternational.com\/en\/wp-json\/wp\/v2\/product\/6529","targetHints":{"allow":["GET"]}}],"collection":[{"href":"https:\/\/cabashippinginternational.com\/en\/wp-json\/wp\/v2\/product"}],"about":[{"href":"https:\/\/cabashippinginternational.com\/en\/wp-json\/wp\/v2\/types\/product"}],"replies":[{"embeddable":true,"href":"https:\/\/cabashippinginternational.com\/en\/wp-json\/wp\/v2\/comments?post=6529"}],"wp:featuredmedia":[{"embeddable":true,"href":"https:\/\/cabashippinginternational.com\/en\/wp-json\/wp\/v2\/media\/6584"}],"wp:attachment":[{"href":"https:\/\/cabashippinginternational.com\/en\/wp-json\/wp\/v2\/media?parent=6529"}],"wp:term":[{"taxonomy":"product_brand","embeddable":true,"href":"https:\/\/cabashippinginternational.com\/en\/wp-json\/wp\/v2\/product_brand?post=6529"},{"taxonomy":"product_cat","embeddable":true,"href":"https:\/\/cabashippinginternational.com\/en\/wp-json\/wp\/v2\/product_cat?post=6529"},{"taxonomy":"product_tag","embeddable":true,"href":"https:\/\/cabashippinginternational.com\/en\/wp-json\/wp\/v2\/product_tag?post=6529"}],"curies":[{"name":"wp","href":"https:\/\/api.w.org\/{rel}","templated":true}]}}