{"id":6528,"date":"2026-01-07T15:45:22","date_gmt":"2026-01-07T15:45:22","guid":{"rendered":"https:\/\/elektronica-aanhangers-houten.nl\/?post_type=product&#038;p=6528"},"modified":"2026-02-22T08:53:14","modified_gmt":"2026-02-22T08:53:14","slug":"ceccato-olindo-fendeuse-verticale-thermique-ceccato-bull-spl12h-gx200-12-tonnes-course-540-mm-neuf","status":"publish","type":"product","link":"https:\/\/cabashippinginternational.com\/en\/produit\/ceccato-olindo-fendeuse-verticale-thermique-ceccato-bull-spl12h-gx200-12-tonnes-course-540-mm-neuf\/","title":{"rendered":"Ceccato Olindo-Ceccato BULL SPL12H GX200 vertical trituradora t\u00e9rmica &#8211; 12 toneladas &#8211; longitud 540 mm &#8211; Nuevo"},"content":{"rendered":"<p>La <strong>BULL SPL12H<\/strong> m\u00e1quina de partir le\u00f1a a gasolina de Ceccato Olindo es una <strong>m\u00e1quina de partir le\u00f1a vertical con motor de gasolina Honda GX200<\/strong> cuya construcci\u00f3n es completamente <strong>Made in Italy<\/strong> y est\u00e1 dise\u00f1ada para uso dom\u00e9stico.<\/p>\n<p>Es una m\u00e1quina de partir le\u00f1a con un <strong>chasis sobredimensionado<\/strong> y <strong>reforzado<\/strong>, completamente <strong>soldado por robots<\/strong>, muy robusta, equipada con un <strong>tubo de soporte<\/strong> con <strong>cuchilla<\/strong> hecha de <strong>acero Domex<\/strong>, una <strong>cuchilla de acero endurecido<\/strong> y componentes hidr\u00e1ulicos de alta calidad<\/strong>.<\/p>\n<p>El <strong>pist\u00f3n<\/strong> es considerablemente m\u00e1s grande que los modelos comparables en su clase.<\/p>\n<p>Es impulsada por un <strong>motor de combusti\u00f3n Honda GX200 de 6,5 hp<\/strong>. Tambi\u00e9n est\u00e1 equipada con dos <strong>ruedas m\u00f3viles<\/strong> hechas con una <strong>mezcla de goma especial<\/strong> que evita que las piedras se queden atascadas.<\/p>\n<p>La m\u00e1quina est\u00e1 equipada con mangueras hidr\u00e1ulicas con un revestimiento de serigraf\u00eda Ceccato Olindo de tela y atornilladas en conexiones que cumplen completamente con las \u00faltimas normativas CE.<\/p>\n<p>La m\u00e1quina de partir le\u00f1a Ceccato Olindo BULL SPL12H cumple con las normativas de la CE sobre seguridad en el trabajo.<\/p>\n<p><strong>Fuerza de corte:<\/strong> 12 toneladas<\/p>\n<p><strong>Di\u00e1metro de la madera:<\/strong> de 10 a 60 cm<\/p>\n<p><strong>Longitud de la madera:<\/strong> de 10 a 50 cm<\/p>\n<p><strong>Recorrido:<\/strong> 54 cm<\/p>\n<p><strong>Dimensiones totales:<\/strong> 110 x 90 x 153 cm<\/p>","protected":false},"excerpt":{"rendered":"<p>La BULL SPL12H m\u00e1quina de partir le\u00f1a a gasolina de Ceccato Olindo es una m\u00e1quina [&hellip;]<\/p>\n","protected":false},"featured_media":6583,"comment_status":"open","ping_status":"closed","template":"","meta":[],"product_brand":[],"product_cat":[127],"product_tag":[],"class_list":{"0":"post-6528","1":"product","2":"type-product","3":"status-publish","4":"has-post-thumbnail","6":"product_cat-fendeuses-a-bois","7":"product_shipping_class-livraison-gratuite","9":"first","10":"instock","11":"sale","12":"taxable","13":"shipping-taxable","14":"purchasable","15":"product-type-simple"},"_links":{"self":[{"href":"https:\/\/cabashippinginternational.com\/en\/wp-json\/wp\/v2\/product\/6528","targetHints":{"allow":["GET"]}}],"collection":[{"href":"https:\/\/cabashippinginternational.com\/en\/wp-json\/wp\/v2\/product"}],"about":[{"href":"https:\/\/cabashippinginternational.com\/en\/wp-json\/wp\/v2\/types\/product"}],"replies":[{"embeddable":true,"href":"https:\/\/cabashippinginternational.com\/en\/wp-json\/wp\/v2\/comments?post=6528"}],"wp:featuredmedia":[{"embeddable":true,"href":"https:\/\/cabashippinginternational.com\/en\/wp-json\/wp\/v2\/media\/6583"}],"wp:attachment":[{"href":"https:\/\/cabashippinginternational.com\/en\/wp-json\/wp\/v2\/media?parent=6528"}],"wp:term":[{"taxonomy":"product_brand","embeddable":true,"href":"https:\/\/cabashippinginternational.com\/en\/wp-json\/wp\/v2\/product_brand?post=6528"},{"taxonomy":"product_cat","embeddable":true,"href":"https:\/\/cabashippinginternational.com\/en\/wp-json\/wp\/v2\/product_cat?post=6528"},{"taxonomy":"product_tag","embeddable":true,"href":"https:\/\/cabashippinginternational.com\/en\/wp-json\/wp\/v2\/product_tag?post=6528"}],"curies":[{"name":"wp","href":"https:\/\/api.w.org\/{rel}","templated":true}]}}