{"id":6527,"date":"2026-01-07T15:45:22","date_gmt":"2026-01-07T15:45:22","guid":{"rendered":"https:\/\/elektronica-aanhangers-houten.nl\/?post_type=product&#038;p=6527"},"modified":"2026-02-22T08:53:23","modified_gmt":"2026-02-22T08:53:23","slug":"ceccato-olindo-fendeuse-verticale-a-tracteur-et-electrique-ceccato-bull-splet12-kombi-12-tonnes-neuf","status":"publish","type":"product","link":"https:\/\/cabashippinginternational.com\/en\/produit\/ceccato-olindo-fendeuse-verticale-a-tracteur-et-electrique-ceccato-bull-splet12-kombi-12-tonnes-neuf\/","title":{"rendered":"Ceccato Olindo-Trekker y m\u00e1quina de corte vertical el\u00e9ctrica Ceccato BULL SPLET12 KOMBI &#8211; 12 toneladas &#8211; Nueva"},"content":{"rendered":"<p>La <strong>m\u00e1quina de hendidura Kombi SPLET12 de Ceccato Olindo<\/strong> es una <strong>m\u00e1quina de hendidura vertical<\/strong> dise\u00f1ada para todos los usuarios que necesitan utilizarla de manera continua y prolongada. <strong>Un producto de alta calidad de Ceccato Olindo, fabricado en Italia, una marca hist\u00f3rica l\u00edder en el sector.<\/strong><\/p>\n<p><strong>Este modelo espec\u00edfico pertenece a las mejores m\u00e1quinas de hendidura del mercado gracias a la extraordinaria versatilidad de uso: posibilidad de activaci\u00f3n por tirador o activaci\u00f3n el\u00e9ctrica.<\/strong><\/p>\n<p>El usuario puede activar la m\u00e1quina de hendidura <strong>con el tirador o con la alimentaci\u00f3n el\u00e9ctrica.<\/strong><\/p>\n<p>La <strong>m\u00e1quina de hendidura Kombi SPLET12 de Ceccato<\/strong> tiene una fuerza de hendidura de <strong>12 toneladas<\/strong> y un <strong>chasis reforzado con tubos dobles<\/strong>, que permite hendir incluso troncos nudosos de hasta una longitud m\u00e1xima de <strong>50 cm<\/strong> y con un <strong>di\u00e1metro m\u00e1ximo de 60 cm.<\/strong><\/p>\n<p>Dispone de <strong>doble bomba de sujeci\u00f3n de 3 puntos en el motor el\u00e9ctrico y un multiplicador de bomba que est\u00e1 acoplado al toma de fuerza del tractor<\/strong> para garantizar una buena velocidad de cilindro y una fuerza de hendidura consistente. <strong>No se necesita un card\u00e1n.<\/strong><\/p>\n<p>Est\u00e1 equipada con un <strong>potente motor el\u00e9ctrico monof\u00e1sico de 3 HP<\/strong> (2,2 Kw). La <strong>m\u00e1quina de hendidura Ceccato Olindo SPLET 12<\/strong> tiene <strong>2 ruedas<\/strong> y un asa para un f\u00e1cil desplazamiento. Equipado<\/p>","protected":false},"excerpt":{"rendered":"<p>La m\u00e1quina de hendidura Kombi SPLET12 de Ceccato Olindo es una m\u00e1quina de hendidura vertical [&hellip;]<\/p>\n","protected":false},"featured_media":6582,"comment_status":"open","ping_status":"closed","template":"","meta":[],"product_brand":[],"product_cat":[127],"product_tag":[],"class_list":{"0":"post-6527","1":"product","2":"type-product","3":"status-publish","4":"has-post-thumbnail","6":"product_cat-fendeuses-a-bois","7":"product_shipping_class-livraison-gratuite","9":"first","10":"instock","11":"sale","12":"taxable","13":"shipping-taxable","14":"purchasable","15":"product-type-simple"},"_links":{"self":[{"href":"https:\/\/cabashippinginternational.com\/en\/wp-json\/wp\/v2\/product\/6527","targetHints":{"allow":["GET"]}}],"collection":[{"href":"https:\/\/cabashippinginternational.com\/en\/wp-json\/wp\/v2\/product"}],"about":[{"href":"https:\/\/cabashippinginternational.com\/en\/wp-json\/wp\/v2\/types\/product"}],"replies":[{"embeddable":true,"href":"https:\/\/cabashippinginternational.com\/en\/wp-json\/wp\/v2\/comments?post=6527"}],"wp:featuredmedia":[{"embeddable":true,"href":"https:\/\/cabashippinginternational.com\/en\/wp-json\/wp\/v2\/media\/6582"}],"wp:attachment":[{"href":"https:\/\/cabashippinginternational.com\/en\/wp-json\/wp\/v2\/media?parent=6527"}],"wp:term":[{"taxonomy":"product_brand","embeddable":true,"href":"https:\/\/cabashippinginternational.com\/en\/wp-json\/wp\/v2\/product_brand?post=6527"},{"taxonomy":"product_cat","embeddable":true,"href":"https:\/\/cabashippinginternational.com\/en\/wp-json\/wp\/v2\/product_cat?post=6527"},{"taxonomy":"product_tag","embeddable":true,"href":"https:\/\/cabashippinginternational.com\/en\/wp-json\/wp\/v2\/product_tag?post=6527"}],"curies":[{"name":"wp","href":"https:\/\/api.w.org\/{rel}","templated":true}]}}