{"id":6525,"date":"2026-01-07T15:45:21","date_gmt":"2026-01-07T15:45:21","guid":{"rendered":"https:\/\/elektronica-aanhangers-houten.nl\/?post_type=product&#038;p=6525"},"modified":"2026-02-22T08:53:39","modified_gmt":"2026-02-22T08:53:39","slug":"ceccato-olindo-fendeuse-electrique-verticale-monophasee-ceccato-bull-sple12-fdp-12-tonnes-course-540-mm-neuf","status":"publish","type":"product","link":"https:\/\/cabashippinginternational.com\/en\/produit\/ceccato-olindo-fendeuse-electrique-verticale-monophasee-ceccato-bull-sple12-fdp-12-tonnes-course-540-mm-neuf\/","title":{"rendered":"Ceccato Olindo-Electrico monof\u00e1sico vertical cortador Ceccato BULL SPLE12 FDP &#8211; 12 toneladas &#8211; caracol 540 mm-Nuevo"},"content":{"rendered":"<p>El <strong>divisor vertical el\u00e9ctrico monof\u00e1sico SPLE12 FDP de Ceccato Olindo<\/strong> es un <strong>divisor completamente fabricado en Italia<\/strong>, dise\u00f1ado para todos los usuarios que necesitan utilizarlo de manera continua y prolongada. <strong>Un producto de alta calidad de Ceccato Olindo, fabricado en Italia, un l\u00edder hist\u00f3rico de la marca en el sector.<\/strong><\/p>\n<p><strong>El cilindro exterior est\u00e1 hecho de acero de construcci\u00f3n DOMEX, mientras que la cuchilla est\u00e1 fabricada en acero endurecido.<\/strong><\/p>\n<p><strong>Este modelo espec\u00edfico es una de las mejores m\u00e1quinas de divisi\u00f3n en el mercado por su relaci\u00f3n calidad-precio<\/strong>, fabricada con los materiales de la m\u00e1s alta calidad y de acuerdo con las reglas del arte de la producci\u00f3n italiana.<\/p>\n<p>Hay 3 alturas de corte disponibles: 54 cm, 87 cm, 126 cm.<\/p>\n<p>La <strong>m\u00e1quina de dividir SPLE12 FDP Ceccato<\/strong>, con una fuerza de divisi\u00f3n de <strong>12 toneladas<\/strong> y un <strong>chasis reforzado con tubos de acero de alta resistencia<\/strong>, puede dividir troncos nudosos de hasta una <strong>altura de 126 cm<\/strong> y con un <strong>di\u00e1metro m\u00e1ximo de 60 cm.<\/strong><\/p>\n<p><strong>Equipado con un potente motor el\u00e9ctrico trif\u00e1sico de 3 HP<\/strong> (2,2 kW).<\/p>\n<p>La superficie de trabajo tiene dimensiones de: 35\u00d727 cm.<\/p>\n<p>La <strong>m\u00e1quina de dividir Ceccato Olindo SPLE12 FDP<\/strong> cuenta con <strong>2 ruedas<\/strong> y un asa para un f\u00e1cil desplazamiento. Equipado con un <strong>sistema de control de l\u00edmite ajustable autom\u00e1ticamente<\/strong> y <strong>bomba doble<\/strong> que permite un k<\/p>","protected":false},"excerpt":{"rendered":"<p>El divisor vertical el\u00e9ctrico monof\u00e1sico SPLE12 FDP de Ceccato Olindo es un divisor completamente fabricado [&hellip;]<\/p>\n","protected":false},"featured_media":6570,"comment_status":"open","ping_status":"closed","template":"","meta":[],"product_brand":[],"product_cat":[127],"product_tag":[],"class_list":{"0":"post-6525","1":"product","2":"type-product","3":"status-publish","4":"has-post-thumbnail","6":"product_cat-fendeuses-a-bois","7":"product_shipping_class-livraison-gratuite","9":"first","10":"instock","11":"sale","12":"taxable","13":"shipping-taxable","14":"purchasable","15":"product-type-simple"},"_links":{"self":[{"href":"https:\/\/cabashippinginternational.com\/en\/wp-json\/wp\/v2\/product\/6525","targetHints":{"allow":["GET"]}}],"collection":[{"href":"https:\/\/cabashippinginternational.com\/en\/wp-json\/wp\/v2\/product"}],"about":[{"href":"https:\/\/cabashippinginternational.com\/en\/wp-json\/wp\/v2\/types\/product"}],"replies":[{"embeddable":true,"href":"https:\/\/cabashippinginternational.com\/en\/wp-json\/wp\/v2\/comments?post=6525"}],"wp:featuredmedia":[{"embeddable":true,"href":"https:\/\/cabashippinginternational.com\/en\/wp-json\/wp\/v2\/media\/6570"}],"wp:attachment":[{"href":"https:\/\/cabashippinginternational.com\/en\/wp-json\/wp\/v2\/media?parent=6525"}],"wp:term":[{"taxonomy":"product_brand","embeddable":true,"href":"https:\/\/cabashippinginternational.com\/en\/wp-json\/wp\/v2\/product_brand?post=6525"},{"taxonomy":"product_cat","embeddable":true,"href":"https:\/\/cabashippinginternational.com\/en\/wp-json\/wp\/v2\/product_cat?post=6525"},{"taxonomy":"product_tag","embeddable":true,"href":"https:\/\/cabashippinginternational.com\/en\/wp-json\/wp\/v2\/product_tag?post=6525"}],"curies":[{"name":"wp","href":"https:\/\/api.w.org\/{rel}","templated":true}]}}