{"id":6518,"date":"2026-01-07T15:44:58","date_gmt":"2026-01-07T15:44:58","guid":{"rendered":"https:\/\/elektronica-aanhangers-houten.nl\/?post_type=product&#038;p=6518"},"modified":"2026-02-22T08:53:48","modified_gmt":"2026-02-22T08:53:48","slug":"ceccato-olindo-fendeuse-electrique-verticale-monophasee-ceccato-bull-sple12-12-tonnes-course-540-mm-neuf","status":"publish","type":"product","link":"https:\/\/cabashippinginternational.com\/en\/produit\/ceccato-olindo-fendeuse-electrique-verticale-monophasee-ceccato-bull-sple12-12-tonnes-course-540-mm-neuf\/","title":{"rendered":"Ceccato Olindo-Electrico monof\u00e1sico vertical cortador Ceccato BULL SPLE12 &#8211; 12 toneladas &#8211; caracol 540 mm-Nuevo"},"content":{"rendered":"<p>La <strong>m\u00e1quina de hendir SPLE12 de Ceccato Olindo<\/strong> es una <strong>m\u00e1quina de hendir vertical el\u00e9ctrica monof\u00e1sica, completamente fabricada en Italia<\/strong>, dise\u00f1ada para todos los usuarios que necesitan utilizarla de manera continua y prolongada. <strong>Un producto de alta calidad de Ceccato Olindo, fabricado en Italia, un l\u00edder hist\u00f3rico de marca en el sector.<\/strong><\/p>\n<p><strong>Este modelo espec\u00edfico pertenece a los mejores en el mercado debido a la relaci\u00f3n calidad-precio, fabricado con materiales de muy alta calidad.<\/strong><\/p>\n<p>La <strong>m\u00e1quina de hendir SPLE12 de Ceccato<\/strong> tiene una fuerza de hendidura de <strong>12 toneladas<\/strong> y un <strong>chasis reforzado con tubos dobles<\/strong>, que permite hendir incluso troncos nudosos de hasta una longitud m\u00e1xima de <strong>50 cm<\/strong> y con un <strong>di\u00e1metro m\u00e1ximo de 60 cm.<\/strong><\/p>\n<p>Est\u00e1 equipada con un <strong>potente motor el\u00e9ctrico monof\u00e1sico de 3 HP<\/strong> (2,2 Kw). La <strong>m\u00e1quina de hendir Ceccato Olindo SPLE 12<\/strong> tiene <strong>2 ruedas<\/strong> y un asa para un f\u00e1cil desplazamiento. Equipado con un <strong>sistema de control de l\u00edmite ajustable autom\u00e1ticamente<\/strong>.<br \/>\nEquipado con una <strong>bomba doble<\/strong> que garantiza una potente fuerza de hendidura y una velocidad de trabajo constante.<\/p>\n<p>Con esta m\u00e1quina de hendir el\u00e9ctrica, el trabajo de hendidura es simple y seguro: la <strong>SPLE12 est\u00e1 equipada con dispositivos de seguridad<\/strong> para proteger al usuario.<\/p>\n<p><Fuerza de hendidura:<\/strong> 12 toneladas<\/p>","protected":false},"excerpt":{"rendered":"<p>La m\u00e1quina de hendir SPLE12 de Ceccato Olindo es una m\u00e1quina de hendir vertical el\u00e9ctrica [&hellip;]<\/p>\n","protected":false},"featured_media":6569,"comment_status":"open","ping_status":"closed","template":"","meta":[],"product_brand":[],"product_cat":[127],"product_tag":[],"class_list":{"0":"post-6518","1":"product","2":"type-product","3":"status-publish","4":"has-post-thumbnail","6":"product_cat-fendeuses-a-bois","7":"product_shipping_class-livraison-gratuite","9":"first","10":"instock","11":"sale","12":"taxable","13":"shipping-taxable","14":"purchasable","15":"product-type-simple"},"_links":{"self":[{"href":"https:\/\/cabashippinginternational.com\/en\/wp-json\/wp\/v2\/product\/6518","targetHints":{"allow":["GET"]}}],"collection":[{"href":"https:\/\/cabashippinginternational.com\/en\/wp-json\/wp\/v2\/product"}],"about":[{"href":"https:\/\/cabashippinginternational.com\/en\/wp-json\/wp\/v2\/types\/product"}],"replies":[{"embeddable":true,"href":"https:\/\/cabashippinginternational.com\/en\/wp-json\/wp\/v2\/comments?post=6518"}],"wp:featuredmedia":[{"embeddable":true,"href":"https:\/\/cabashippinginternational.com\/en\/wp-json\/wp\/v2\/media\/6569"}],"wp:attachment":[{"href":"https:\/\/cabashippinginternational.com\/en\/wp-json\/wp\/v2\/media?parent=6518"}],"wp:term":[{"taxonomy":"product_brand","embeddable":true,"href":"https:\/\/cabashippinginternational.com\/en\/wp-json\/wp\/v2\/product_brand?post=6518"},{"taxonomy":"product_cat","embeddable":true,"href":"https:\/\/cabashippinginternational.com\/en\/wp-json\/wp\/v2\/product_cat?post=6518"},{"taxonomy":"product_tag","embeddable":true,"href":"https:\/\/cabashippinginternational.com\/en\/wp-json\/wp\/v2\/product_tag?post=6518"}],"curies":[{"name":"wp","href":"https:\/\/api.w.org\/{rel}","templated":true}]}}