{"id":6517,"date":"2026-01-07T15:44:58","date_gmt":"2026-01-07T15:44:58","guid":{"rendered":"https:\/\/elektronica-aanhangers-houten.nl\/?post_type=product&#038;p=6517"},"modified":"2026-02-22T08:53:55","modified_gmt":"2026-02-22T08:53:55","slug":"ceccato-olindo-fendeuse-ceccato-kombi-splet16-electrique-triphase-tracteur-16-tonnes-course-1100-mm-neuf","status":"publish","type":"product","link":"https:\/\/cabashippinginternational.com\/en\/produit\/ceccato-olindo-fendeuse-ceccato-kombi-splet16-electrique-triphase-tracteur-16-tonnes-course-1100-mm-neuf\/","title":{"rendered":"Ceccato Olindo-Finder Ceccato KOMBI SPLET16 tractor el\u00e9ctrico de corriente alterna 16 toneladas caracoles 1100 mm-Nuevo"},"content":{"rendered":"<p>Esta m\u00e1quina de corte de madera se puede operar f\u00e1cilmente con una alimentaci\u00f3n de 400V mediante un motor trif\u00e1sico de 5500W, 7,5 HP. En esta configuraci\u00f3n, el electromotor es impulsado por una potente bomba hidr\u00e1ulica que trabaja a una presi\u00f3n de 230 bar (m\u00e1x) y puede bombear 49 l\/min. El aceite se bombea desde el tanque hacia el cilindro hidr\u00e1ulico que act\u00faa como empujador. Gracias a la excepcional fuerza de corte de 16 toneladas, se pueden dividir troncos de madera de diferentes tama\u00f1os hasta una altura m\u00e1xima de 114 cm, gracias a los controles adicionales en la parte superior de la m\u00e1quina, que permiten dividir troncos muy grandes. A diferencia de la mayor\u00eda de los divisores de madera en el mercado, que tienen un marco en forma de H, el marco del divisor de madera Ceccato tiene una estructura reforzada con una placa frontal plana por donde desliza la cu\u00f1a de divisi\u00f3n. El cilindro se puede instalar para que se desplace. Este divisor de madera hace que el corte sea simple y seguro: el KOMBI SPLET16 est\u00e1 equipado con dispositivos de seguridad espec\u00edficos para proteger al operador. El KOMBI SPLET16 est\u00e1 construido con una gran cuchilla, guiada por deslizadores a lo largo de un riel de acero, que mantiene la integridad del cilindro incluso bajo el m\u00e1ximo esfuerzo. El divisor de madera est\u00e1 equipado con ruedas para un f\u00e1cil desplazamiento y un equilibrio perfecto: incluso si la m\u00e1quina pesa m\u00e1s de 300 kg, puede ser movida por una sola persona. El uso de una potente bomba hidr\u00e1ulica reduce a la mitad el tiempo de operaci\u00f3n.<\/p>","protected":false},"excerpt":{"rendered":"<p>Esta m\u00e1quina de corte de madera se puede operar f\u00e1cilmente con una alimentaci\u00f3n de 400V [&hellip;]<\/p>\n","protected":false},"featured_media":6568,"comment_status":"open","ping_status":"closed","template":"","meta":[],"product_brand":[],"product_cat":[127],"product_tag":[],"class_list":{"0":"post-6517","1":"product","2":"type-product","3":"status-publish","4":"has-post-thumbnail","6":"product_cat-fendeuses-a-bois","7":"product_shipping_class-livraison-gratuite","9":"first","10":"instock","11":"sale","12":"taxable","13":"shipping-taxable","14":"purchasable","15":"product-type-simple"},"_links":{"self":[{"href":"https:\/\/cabashippinginternational.com\/en\/wp-json\/wp\/v2\/product\/6517","targetHints":{"allow":["GET"]}}],"collection":[{"href":"https:\/\/cabashippinginternational.com\/en\/wp-json\/wp\/v2\/product"}],"about":[{"href":"https:\/\/cabashippinginternational.com\/en\/wp-json\/wp\/v2\/types\/product"}],"replies":[{"embeddable":true,"href":"https:\/\/cabashippinginternational.com\/en\/wp-json\/wp\/v2\/comments?post=6517"}],"wp:featuredmedia":[{"embeddable":true,"href":"https:\/\/cabashippinginternational.com\/en\/wp-json\/wp\/v2\/media\/6568"}],"wp:attachment":[{"href":"https:\/\/cabashippinginternational.com\/en\/wp-json\/wp\/v2\/media?parent=6517"}],"wp:term":[{"taxonomy":"product_brand","embeddable":true,"href":"https:\/\/cabashippinginternational.com\/en\/wp-json\/wp\/v2\/product_brand?post=6517"},{"taxonomy":"product_cat","embeddable":true,"href":"https:\/\/cabashippinginternational.com\/en\/wp-json\/wp\/v2\/product_cat?post=6517"},{"taxonomy":"product_tag","embeddable":true,"href":"https:\/\/cabashippinginternational.com\/en\/wp-json\/wp\/v2\/product_tag?post=6517"}],"curies":[{"name":"wp","href":"https:\/\/api.w.org\/{rel}","templated":true}]}}