{"id":6516,"date":"2026-01-07T15:44:58","date_gmt":"2026-01-07T15:44:58","guid":{"rendered":"https:\/\/elektronica-aanhangers-houten.nl\/?post_type=product&#038;p=6516"},"modified":"2026-02-22T08:54:03","modified_gmt":"2026-02-22T08:54:03","slug":"ceccato-olindo-fendeuse-a-bois-verticale-pour-tracteur-ceccato-bull-splt13-13-tonnes-course-650-mm-neuf","status":"publish","type":"product","link":"https:\/\/cabashippinginternational.com\/en\/produit\/ceccato-olindo-fendeuse-a-bois-verticale-pour-tracteur-ceccato-bull-splt13-13-tonnes-course-650-mm-neuf\/","title":{"rendered":"Ceccato Olindo-Vertical madera trituradora para tractor Ceccato BULL SPLT13 13 toneladas caracol 650 mm-Nuevo"},"content":{"rendered":"<p><strong>La m\u00e1quina de hendidura de madera Bull SPLT13<\/strong> de Ceccato Olindo es una <strong>m\u00e1quina de hendidura vertical guiada por tractor<\/strong> dise\u00f1ada para un uso intensivo.<\/p>\n<p>Est\u00e1 construida con una gran cuchilla, que es guiada por deslizadores a lo largo de un grueso riel de acero dise\u00f1ado para garantizar la integridad del cilindro de la m\u00e1quina, incluso bajo la carga m\u00e1s pesada.<\/p>\n<p>La m\u00e1quina de hendidura de madera <strong>Bull SPLT13<\/strong> funciona con un card\u00e1n, que la conecta al tractor a trav\u00e9s del toma de fuerza. Gracias a la <strong>fuerza de hendidura de 13 toneladas<\/strong> que puede producir, puede hendir troncos de madera de diferentes tama\u00f1os hasta una altura m\u00e1xima de 67 cm.<\/p>\n<p>La hendedora de madera Ceccato <strong>Bull SPLT13<\/strong>, puede <span id=\"umb123486\" class=\"hovertag\">hendir troncos hasta el suelo<\/span>, y est\u00e1 equipada con un <strong>arco de seguridad<\/strong> <strong>anti-accidente<\/strong> y un <strong>sistema de control de l\u00edmite ajustable autom\u00e1ticamente<\/strong> y <strong>todas<\/strong><strong> las medidas de seguridad<\/strong> que protegen al usuario.<\/p>\n<p><strong>La m\u00e1quina de hendidura de madera Ceccato Bull se fabrica completamente en Italia<\/strong>.<\/p>\n<p><span id=\"umb123403\" class=\"hovertag\">Esta m\u00e1quina forma parte de la gama de m\u00e1quinas de hendidura de madera Ceccato Olindo Bull<\/span>.<\/p>\n<div class=\"tab-header\">La hendedora de madera est\u00e1 hecha de <strong>placas de acero<\/strong> <strong>esmaltadas<\/strong> de alta resistencia que juntas forman una <strong>estructura fuerte<\/strong>. A diferencia de la mayor\u00eda de las hendedoras de madera en d<\/p>","protected":false},"excerpt":{"rendered":"<p>La m\u00e1quina de hendidura de madera Bull SPLT13 de Ceccato Olindo es una m\u00e1quina de [&hellip;]<\/p>\n","protected":false},"featured_media":6567,"comment_status":"open","ping_status":"closed","template":"","meta":[],"product_brand":[],"product_cat":[127],"product_tag":[],"class_list":{"0":"post-6516","1":"product","2":"type-product","3":"status-publish","4":"has-post-thumbnail","6":"product_cat-fendeuses-a-bois","7":"product_shipping_class-livraison-gratuite","9":"first","10":"instock","11":"sale","12":"taxable","13":"shipping-taxable","14":"purchasable","15":"product-type-simple"},"_links":{"self":[{"href":"https:\/\/cabashippinginternational.com\/en\/wp-json\/wp\/v2\/product\/6516","targetHints":{"allow":["GET"]}}],"collection":[{"href":"https:\/\/cabashippinginternational.com\/en\/wp-json\/wp\/v2\/product"}],"about":[{"href":"https:\/\/cabashippinginternational.com\/en\/wp-json\/wp\/v2\/types\/product"}],"replies":[{"embeddable":true,"href":"https:\/\/cabashippinginternational.com\/en\/wp-json\/wp\/v2\/comments?post=6516"}],"wp:featuredmedia":[{"embeddable":true,"href":"https:\/\/cabashippinginternational.com\/en\/wp-json\/wp\/v2\/media\/6567"}],"wp:attachment":[{"href":"https:\/\/cabashippinginternational.com\/en\/wp-json\/wp\/v2\/media?parent=6516"}],"wp:term":[{"taxonomy":"product_brand","embeddable":true,"href":"https:\/\/cabashippinginternational.com\/en\/wp-json\/wp\/v2\/product_brand?post=6516"},{"taxonomy":"product_cat","embeddable":true,"href":"https:\/\/cabashippinginternational.com\/en\/wp-json\/wp\/v2\/product_cat?post=6516"},{"taxonomy":"product_tag","embeddable":true,"href":"https:\/\/cabashippinginternational.com\/en\/wp-json\/wp\/v2\/product_tag?post=6516"}],"curies":[{"name":"wp","href":"https:\/\/api.w.org\/{rel}","templated":true}]}}