{"id":6515,"date":"2026-01-07T15:44:58","date_gmt":"2026-01-07T15:44:58","guid":{"rendered":"https:\/\/elektronica-aanhangers-houten.nl\/?post_type=product&#038;p=6515"},"modified":"2026-02-22T08:54:11","modified_gmt":"2026-02-22T08:54:11","slug":"ceccato-olindo-fendeuse-a-bois-verticale-electrique-triphasee-bull-sple13t-650-13-tonnes-course-650-mm-neuf","status":"publish","type":"product","link":"https:\/\/cabashippinginternational.com\/en\/produit\/ceccato-olindo-fendeuse-a-bois-verticale-electrique-triphasee-bull-sple13t-650-13-tonnes-course-650-mm-neuf\/","title":{"rendered":"Ceccato Olindo-BULL SPLE13T-650 divisor de madera el\u00e9ctrico vertical trif\u00e1sico 13 toneladas, longitud 650 mm-Nuevo"},"content":{"rendered":"<p><strong>La m\u00e1quina de partir madera Bull SPLE13T-650<\/strong> de Ceccato Olindo es una <strong>m\u00e1quina de partir madera vertical<\/strong> profesional trif\u00e1sica dise\u00f1ada para un uso intensivo. Equipado con una gran cuchilla que es guiada por deslizadores a lo largo de un grueso riel de acero.<\/p>\n<p>La <strong>m\u00e1quina de partir madera Bull SPLE13T-650<\/strong> es <strong>controlada por electricidad<\/strong> y utiliza un motor <strong>el\u00e9ctrico<\/strong> de 4 HP <strong>trif\u00e1sico<\/strong>. Gracias a la fuerza de partida de no menos de <strong>13 toneladas que puede producir<\/strong>, puede partir troncos de madera de diferentes tama\u00f1os hasta una altura de 67 cm.<\/p>\n<p>La <strong>m\u00e1quina de partir madera Ceccato Bull SPLE13T-650<\/strong> puede <span id=\"umb124786\" class=\"hovertag\">partir troncos hasta el suelo<\/span>, y est\u00e1 equipada con un <strong>arco de seguridad<\/strong> <strong>contra accidentes<\/strong> y un <strong>sistema de regulaci\u00f3n autom\u00e1tico ajustable al final de la carrera<\/strong> y <strong>todas<\/strong><strong> las medidas de seguridad<\/strong> que protegen al usuario.<\/p>\n<p>Esta m\u00e1quina de partir madera puede ser operada con el <strong>motor de corriente trif\u00e1sica de 4 HP 400 V con una potencia de 3 Kw.<\/strong><\/p>\n<p><span id=\"umb124699\" class=\"hovertag\">El motor el\u00e9ctrico asegura el funcionamiento de una potente bomba hidr\u00e1ulica doble<\/span> que opera a una presi\u00f3n de 190 bar (m\u00e1x) y puede bombear 19 l\/min, y que suministra aceite, bombeado del tanque, al cilindro hidr\u00e1ulico que act\u00faa como empujador.<\/p>\n<p>El cuerpo de la m\u00e1quina<\/p>","protected":false},"excerpt":{"rendered":"<p>La m\u00e1quina de partir madera Bull SPLE13T-650 de Ceccato Olindo es una m\u00e1quina de partir [&hellip;]<\/p>\n","protected":false},"featured_media":6566,"comment_status":"open","ping_status":"closed","template":"","meta":[],"product_brand":[],"product_cat":[127],"product_tag":[],"class_list":{"0":"post-6515","1":"product","2":"type-product","3":"status-publish","4":"has-post-thumbnail","6":"product_cat-fendeuses-a-bois","7":"product_shipping_class-livraison-gratuite","9":"first","10":"instock","11":"sale","12":"taxable","13":"shipping-taxable","14":"purchasable","15":"product-type-simple"},"_links":{"self":[{"href":"https:\/\/cabashippinginternational.com\/en\/wp-json\/wp\/v2\/product\/6515","targetHints":{"allow":["GET"]}}],"collection":[{"href":"https:\/\/cabashippinginternational.com\/en\/wp-json\/wp\/v2\/product"}],"about":[{"href":"https:\/\/cabashippinginternational.com\/en\/wp-json\/wp\/v2\/types\/product"}],"replies":[{"embeddable":true,"href":"https:\/\/cabashippinginternational.com\/en\/wp-json\/wp\/v2\/comments?post=6515"}],"wp:featuredmedia":[{"embeddable":true,"href":"https:\/\/cabashippinginternational.com\/en\/wp-json\/wp\/v2\/media\/6566"}],"wp:attachment":[{"href":"https:\/\/cabashippinginternational.com\/en\/wp-json\/wp\/v2\/media?parent=6515"}],"wp:term":[{"taxonomy":"product_brand","embeddable":true,"href":"https:\/\/cabashippinginternational.com\/en\/wp-json\/wp\/v2\/product_brand?post=6515"},{"taxonomy":"product_cat","embeddable":true,"href":"https:\/\/cabashippinginternational.com\/en\/wp-json\/wp\/v2\/product_cat?post=6515"},{"taxonomy":"product_tag","embeddable":true,"href":"https:\/\/cabashippinginternational.com\/en\/wp-json\/wp\/v2\/product_tag?post=6515"}],"curies":[{"name":"wp","href":"https:\/\/api.w.org\/{rel}","templated":true}]}}