{"id":6514,"date":"2026-01-07T15:44:58","date_gmt":"2026-01-07T15:44:58","guid":{"rendered":"https:\/\/elektronica-aanhangers-houten.nl\/?post_type=product&#038;p=6514"},"modified":"2026-02-22T08:54:18","modified_gmt":"2026-02-22T08:54:18","slug":"ceccato-olindo-fendeuse-a-bois-verticale-electrique-triphase-ceccato-bull-sple16-16-tonnes-course-1100-mm-neuf-2","status":"publish","type":"product","link":"https:\/\/cabashippinginternational.com\/en\/produit\/ceccato-olindo-fendeuse-a-bois-verticale-electrique-triphase-ceccato-bull-sple16-16-tonnes-course-1100-mm-neuf-2\/","title":{"rendered":"Ceccato Olindo-Electrico trif\u00e1sico vertical cortador de madera Ceccato BULL SPLE16 16 toneladas caracol 1100 mm-Nuevo"},"content":{"rendered":"<p>La SPLE16 est\u00e1 construida con una gran hoja que es guiada por deslizadores a lo largo de una pesada gu\u00eda de acero que, incluso bajo carga m\u00e1xima, protege la integridad del cilindro. Con una excepcional fuerza de hendidura de 16 toneladas, puede partir troncos le\u00f1osos de cualquier tama\u00f1o hasta una altura m\u00e1xima de 114 cm, gracias a los controles adicionales en la parte superior de la m\u00e1quina que permiten partir troncos muy grandes. Con este partidor de madera, partir es simple y seguro: la SPLE16 est\u00e1 equipada con dispositivos de seguridad espec\u00edficos para proteger al operador.<br \/>\nLa m\u00e1quina partidora de madera Bull SPLE16 de Ceccato Olindo es una m\u00e1quina de hendidura vertical profesional dise\u00f1ada especialmente para profesionales. Tambi\u00e9n est\u00e1 equipada con una bomba oleodin\u00e1mica, conectada al reductor card\u00e1nico, que garantiza una potente fuerza de hendidura y una alta velocidad de ejecuci\u00f3n. Funciona con corriente trif\u00e1sica de 400V, con un motor el\u00e9ctrico de inducci\u00f3n trif\u00e1sico de 7,5 HP.  <\/p>\n<p>A diferencia de los mejores partidores de madera en el mercado, que tienen un marco con travesa\u00f1os en \u00abH\u00bb, el marco del partidor de madera Ceccato tiene una estructura robusta, con un panel frontal delgado donde se apoya la mesa.<br \/>\nEl partidor de madera est\u00e1 hecho de una serie de placas met\u00e1licas est\u00e1ndar que forman juntas un marco con una estructura muy resistente. Esta placa deslizante est\u00e1 hecha de acero endurecido muy fuerte, que es m\u00e1s duro que el acero utilizado para la estructura del marco. El partidor de madera est\u00e1 equipado con ruedas para un f\u00e1cil<\/p>","protected":false},"excerpt":{"rendered":"<p>La SPLE16 est\u00e1 construida con una gran hoja que es guiada por deslizadores a lo [&hellip;]<\/p>\n","protected":false},"featured_media":6565,"comment_status":"open","ping_status":"closed","template":"","meta":[],"product_brand":[],"product_cat":[127],"product_tag":[],"class_list":{"0":"post-6514","1":"product","2":"type-product","3":"status-publish","4":"has-post-thumbnail","6":"product_cat-fendeuses-a-bois","7":"product_shipping_class-livraison-gratuite","9":"first","10":"instock","11":"sale","12":"taxable","13":"shipping-taxable","14":"purchasable","15":"product-type-simple"},"_links":{"self":[{"href":"https:\/\/cabashippinginternational.com\/en\/wp-json\/wp\/v2\/product\/6514","targetHints":{"allow":["GET"]}}],"collection":[{"href":"https:\/\/cabashippinginternational.com\/en\/wp-json\/wp\/v2\/product"}],"about":[{"href":"https:\/\/cabashippinginternational.com\/en\/wp-json\/wp\/v2\/types\/product"}],"replies":[{"embeddable":true,"href":"https:\/\/cabashippinginternational.com\/en\/wp-json\/wp\/v2\/comments?post=6514"}],"wp:featuredmedia":[{"embeddable":true,"href":"https:\/\/cabashippinginternational.com\/en\/wp-json\/wp\/v2\/media\/6565"}],"wp:attachment":[{"href":"https:\/\/cabashippinginternational.com\/en\/wp-json\/wp\/v2\/media?parent=6514"}],"wp:term":[{"taxonomy":"product_brand","embeddable":true,"href":"https:\/\/cabashippinginternational.com\/en\/wp-json\/wp\/v2\/product_brand?post=6514"},{"taxonomy":"product_cat","embeddable":true,"href":"https:\/\/cabashippinginternational.com\/en\/wp-json\/wp\/v2\/product_cat?post=6514"},{"taxonomy":"product_tag","embeddable":true,"href":"https:\/\/cabashippinginternational.com\/en\/wp-json\/wp\/v2\/product_tag?post=6514"}],"curies":[{"name":"wp","href":"https:\/\/api.w.org\/{rel}","templated":true}]}}