{"id":6511,"date":"2026-01-07T15:44:57","date_gmt":"2026-01-07T15:44:57","guid":{"rendered":"https:\/\/elektronica-aanhangers-houten.nl\/?post_type=product&#038;p=6511"},"modified":"2026-02-22T08:54:40","modified_gmt":"2026-02-22T08:54:40","slug":"ceccato-olindo-fendeuse-a-bois-verticale-electrique-ceccato-bull-sple13r4-13-tonnes-course-500-mm-neu","status":"publish","type":"product","link":"https:\/\/cabashippinginternational.com\/en\/produit\/ceccato-olindo-fendeuse-a-bois-verticale-electrique-ceccato-bull-sple13r4-13-tonnes-course-500-mm-neu\/","title":{"rendered":"Ceccato Olindo-Electrica vertical trituradora de madera Ceccato Bull SPLE13R4 13 toneladas 500 mm-Nuevo"},"content":{"rendered":"<p><strong>La m\u00e1quina de partir madera Bull SPLE13R4<\/strong> de Ceccato Olindo es una <strong>m\u00e1quina de partir madera vertical<\/strong> dise\u00f1ada para un uso intensivo, destinada a profesionales y a aficionados particularmente exigentes.<\/p>\n<p>Est\u00e1 construida con una gran cuchilla, guiada por deslizadores a lo largo de una pista de acero, que protege la integridad del cilindro incluso bajo el m\u00e1ximo esfuerzo.<\/p>\n<p>La <strong>m\u00e1quina de partir madera Bull SPLE13R4 se activa mediante corriente el\u00e9ctrica<\/strong>, utilizando un <strong>motor el\u00e9ctrico<\/strong> monof\u00e1sico de 3 HP.<\/p>\n<p>Con una fuerza de partida de no menos de <strong>13 toneladas<\/strong>, puede partir troncos le\u00f1osos de diferentes tama\u00f1os hasta una altura de 52 cm.<\/p>\n<p>Tambi\u00e9n est\u00e1 equipada con una <strong>doble bomba<\/strong> en el motor el\u00e9ctrico, que garantiza una potente fuerza de partida y alta velocidad de ejecuci\u00f3n.<\/p>\n<p>Cuenta con un <strong>arco de seguridad<\/strong> y un <strong>sistema de regulaci\u00f3n autom\u00e1tica ajustable al final de la carrera<\/strong>. El pist\u00f3n es <span id=\"umb108418\" class=\"hovertag\">plegable<\/span> para almacenamiento y limita la altura cuando est\u00e1 plegado.<strong><br \/>\n<\/strong> <\/strong><\/p>\n<p>Con esta m\u00e1quina de partir madera profesional, partir es simple y seguro. <strong>Tambi\u00e9n cuenta con dispositivos de seguridad espec\u00edficos<\/strong> para proteger al usuario.<\/p>\n<p><La m\u00e1quina de partir madera Ceccato Bull se fabrica completamente en Italia<\/strong>.<\/p>\n<p><span id=\"umb108348\" class=\"hovertag\">Esta m\u00e1quina hace<\/p>","protected":false},"excerpt":{"rendered":"<p>La m\u00e1quina de partir madera Bull SPLE13R4 de Ceccato Olindo es una m\u00e1quina de partir [&hellip;]<\/p>\n","protected":false},"featured_media":6562,"comment_status":"open","ping_status":"closed","template":"","meta":[],"product_brand":[],"product_cat":[127],"product_tag":[],"class_list":{"0":"post-6511","1":"product","2":"type-product","3":"status-publish","4":"has-post-thumbnail","6":"product_cat-fendeuses-a-bois","7":"product_shipping_class-livraison-gratuite","9":"first","10":"instock","11":"sale","12":"taxable","13":"shipping-taxable","14":"purchasable","15":"product-type-simple"},"_links":{"self":[{"href":"https:\/\/cabashippinginternational.com\/en\/wp-json\/wp\/v2\/product\/6511","targetHints":{"allow":["GET"]}}],"collection":[{"href":"https:\/\/cabashippinginternational.com\/en\/wp-json\/wp\/v2\/product"}],"about":[{"href":"https:\/\/cabashippinginternational.com\/en\/wp-json\/wp\/v2\/types\/product"}],"replies":[{"embeddable":true,"href":"https:\/\/cabashippinginternational.com\/en\/wp-json\/wp\/v2\/comments?post=6511"}],"wp:featuredmedia":[{"embeddable":true,"href":"https:\/\/cabashippinginternational.com\/en\/wp-json\/wp\/v2\/media\/6562"}],"wp:attachment":[{"href":"https:\/\/cabashippinginternational.com\/en\/wp-json\/wp\/v2\/media?parent=6511"}],"wp:term":[{"taxonomy":"product_brand","embeddable":true,"href":"https:\/\/cabashippinginternational.com\/en\/wp-json\/wp\/v2\/product_brand?post=6511"},{"taxonomy":"product_cat","embeddable":true,"href":"https:\/\/cabashippinginternational.com\/en\/wp-json\/wp\/v2\/product_cat?post=6511"},{"taxonomy":"product_tag","embeddable":true,"href":"https:\/\/cabashippinginternational.com\/en\/wp-json\/wp\/v2\/product_tag?post=6511"}],"curies":[{"name":"wp","href":"https:\/\/api.w.org\/{rel}","templated":true}]}}