{"id":6502,"date":"2026-01-07T15:44:36","date_gmt":"2026-01-07T15:44:36","guid":{"rendered":"https:\/\/elektronica-aanhangers-houten.nl\/?post_type=product&#038;p=6502"},"modified":"2026-02-22T08:54:49","modified_gmt":"2026-02-22T08:54:49","slug":"ceccato-olindo-fendeuse-a-bois-verticale-electrique-ceccato-bull-sple-13-650tc-13-tonnes-course-650-mm-neuf","status":"publish","type":"product","link":"https:\/\/cabashippinginternational.com\/en\/produit\/ceccato-olindo-fendeuse-a-bois-verticale-electrique-ceccato-bull-sple-13-650tc-13-tonnes-course-650-mm-neuf\/","title":{"rendered":"Ceccato Olindo-Electrico vertical cortadora de madera Ceccato BULL SPLE 13-650TC 13 toneladas 650 mm-Nuevo"},"content":{"rendered":"<p><strong>La m\u00e1quina de partir madera Bull SPLE13-650TC<\/strong> de Ceccato Olindo es una <strong>m\u00e1quina de partir madera vertical<\/strong> dise\u00f1ada para un uso intensivo, ya que est\u00e1 equipada con una gran cuchilla, guiada por deslizadores a lo largo de un robusto riel de acero, que protege la integridad del cilindro de la m\u00e1quina incluso bajo la mayor presi\u00f3n.<\/p>\n<p>La <strong>m\u00e1quina de partir madera Bull SPLE13-650TC<\/strong> es <strong>controlada por electricidad<\/strong> y utiliza un <strong>motor el\u00e9ctrico<\/strong> monof\u00e1sico de 3 HP. Gracias a su fuerza de partida de no menos de <strong>13 toneladas que logra generar<\/strong>, es capaz de partir troncos de madera de diferentes tama\u00f1os hasta una altura de 67 cm.<\/p>\n<p>La m\u00e1quina de partir madera Ceccato <strong>Bull SPLE13-650TC<\/strong> puede <span id=\"umb117067\" class=\"hovertag\">partir troncos hasta el suelo<\/span>, y est\u00e1 equipada con un <strong>arco de seguridad<\/strong> <strong>anti-accidente<\/strong> y un <strong>sistema de control de l\u00edmite ajustable autom\u00e1ticamente<\/strong> y <strong>todas<\/strong> <strong>las medidas de seguridad<\/strong> que protegen al usuario.<\/p>\n<p><strong>La m\u00e1quina de partir madera Ceccato Bull est\u00e1 completamente fabricada en Italia<\/strong>.<\/p>\n<p><span id=\"umb116976\" class=\"hovertag\">Esta m\u00e1quina forma parte de la gama de m\u00e1quinas de partir madera Bull de Ceccato Olindo.<\/span><\/p>\n<p>Esta m\u00e1quina de partir madera se puede utilizar en la <strong>red el\u00e9ctrica dom\u00e9stica<\/strong> utilizando un <strong>motor monof\u00e1sico de 3 HP 230 V con una potencia de 2,2<\/strong><\/p>","protected":false},"excerpt":{"rendered":"<p>La m\u00e1quina de partir madera Bull SPLE13-650TC de Ceccato Olindo es una m\u00e1quina de partir [&hellip;]<\/p>\n","protected":false},"featured_media":6553,"comment_status":"open","ping_status":"closed","template":"","meta":[],"product_brand":[],"product_cat":[127],"product_tag":[],"class_list":{"0":"post-6502","1":"product","2":"type-product","3":"status-publish","4":"has-post-thumbnail","6":"product_cat-fendeuses-a-bois","7":"product_shipping_class-livraison-gratuite","9":"first","10":"instock","11":"sale","12":"taxable","13":"shipping-taxable","14":"purchasable","15":"product-type-simple"},"_links":{"self":[{"href":"https:\/\/cabashippinginternational.com\/en\/wp-json\/wp\/v2\/product\/6502","targetHints":{"allow":["GET"]}}],"collection":[{"href":"https:\/\/cabashippinginternational.com\/en\/wp-json\/wp\/v2\/product"}],"about":[{"href":"https:\/\/cabashippinginternational.com\/en\/wp-json\/wp\/v2\/types\/product"}],"replies":[{"embeddable":true,"href":"https:\/\/cabashippinginternational.com\/en\/wp-json\/wp\/v2\/comments?post=6502"}],"wp:featuredmedia":[{"embeddable":true,"href":"https:\/\/cabashippinginternational.com\/en\/wp-json\/wp\/v2\/media\/6553"}],"wp:attachment":[{"href":"https:\/\/cabashippinginternational.com\/en\/wp-json\/wp\/v2\/media?parent=6502"}],"wp:term":[{"taxonomy":"product_brand","embeddable":true,"href":"https:\/\/cabashippinginternational.com\/en\/wp-json\/wp\/v2\/product_brand?post=6502"},{"taxonomy":"product_cat","embeddable":true,"href":"https:\/\/cabashippinginternational.com\/en\/wp-json\/wp\/v2\/product_cat?post=6502"},{"taxonomy":"product_tag","embeddable":true,"href":"https:\/\/cabashippinginternational.com\/en\/wp-json\/wp\/v2\/product_tag?post=6502"}],"curies":[{"name":"wp","href":"https:\/\/api.w.org\/{rel}","templated":true}]}}