{"id":6500,"date":"2026-01-07T15:44:36","date_gmt":"2026-01-07T15:44:36","guid":{"rendered":"https:\/\/elektronica-aanhangers-houten.nl\/?post_type=product&#038;p=6500"},"modified":"2026-02-22T08:55:02","modified_gmt":"2026-02-22T08:55:02","slug":"ceccato-olindo-fendeuse-a-bois-verticale-a-tracteur-ceccato-bull-splt16-16-tonnes-course-1100-mm-neuf","status":"publish","type":"product","link":"https:\/\/cabashippinginternational.com\/en\/produit\/ceccato-olindo-fendeuse-a-bois-verticale-a-tracteur-ceccato-bull-splt16-16-tonnes-course-1100-mm-neuf\/","title":{"rendered":"Ceccato Olindo-Verticale le\u00f1adora con remolque Ceccato BULL SPLT16 16 toneladas 1100 mm-Nuevo"},"content":{"rendered":"<p>La m\u00e1quina de partir madera Bull SPLT16 de Ceccato Olindo es una <strong>m\u00e1quina de partir vertical guiada por tractor<\/strong> que ha sido dise\u00f1ada especialmente para profesionales, ya que est\u00e1 construida con una gran cuchilla que es guiada por deslizadores a lo largo de un grueso riel de acero dise\u00f1ado para garantizar la integridad del cilindro de la m\u00e1quina, incluso bajo la carga m\u00e1s pesada.<\/p>\n<p>La m\u00e1quina de partir Bull SPLT16 es impulsada por <strong>card\u00e1n<\/strong> al conectarla a la toma de fuerza del tractor.<\/p>\n<p>Gracias a su excepcional fuerza de partida de <strong>16 toneladas<\/strong>, puede partir troncos le\u00f1osos de diferentes tama\u00f1os hasta una altura m\u00e1xima de 114 cm, gracias a los controles adicionales en la parte superior de la m\u00e1quina, que permiten partir troncos muy grandes.<\/p>\n<p>La m\u00e1quina tambi\u00e9n est\u00e1 equipada con una bomba de alto caudal en la caja de engranajes para acoplamientos universales, lo que garantiza una potente fuerza de partida y alta velocidad de trabajo.<\/p>\n<p>Est\u00e1 equipada con un <strong>arco de seguridad<\/strong> y un <strong>sistema de control ajustable autom\u00e1ticamente al final de la carrera.<\/strong> El \u00e9mbolo es <span id=\"umb124244\" class=\"hovertag\">plegable<\/span> para <strong>almacenamiento<\/strong>.<\/p>\n<p>Con esta m\u00e1quina profesional de partir madera, partir es simple y seguro: el <strong>SPLT16 est\u00e1 equipado con dispositivos de seguridad espec\u00edficos<\/strong> para proteger al usuario.<\/p>\n<p><La m\u00e1quina de partir madera Ceccato Bull se entrega completa.\n<\/p>","protected":false},"excerpt":{"rendered":"<p>La m\u00e1quina de partir madera Bull SPLT16 de Ceccato Olindo es una m\u00e1quina de partir [&hellip;]<\/p>\n","protected":false},"featured_media":6551,"comment_status":"open","ping_status":"closed","template":"","meta":[],"product_brand":[],"product_cat":[127],"product_tag":[],"class_list":{"0":"post-6500","1":"product","2":"type-product","3":"status-publish","4":"has-post-thumbnail","6":"product_cat-fendeuses-a-bois","7":"product_shipping_class-livraison-gratuite","9":"first","10":"instock","11":"sale","12":"taxable","13":"shipping-taxable","14":"purchasable","15":"product-type-simple"},"_links":{"self":[{"href":"https:\/\/cabashippinginternational.com\/en\/wp-json\/wp\/v2\/product\/6500","targetHints":{"allow":["GET"]}}],"collection":[{"href":"https:\/\/cabashippinginternational.com\/en\/wp-json\/wp\/v2\/product"}],"about":[{"href":"https:\/\/cabashippinginternational.com\/en\/wp-json\/wp\/v2\/types\/product"}],"replies":[{"embeddable":true,"href":"https:\/\/cabashippinginternational.com\/en\/wp-json\/wp\/v2\/comments?post=6500"}],"wp:featuredmedia":[{"embeddable":true,"href":"https:\/\/cabashippinginternational.com\/en\/wp-json\/wp\/v2\/media\/6551"}],"wp:attachment":[{"href":"https:\/\/cabashippinginternational.com\/en\/wp-json\/wp\/v2\/media?parent=6500"}],"wp:term":[{"taxonomy":"product_brand","embeddable":true,"href":"https:\/\/cabashippinginternational.com\/en\/wp-json\/wp\/v2\/product_brand?post=6500"},{"taxonomy":"product_cat","embeddable":true,"href":"https:\/\/cabashippinginternational.com\/en\/wp-json\/wp\/v2\/product_cat?post=6500"},{"taxonomy":"product_tag","embeddable":true,"href":"https:\/\/cabashippinginternational.com\/en\/wp-json\/wp\/v2\/product_tag?post=6500"}],"curies":[{"name":"wp","href":"https:\/\/api.w.org\/{rel}","templated":true}]}}