{"id":6497,"date":"2026-01-07T15:44:35","date_gmt":"2026-01-07T15:44:35","guid":{"rendered":"https:\/\/elektronica-aanhangers-houten.nl\/?post_type=product&#038;p=6497"},"modified":"2026-02-22T08:55:23","modified_gmt":"2026-02-22T08:55:23","slug":"ceccato-olindo-fendeuse-a-bois-ceccato-kombi-splet13-a-tracteur-moteur-electrique-13-t-course-1100-neuf","status":"publish","type":"product","link":"https:\/\/cabashippinginternational.com\/en\/produit\/ceccato-olindo-fendeuse-a-bois-ceccato-kombi-splet13-a-tracteur-moteur-electrique-13-t-course-1100-neuf\/","title":{"rendered":"Ceccato Olindo-m\u00e1quina de desbaste Ceccato KOMBI SPLET13 con motor de tractor el\u00e9ctrico 13 T caracol 1100-Nuevo"},"content":{"rendered":"<p>La m\u00e1quina de hendidura de madera Bull SPLET13 de Ceccato Olindo es una <strong>m\u00e1quina de hendidura combinada vertical<\/strong> principalmente dise\u00f1ada para profesionales y est\u00e1 construida con una hoja muy grande, guiada por deslizadores a lo largo del carro, que mantiene la integridad del cilindro incluso bajo la mayor tensi\u00f3n. Puede funcionar tanto de manera <strong>cardan<\/strong> al conectarse al tractor a trav\u00e9s del toma de fuerza del tractor, como el\u00e9ctricamente utilizando el <strong>motor el\u00e9ctrico<\/strong> monof\u00e1sico de 3 hp.<\/p>\n<p>Con una fuerza de hendidura de no menos de 13 toneladas, puede hendir troncos le\u00f1osos de diferentes tama\u00f1os hasta una altura m\u00e1xima de 114 cm gracias a los controles adicionales en la parte superior de la m\u00e1quina, que permiten hendir troncos muy grandes.<\/p>\n<p>Adem\u00e1s, la m\u00e1quina est\u00e1 equipada con una <strong>doble bomba<\/strong> en el motor el\u00e9ctrico y una bomba de alto caudal en la caja de engranajes para la transmisi\u00f3n cardan que garantiza una alta fuerza de hendidura y velocidad de hendidura.<\/p>\n<p>Est\u00e1 equipada con un <strong>arco de seguridad<\/strong> y un <strong>sistema de regulaci\u00f3n autom\u00e1tico ajustable al final de la carrera.<\/strong> El pist\u00f3n es <span id=\"umb101802\" class=\"hovertag\">plegable<\/span> para almacenamiento<strong>.<\/strong><\/p>\n<p>Con esta m\u00e1quina profesional de hendidura de madera, cortar es simple y seguro: el <strong>SPLET13 tiene funciones de seguridad<\/strong> para proteger al usuario.<\/p>\n<p>En esta configuraci\u00f3n, el motor el\u00e9ctrico opera con fuerza.<\/p>","protected":false},"excerpt":{"rendered":"<p>La m\u00e1quina de hendidura de madera Bull SPLET13 de Ceccato Olindo es una m\u00e1quina de [&hellip;]<\/p>\n","protected":false},"featured_media":6548,"comment_status":"open","ping_status":"closed","template":"","meta":[],"product_brand":[],"product_cat":[127],"product_tag":[],"class_list":{"0":"post-6497","1":"product","2":"type-product","3":"status-publish","4":"has-post-thumbnail","6":"product_cat-fendeuses-a-bois","7":"product_shipping_class-livraison-gratuite","9":"first","10":"instock","11":"sale","12":"taxable","13":"shipping-taxable","14":"purchasable","15":"product-type-simple"},"_links":{"self":[{"href":"https:\/\/cabashippinginternational.com\/en\/wp-json\/wp\/v2\/product\/6497","targetHints":{"allow":["GET"]}}],"collection":[{"href":"https:\/\/cabashippinginternational.com\/en\/wp-json\/wp\/v2\/product"}],"about":[{"href":"https:\/\/cabashippinginternational.com\/en\/wp-json\/wp\/v2\/types\/product"}],"replies":[{"embeddable":true,"href":"https:\/\/cabashippinginternational.com\/en\/wp-json\/wp\/v2\/comments?post=6497"}],"wp:featuredmedia":[{"embeddable":true,"href":"https:\/\/cabashippinginternational.com\/en\/wp-json\/wp\/v2\/media\/6548"}],"wp:attachment":[{"href":"https:\/\/cabashippinginternational.com\/en\/wp-json\/wp\/v2\/media?parent=6497"}],"wp:term":[{"taxonomy":"product_brand","embeddable":true,"href":"https:\/\/cabashippinginternational.com\/en\/wp-json\/wp\/v2\/product_brand?post=6497"},{"taxonomy":"product_cat","embeddable":true,"href":"https:\/\/cabashippinginternational.com\/en\/wp-json\/wp\/v2\/product_cat?post=6497"},{"taxonomy":"product_tag","embeddable":true,"href":"https:\/\/cabashippinginternational.com\/en\/wp-json\/wp\/v2\/product_tag?post=6497"}],"curies":[{"name":"wp","href":"https:\/\/api.w.org\/{rel}","templated":true}]}}