{"id":6496,"date":"2026-01-07T15:44:35","date_gmt":"2026-01-07T15:44:35","guid":{"rendered":"https:\/\/elektronica-aanhangers-houten.nl\/?post_type=product&#038;p=6496"},"modified":"2026-02-22T08:55:29","modified_gmt":"2026-02-22T08:55:29","slug":"bullmach-fendeuse-verticale-electrique-bullmach-bm-ls-e-18-v-18-tonnes-neuf","status":"publish","type":"product","link":"https:\/\/cabashippinginternational.com\/en\/produit\/bullmach-fendeuse-verticale-electrique-bullmach-bm-ls-e-18-v-18-tonnes-neuf\/","title":{"rendered":"BullMach BM-LS-E 18 V &#8211; 18 toneladas cortadora de madera vertical el\u00e9ctrica &#8211; Nuevo"},"content":{"rendered":"<p><strong>La m\u00e1quina de hendidura de madera BullMach BM-LS- E 18V<\/strong> es una<strong> m\u00e1quina de hendidura de madera vertical<\/strong> dise\u00f1ada para uso semi-profesional. Funciona con electricidad gracias a un motor el\u00e9ctrico monof\u00e1sico.<\/p>\n<p>La cu\u00f1a, con una fuerza de<strong> 18 toneladas,<\/strong> puede dividir troncos de hasta 110 cm de largo colocando el tronco en la base. El di\u00e1metro de los troncos a dividir var\u00eda de 8 cm a 30 cm.<\/p>\n<p>Gracias a las ruedas, la hendidora de madera se puede mover sin problemas.<\/p>\n<p>Fuerza de hendidura: <strong>18 toneladas<\/strong>.<\/p>\n<p>Dimensiones: <strong>L 140 cm x An 100 cm Altura 250 cm<\/strong>.<\/p>\n<p>Peso: <strong>257 Kg<\/strong>.<\/p>\n<p><span id=\"umb1149706\" class=\"hovertag\">Motor el\u00e9ctrico<\/span> de<strong> 3000W 230V<\/strong> que garantiza una buena fuerza de hendidura de<strong> 18 toneladas<\/strong>.<\/p>\n<p>El tanque de aceite se encuentra en la parte inferior de la m\u00e1quina, <span id=\"umb1150598\" class=\"hovertag\">detalle de la tapa<\/span> que debe ser desenroscada durante el uso para asegurar que el aire salga del sistema durante el uso.<\/p>\n<p>La base de la m\u00e1quina tambi\u00e9n sirve como tanque de aceite, con una capacidad de 18 litros.<\/p>","protected":false},"excerpt":{"rendered":"<p>La m\u00e1quina de hendidura de madera BullMach BM-LS- E 18V es una m\u00e1quina de hendidura [&hellip;]<\/p>\n","protected":false},"featured_media":6547,"comment_status":"open","ping_status":"closed","template":"","meta":[],"product_brand":[],"product_cat":[127],"product_tag":[],"class_list":{"0":"post-6496","1":"product","2":"type-product","3":"status-publish","4":"has-post-thumbnail","6":"product_cat-fendeuses-a-bois","7":"product_shipping_class-livraison-gratuite","9":"first","10":"instock","11":"sale","12":"taxable","13":"shipping-taxable","14":"purchasable","15":"product-type-simple"},"_links":{"self":[{"href":"https:\/\/cabashippinginternational.com\/en\/wp-json\/wp\/v2\/product\/6496","targetHints":{"allow":["GET"]}}],"collection":[{"href":"https:\/\/cabashippinginternational.com\/en\/wp-json\/wp\/v2\/product"}],"about":[{"href":"https:\/\/cabashippinginternational.com\/en\/wp-json\/wp\/v2\/types\/product"}],"replies":[{"embeddable":true,"href":"https:\/\/cabashippinginternational.com\/en\/wp-json\/wp\/v2\/comments?post=6496"}],"wp:featuredmedia":[{"embeddable":true,"href":"https:\/\/cabashippinginternational.com\/en\/wp-json\/wp\/v2\/media\/6547"}],"wp:attachment":[{"href":"https:\/\/cabashippinginternational.com\/en\/wp-json\/wp\/v2\/media?parent=6496"}],"wp:term":[{"taxonomy":"product_brand","embeddable":true,"href":"https:\/\/cabashippinginternational.com\/en\/wp-json\/wp\/v2\/product_brand?post=6496"},{"taxonomy":"product_cat","embeddable":true,"href":"https:\/\/cabashippinginternational.com\/en\/wp-json\/wp\/v2\/product_cat?post=6496"},{"taxonomy":"product_tag","embeddable":true,"href":"https:\/\/cabashippinginternational.com\/en\/wp-json\/wp\/v2\/product_tag?post=6496"}],"curies":[{"name":"wp","href":"https:\/\/api.w.org\/{rel}","templated":true}]}}