{"id":6494,"date":"2026-01-07T15:44:35","date_gmt":"2026-01-07T15:44:35","guid":{"rendered":"https:\/\/elektronica-aanhangers-houten.nl\/?post_type=product&#038;p=6494"},"modified":"2026-02-22T08:55:40","modified_gmt":"2026-02-22T08:55:40","slug":"bullmach-fendeuse-thermique-bullmach-bm-ls-bs-16-v-moteur-bs-cr950-16-tonnes-neuf","status":"publish","type":"product","link":"https:\/\/cabashippinginternational.com\/en\/produit\/bullmach-fendeuse-thermique-bullmach-bm-ls-bs-16-v-moteur-bs-cr950-16-tonnes-neuf\/","title":{"rendered":"BullMach BM-LS-BS 16 V separador t\u00e9rmico &#8211; motor B&#038;S CR950 &#8211; 16 toneladas &#8211; Nuevo"},"content":{"rendered":"<p>La <strong>BullMach BM-LS-BS 16V m\u00e1quina de partir madera<\/strong> es una m\u00e1quina de partir madera vertical dise\u00f1ada para uso semi-profesional.<\/p>\n<p>La m\u00e1quina puede partir troncos de hasta 110 cm de largo con una fuerza de 16 toneladas al colocar el tronco en la base. El di\u00e1metro del espacio entre las vigas var\u00eda de 8 cm a 30 cm.<\/p>\n<p>Gracias a los hilos, el partidor de madera se puede cambiar sin problemas.<\/p>\n<p>Fuerza de partida: 16 toneladas<\/p>\n<p>Dimensiones: L 153 cm x An 104 cm Altura 250 cm<\/p>\n<p>Peso: 247,5 Kg<\/p>\n<p>El <strong>motor Briggs&amp;Stratton Serie 950<\/strong> ofrece un alto rendimiento y es adecuado para trabajos que requieren mucha potencia gracias a <strong>la gran cilindrada de 208 cm3<\/strong>.<\/p>\n<p><strong>Funciones<\/strong>:<\/p>\n<div class=\"r1_sx\">tipo de motor: 4 tiempos monocil\u00edndrico &#8211; v\u00e1lvula en cabeza<\/div>\n<p>.<\/p>\n<div class=\"r2_sx\">tipo de cilindro: Hierro fundido<\/div>\n<p>.<\/p>\n<div class=\"r1_sx\">Cilindrada: 208 cm\u00b3<\/div>\n<p>.<\/p>\n<div class=\"r2_sx\">Combustible: Gasolina<\/div>\n<p>.<\/p>\n<div>El motor de gasolina de 4 tiempos de \u00faltima generaci\u00f3n con <strong>\u00abOHV\u00bb<\/strong> \u00e1rbol de v\u00e1lvulas en cabeza y arranque autom\u00e1tico con descompresor.<br \/>\n<strong>Arranque f\u00e1cil<\/strong> gracias al sistema autom\u00e1tico de succi\u00f3n de combustible.<\/div>","protected":false},"excerpt":{"rendered":"<p>La BullMach BM-LS-BS 16V m\u00e1quina de partir madera es una m\u00e1quina de partir madera vertical [&hellip;]<\/p>\n","protected":false},"featured_media":6537,"comment_status":"open","ping_status":"closed","template":"","meta":[],"product_brand":[],"product_cat":[127],"product_tag":[],"class_list":{"0":"post-6494","1":"product","2":"type-product","3":"status-publish","4":"has-post-thumbnail","6":"product_cat-fendeuses-a-bois","7":"product_shipping_class-livraison-gratuite","9":"first","10":"instock","11":"sale","12":"taxable","13":"shipping-taxable","14":"purchasable","15":"product-type-simple"},"_links":{"self":[{"href":"https:\/\/cabashippinginternational.com\/en\/wp-json\/wp\/v2\/product\/6494","targetHints":{"allow":["GET"]}}],"collection":[{"href":"https:\/\/cabashippinginternational.com\/en\/wp-json\/wp\/v2\/product"}],"about":[{"href":"https:\/\/cabashippinginternational.com\/en\/wp-json\/wp\/v2\/types\/product"}],"replies":[{"embeddable":true,"href":"https:\/\/cabashippinginternational.com\/en\/wp-json\/wp\/v2\/comments?post=6494"}],"wp:featuredmedia":[{"embeddable":true,"href":"https:\/\/cabashippinginternational.com\/en\/wp-json\/wp\/v2\/media\/6537"}],"wp:attachment":[{"href":"https:\/\/cabashippinginternational.com\/en\/wp-json\/wp\/v2\/media?parent=6494"}],"wp:term":[{"taxonomy":"product_brand","embeddable":true,"href":"https:\/\/cabashippinginternational.com\/en\/wp-json\/wp\/v2\/product_brand?post=6494"},{"taxonomy":"product_cat","embeddable":true,"href":"https:\/\/cabashippinginternational.com\/en\/wp-json\/wp\/v2\/product_cat?post=6494"},{"taxonomy":"product_tag","embeddable":true,"href":"https:\/\/cabashippinginternational.com\/en\/wp-json\/wp\/v2\/product_tag?post=6494"}],"curies":[{"name":"wp","href":"https:\/\/api.w.org\/{rel}","templated":true}]}}