{"id":6484,"date":"2026-01-07T15:44:14","date_gmt":"2026-01-07T15:44:14","guid":{"rendered":"https:\/\/elektronica-aanhangers-houten.nl\/?post_type=product&#038;p=6484"},"modified":"2026-02-22T08:55:45","modified_gmt":"2026-02-22T08:55:45","slug":"bullmach-fendeuse-electrique-triphasee-bullmach-bm-ls-et-16-v-16-tonnes-neuf","status":"publish","type":"product","link":"https:\/\/cabashippinginternational.com\/en\/produit\/bullmach-fendeuse-electrique-triphasee-bullmach-bm-ls-et-16-v-16-tonnes-neuf\/","title":{"rendered":"BullMach BM-LS-ET 16 V &#8211; M\u00e1quina de hendidura el\u00e9ctrica trif\u00e1sica de 16 toneladas &#8211; Nueva"},"content":{"rendered":"<p>La m\u00e1quina de partir madera BullMach BM-LS- ET 16V es una m\u00e1quina vertical dise\u00f1ada para uso semi-profesional. Est\u00e1 impulsada por un potente motor el\u00e9ctrico.<\/p>\n<p>El v\u00e1stago, con una fuerza de 16 toneladas, puede partir troncos de hasta 110 cm de largo al colocar el tronco en la base. El di\u00e1metro de los troncos partidos var\u00eda de 8 cm a 30 cm.<\/p>\n<p>Gracias a los hilos, el partidor de madera se puede reemplazar sin problemas.<\/p>\n<p>Fuerza de partida: 16 toneladas<\/p>\n<p>Dimensiones: L 140 cm x An 100 cm Altura 249 cm<\/p>\n<p>Peso: 184,9 Kg<\/p>\n<p>El motor el\u00e9ctrico de 4500W 400V garantiza una buena fuerza de partida de 16 toneladas.<\/p>\n<p>El tanque de aceite se encuentra en la parte inferior de la m\u00e1quina. La tapa debe ser desenroscada durante el uso para asegurar que el aire escape del sistema mientras se utiliza.<\/p>\n<p>La base de la m\u00e1quina tambi\u00e9n sirve como tanque de aceite, con una capacidad de 18 litros.<\/p>\n<p>Detalle del enchufe macho trif\u00e1sico.<\/p>","protected":false},"excerpt":{"rendered":"<p>La m\u00e1quina de partir madera BullMach BM-LS- ET 16V es una m\u00e1quina vertical dise\u00f1ada para [&hellip;]<\/p>\n","protected":false},"featured_media":6536,"comment_status":"open","ping_status":"closed","template":"","meta":[],"product_brand":[],"product_cat":[127],"product_tag":[],"class_list":{"0":"post-6484","1":"product","2":"type-product","3":"status-publish","4":"has-post-thumbnail","6":"product_cat-fendeuses-a-bois","7":"product_shipping_class-livraison-gratuite","9":"first","10":"instock","11":"sale","12":"taxable","13":"shipping-taxable","14":"purchasable","15":"product-type-simple"},"_links":{"self":[{"href":"https:\/\/cabashippinginternational.com\/en\/wp-json\/wp\/v2\/product\/6484","targetHints":{"allow":["GET"]}}],"collection":[{"href":"https:\/\/cabashippinginternational.com\/en\/wp-json\/wp\/v2\/product"}],"about":[{"href":"https:\/\/cabashippinginternational.com\/en\/wp-json\/wp\/v2\/types\/product"}],"replies":[{"embeddable":true,"href":"https:\/\/cabashippinginternational.com\/en\/wp-json\/wp\/v2\/comments?post=6484"}],"wp:featuredmedia":[{"embeddable":true,"href":"https:\/\/cabashippinginternational.com\/en\/wp-json\/wp\/v2\/media\/6536"}],"wp:attachment":[{"href":"https:\/\/cabashippinginternational.com\/en\/wp-json\/wp\/v2\/media?parent=6484"}],"wp:term":[{"taxonomy":"product_brand","embeddable":true,"href":"https:\/\/cabashippinginternational.com\/en\/wp-json\/wp\/v2\/product_brand?post=6484"},{"taxonomy":"product_cat","embeddable":true,"href":"https:\/\/cabashippinginternational.com\/en\/wp-json\/wp\/v2\/product_cat?post=6484"},{"taxonomy":"product_tag","embeddable":true,"href":"https:\/\/cabashippinginternational.com\/en\/wp-json\/wp\/v2\/product_tag?post=6484"}],"curies":[{"name":"wp","href":"https:\/\/api.w.org\/{rel}","templated":true}]}}