{"id":6483,"date":"2026-01-07T15:44:14","date_gmt":"2026-01-07T15:44:14","guid":{"rendered":"https:\/\/elektronica-aanhangers-houten.nl\/?post_type=product&#038;p=6483"},"modified":"2026-02-22T08:55:53","modified_gmt":"2026-02-22T08:55:53","slug":"bullmach-fendeuse-a-bois-bullmach-bm-ls-et-t-22-v-electrique-triphase-et-a-tracteur-22-tonnes-neuf","status":"publish","type":"product","link":"https:\/\/cabashippinginternational.com\/en\/produit\/bullmach-fendeuse-a-bois-bullmach-bm-ls-et-t-22-v-electrique-triphase-et-a-tracteur-22-tonnes-neuf\/","title":{"rendered":"BullMach BM-LS-ET-T 22 V trituradora de madera el\u00e9ctrica trif\u00e1sica con tirador &#8211; 22 toneladas &#8211; Nuevo"},"content":{"rendered":"<p><strong>La m\u00e1quina de hendidura el\u00e9ctrica trif\u00e1sica De BullMach BM-LS-ET-T 22 V impulsada por un tractor<\/strong> es una <strong>m\u00e1quina de hendidura vertical<\/strong> combinada dise\u00f1ada para uso semi-profesional\/profesional.<\/p>\n<p>Puede funcionar con un card\u00e1n al conectarlo a la toma de fuerza del tractor, o con una alimentaci\u00f3n el\u00e9ctrica gracias al motor el\u00e9ctrico trif\u00e1sico de 6,8 hp.<\/p>\n<p>Con una fuerza de empuje excepcional de 22 toneladas, puede dividir troncos nudosos de diferentes tama\u00f1os hasta una altura m\u00e1xima de 110 cm.<\/p>\n<p>El pist\u00f3n se puede plegar para su almacenamiento.<\/p>\n<p>Fuerza de hendidura: <strong>22 toneladas<\/strong><\/p>\n<p>Dimensiones: <strong>L 145 cm x An 100 cm Altura 250 cm<\/strong><\/p>\n<p>Peso: 319,9 kg<\/strong>.<\/p>\n<p>La m\u00e1quina de hendidura utiliza una potente bomba hidr\u00e1ulica que opera a una presi\u00f3n que se puede regular mediante un man\u00f3metro, que suministra aceite del tanque al cilindro hidr\u00e1ulico que act\u00faa como mecanismo de empuje. Esta hendidora de madera tambi\u00e9n se puede utilizar con corriente de red, gracias al motor de corriente alterna de 5,1 kW, 400 V, 6,8 HP.<br \/>\nEsta caja de engranajes transfiere el par motor del tractor (a trav\u00e9s del acoplamiento universal) a la bomba hidr\u00e1ulica.<br \/>\nEsta hendidora de madera se opera a trav\u00e9s del acoplamiento universal que est\u00e1 conectado al tractor. El cuerpo de la estructura de la m\u00e1quina act\u00faa como tanque de aceite hidr\u00e1ulico. El robusto marco est\u00e1 equipado con un sistema de elevaci\u00f3n de tres puntos para la conexi\u00f3n con el tractor.<\/p>\n<p><span id=\"umb1155312\" class=\"hovertag\">Aceite integrado<\/p>","protected":false},"excerpt":{"rendered":"<p>La m\u00e1quina de hendidura el\u00e9ctrica trif\u00e1sica De BullMach BM-LS-ET-T 22 V impulsada por un tractor [&hellip;]<\/p>\n","protected":false},"featured_media":6535,"comment_status":"open","ping_status":"closed","template":"","meta":[],"product_brand":[],"product_cat":[127],"product_tag":[],"class_list":{"0":"post-6483","1":"product","2":"type-product","3":"status-publish","4":"has-post-thumbnail","6":"product_cat-fendeuses-a-bois","7":"product_shipping_class-livraison-gratuite","9":"first","10":"instock","11":"sale","12":"taxable","13":"shipping-taxable","14":"purchasable","15":"product-type-simple"},"_links":{"self":[{"href":"https:\/\/cabashippinginternational.com\/en\/wp-json\/wp\/v2\/product\/6483","targetHints":{"allow":["GET"]}}],"collection":[{"href":"https:\/\/cabashippinginternational.com\/en\/wp-json\/wp\/v2\/product"}],"about":[{"href":"https:\/\/cabashippinginternational.com\/en\/wp-json\/wp\/v2\/types\/product"}],"replies":[{"embeddable":true,"href":"https:\/\/cabashippinginternational.com\/en\/wp-json\/wp\/v2\/comments?post=6483"}],"wp:featuredmedia":[{"embeddable":true,"href":"https:\/\/cabashippinginternational.com\/en\/wp-json\/wp\/v2\/media\/6535"}],"wp:attachment":[{"href":"https:\/\/cabashippinginternational.com\/en\/wp-json\/wp\/v2\/media?parent=6483"}],"wp:term":[{"taxonomy":"product_brand","embeddable":true,"href":"https:\/\/cabashippinginternational.com\/en\/wp-json\/wp\/v2\/product_brand?post=6483"},{"taxonomy":"product_cat","embeddable":true,"href":"https:\/\/cabashippinginternational.com\/en\/wp-json\/wp\/v2\/product_cat?post=6483"},{"taxonomy":"product_tag","embeddable":true,"href":"https:\/\/cabashippinginternational.com\/en\/wp-json\/wp\/v2\/product_tag?post=6483"}],"curies":[{"name":"wp","href":"https:\/\/api.w.org\/{rel}","templated":true}]}}