{"id":6482,"date":"2026-01-07T15:44:14","date_gmt":"2026-01-07T15:44:14","guid":{"rendered":"https:\/\/elektronica-aanhangers-houten.nl\/?post_type=product&#038;p=6482"},"modified":"2026-02-22T08:55:57","modified_gmt":"2026-02-22T08:55:57","slug":"bullmach-bullmach-bm-ls-et-t-16-v-electrique-triphase-et-a-tracteur-16-tonnes-neuf","status":"publish","type":"product","link":"https:\/\/cabashippinginternational.com\/en\/produit\/bullmach-bullmach-bm-ls-et-t-16-v-electrique-triphase-et-a-tracteur-16-tonnes-neuf\/","title":{"rendered":"BullMach-BullMach BM-LS-ET-T 16 V tractor el\u00e9ctrico de corriente alterna &#8211; 16 toneladas-Nuevo"},"content":{"rendered":"<p><strong>La m\u00e1quina de hendidura el\u00e9ctrica trif\u00e1sica BullMach BM-LS-ET-T 16 V con tractor<\/strong> es una <strong>m\u00e1quina de hendidura vertical<\/strong> combinada dise\u00f1ada para uso semi-profesional\/profesional.<\/p>\n<p>Puede funcionar con un card\u00e1n al conectarlo a trav\u00e9s del toma de fuerza del tractor, o con una alimentaci\u00f3n el\u00e9ctrica gracias al motor el\u00e9ctrico trif\u00e1sico de 6 HP.<\/p>\n<p>Con una excepcional fuerza de empuje de 16 toneladas, puede dividir troncos nudosos de diferentes tama\u00f1os hasta una altura m\u00e1xima de 110 cm.<\/p>\n<p>El pist\u00f3n se puede plegar para almacenamiento.<\/p>\n<p>Fuerza de hendidura: <strong>16 toneladas<\/strong><\/p>\n<p>Dimensiones: <strong>L 145 cm x An 100 cm Altura 250 cm<\/strong><\/p>\n<p>Peso: <strong>276 Kg<\/strong><\/p>","protected":false},"excerpt":{"rendered":"<p>La m\u00e1quina de hendidura el\u00e9ctrica trif\u00e1sica BullMach BM-LS-ET-T 16 V con tractor es una m\u00e1quina [&hellip;]<\/p>\n","protected":false},"featured_media":6535,"comment_status":"open","ping_status":"closed","template":"","meta":[],"product_brand":[],"product_cat":[127],"product_tag":[],"class_list":{"0":"post-6482","1":"product","2":"type-product","3":"status-publish","4":"has-post-thumbnail","6":"product_cat-fendeuses-a-bois","7":"product_shipping_class-livraison-gratuite","9":"first","10":"instock","11":"sale","12":"taxable","13":"shipping-taxable","14":"purchasable","15":"product-type-simple"},"_links":{"self":[{"href":"https:\/\/cabashippinginternational.com\/en\/wp-json\/wp\/v2\/product\/6482","targetHints":{"allow":["GET"]}}],"collection":[{"href":"https:\/\/cabashippinginternational.com\/en\/wp-json\/wp\/v2\/product"}],"about":[{"href":"https:\/\/cabashippinginternational.com\/en\/wp-json\/wp\/v2\/types\/product"}],"replies":[{"embeddable":true,"href":"https:\/\/cabashippinginternational.com\/en\/wp-json\/wp\/v2\/comments?post=6482"}],"wp:featuredmedia":[{"embeddable":true,"href":"https:\/\/cabashippinginternational.com\/en\/wp-json\/wp\/v2\/media\/6535"}],"wp:attachment":[{"href":"https:\/\/cabashippinginternational.com\/en\/wp-json\/wp\/v2\/media?parent=6482"}],"wp:term":[{"taxonomy":"product_brand","embeddable":true,"href":"https:\/\/cabashippinginternational.com\/en\/wp-json\/wp\/v2\/product_brand?post=6482"},{"taxonomy":"product_cat","embeddable":true,"href":"https:\/\/cabashippinginternational.com\/en\/wp-json\/wp\/v2\/product_cat?post=6482"},{"taxonomy":"product_tag","embeddable":true,"href":"https:\/\/cabashippinginternational.com\/en\/wp-json\/wp\/v2\/product_tag?post=6482"}],"curies":[{"name":"wp","href":"https:\/\/api.w.org\/{rel}","templated":true}]}}