{"id":6481,"date":"2026-01-07T15:44:14","date_gmt":"2026-01-07T15:44:14","guid":{"rendered":"https:\/\/elektronica-aanhangers-houten.nl\/?post_type=product&#038;p=6481"},"modified":"2026-02-22T08:56:05","modified_gmt":"2026-02-22T08:56:05","slug":"fendeuse-de-buches-horizontale-pour-tracteur-profi-16-tonnes-attelage-3-points-neuf","status":"publish","type":"product","link":"https:\/\/cabashippinginternational.com\/en\/produit\/fendeuse-de-buches-horizontale-pour-tracteur-profi-16-tonnes-attelage-3-points-neuf\/","title":{"rendered":"Hacha horizontal para madera Profi 16 toneladas con enganche de tres puntos &#8211; Nuevo"},"content":{"rendered":"<p>La m\u00e1quina de partir le\u00f1a de 16 toneladas est\u00e1 clasificada como <strong>SEMI-PROFESIONAL<\/strong> por su potencia, rendimiento, resistencia y peso. Le deseamos mucho placer con la informaci\u00f3n en esta p\u00e1gina.<\/p>\n<p>La m\u00e1quina de partir madera <strong>HORIZONTAL &#8211; PROFI 16 T<\/strong> es adecuada para todas las exigencias de peque\u00f1os y medianos productores de le\u00f1a para uso dom\u00e9stico, destinada a todos aquellos que buscan un aparato muy potente pero sencillo.<\/p>\n<p><strong>ULTRA POTENTE<\/strong>, con su <strong>16 toneladas<\/strong> de fuerza (lo que la convierte en una de las m\u00e1s potentes del mercado) y con el gran cilindro: 90 mm de di\u00e1metro exterior (75 mm de perforaci\u00f3n), el cilindro es muy robusto y contribuye a la calidad general de la m\u00e1quina de partir que es inigualable por su fiabilidad y larga vida \u00fatil.<\/p>\n<p><ESTRUCTURA HORIZONTAL<\/strong>: esto significa que incluso troncos de \u00e1rbol muy grandes pueden ser partidos con muy poco esfuerzo (los troncos se pueden colocar sin ning\u00fan problema, dada la altura limitada de los soportes).<\/p>\n<p>Plataforma de partida muy robusta de acero grueso, montada sobre gu\u00edas de acero resistentes.<\/p>\n<p>Gracias a la gran bomba hidr\u00e1ulica, la m\u00e1quina de partir tiene una alta capacidad de partida (16 toneladas) y una alta velocidad de trabajo.<\/p>\n<p>Adem\u00e1s, este producto est\u00e1 equipado con <strong>DOBLES CUCHILLAS:<\/strong> la superior es m\u00e1s afilada, la inferior est\u00e1 m\u00e1s hacia atr\u00e1s. Con esto puedes incluso partir los troncos m\u00e1s duros, retorcidos y nudosos, gracias a la primera penetraci\u00f3n de la parte superior.<\/p>","protected":false},"excerpt":{"rendered":"<p>La m\u00e1quina de partir le\u00f1a de 16 toneladas est\u00e1 clasificada como SEMI-PROFESIONAL por su potencia, [&hellip;]<\/p>\n","protected":false},"featured_media":6534,"comment_status":"open","ping_status":"closed","template":"","meta":[],"product_brand":[],"product_cat":[127],"product_tag":[],"class_list":{"0":"post-6481","1":"product","2":"type-product","3":"status-publish","4":"has-post-thumbnail","6":"product_cat-fendeuses-a-bois","7":"product_shipping_class-livraison-gratuite","9":"first","10":"instock","11":"sale","12":"taxable","13":"shipping-taxable","14":"purchasable","15":"product-type-simple"},"_links":{"self":[{"href":"https:\/\/cabashippinginternational.com\/en\/wp-json\/wp\/v2\/product\/6481","targetHints":{"allow":["GET"]}}],"collection":[{"href":"https:\/\/cabashippinginternational.com\/en\/wp-json\/wp\/v2\/product"}],"about":[{"href":"https:\/\/cabashippinginternational.com\/en\/wp-json\/wp\/v2\/types\/product"}],"replies":[{"embeddable":true,"href":"https:\/\/cabashippinginternational.com\/en\/wp-json\/wp\/v2\/comments?post=6481"}],"wp:featuredmedia":[{"embeddable":true,"href":"https:\/\/cabashippinginternational.com\/en\/wp-json\/wp\/v2\/media\/6534"}],"wp:attachment":[{"href":"https:\/\/cabashippinginternational.com\/en\/wp-json\/wp\/v2\/media?parent=6481"}],"wp:term":[{"taxonomy":"product_brand","embeddable":true,"href":"https:\/\/cabashippinginternational.com\/en\/wp-json\/wp\/v2\/product_brand?post=6481"},{"taxonomy":"product_cat","embeddable":true,"href":"https:\/\/cabashippinginternational.com\/en\/wp-json\/wp\/v2\/product_cat?post=6481"},{"taxonomy":"product_tag","embeddable":true,"href":"https:\/\/cabashippinginternational.com\/en\/wp-json\/wp\/v2\/product_tag?post=6481"}],"curies":[{"name":"wp","href":"https:\/\/api.w.org\/{rel}","templated":true}]}}