{"id":6479,"date":"2026-01-07T15:44:13","date_gmt":"2026-01-07T15:44:13","guid":{"rendered":"https:\/\/elektronica-aanhangers-houten.nl\/?post_type=product&#038;p=6479"},"modified":"2026-02-22T08:56:20","modified_gmt":"2026-02-22T08:56:20","slug":"geotech-scie-a-buches-circulaire-a-chevalet-geotech-sa-700-m-coupe-max-250-mm-230v-neuf","status":"publish","type":"product","link":"https:\/\/cabashippinginternational.com\/en\/produit\/geotech-scie-a-buches-circulaire-a-chevalet-geotech-sa-700-m-coupe-max-250-mm-230v-neuf\/","title":{"rendered":"GeoTech SA 700-M sierra circular para troncos &#8211; altura de corte m\u00e1xima 250 mm &#8211; 230V-Nuevo"},"content":{"rendered":"<p>La <strong>GeoTech SA 700-M sierra circular con soporte<\/strong> es una excelente m\u00e1quina para el <strong>corte de troncos,<\/strong> fuerte y robusta porque est\u00e1 <strong>totalmente hecha de acero esmaltado<\/strong>.<br \/>\nM\u00e1quina profesional, ideal para cortar madera y capaz de reducir significativamente la fatiga del usuario. Esta <strong>sierra de madera<\/strong> es muy pr\u00e1ctica para transportar porque est\u00e1 <strong>equipada con ruedas<\/strong> para facilitar su movimiento. Est\u00e1 equipada con un <strong>motor el\u00e9ctrico monof\u00e1sico muy potente<\/strong> que garantiza un rendimiento muy alto.<\/p>\n<p><strong>La sierra de troncos el\u00e9ctrica GeoTech SA 700-M es la sierra circular de mejor rendimiento en su clase. Valor inigualable por su dinero.<\/strong> Esta es una <strong>sierra de madera<\/strong> de alta calidad que es impulsada por un potente <strong>motor el\u00e9ctrico monof\u00e1sico de 3200W<\/strong>.<br \/>\nEsta sierra circular con soporte no solo ofrece un rendimiento muy alto, sino que tambi\u00e9n es realmente segura, ya que est\u00e1 equipada con una <strong>protecci\u00f3n de seguridad<\/strong> que evita que las astillas de madera lleguen a la cara o las manos del usuario. Por lo tanto, el <span id=\"umb570091\" class=\"hovertag\">usuario<\/span> puede trabajar <span id=\"umb570092\" class=\"hovertag\">de manera segura<\/span>.<\/p>\n<p>La pr\u00e1ctica y potente <strong>sierra de doble soporte GeoTech<\/strong> tiene una hoja de disco de acero endurecido con un di\u00e1metro de 700 mm<\/strong> con un agujero de 30 mm y <strong>64 dientes.<\/strong><\/p>","protected":false},"excerpt":{"rendered":"<p>id:3871, id:3870, id:3872<\/p>","protected":false},"featured_media":6532,"comment_status":"open","ping_status":"closed","template":"","meta":[],"product_brand":[],"product_cat":[133],"product_tag":[],"class_list":{"0":"post-6479","1":"product","2":"type-product","3":"status-publish","4":"has-post-thumbnail","6":"product_cat-scies-a-buches","7":"product_shipping_class-livraison-gratuite","9":"first","10":"instock","11":"sale","12":"taxable","13":"shipping-taxable","14":"purchasable","15":"product-type-simple"},"_links":{"self":[{"href":"https:\/\/cabashippinginternational.com\/en\/wp-json\/wp\/v2\/product\/6479","targetHints":{"allow":["GET"]}}],"collection":[{"href":"https:\/\/cabashippinginternational.com\/en\/wp-json\/wp\/v2\/product"}],"about":[{"href":"https:\/\/cabashippinginternational.com\/en\/wp-json\/wp\/v2\/types\/product"}],"replies":[{"embeddable":true,"href":"https:\/\/cabashippinginternational.com\/en\/wp-json\/wp\/v2\/comments?post=6479"}],"wp:featuredmedia":[{"embeddable":true,"href":"https:\/\/cabashippinginternational.com\/en\/wp-json\/wp\/v2\/media\/6532"}],"wp:attachment":[{"href":"https:\/\/cabashippinginternational.com\/en\/wp-json\/wp\/v2\/media?parent=6479"}],"wp:term":[{"taxonomy":"product_brand","embeddable":true,"href":"https:\/\/cabashippinginternational.com\/en\/wp-json\/wp\/v2\/product_brand?post=6479"},{"taxonomy":"product_cat","embeddable":true,"href":"https:\/\/cabashippinginternational.com\/en\/wp-json\/wp\/v2\/product_cat?post=6479"},{"taxonomy":"product_tag","embeddable":true,"href":"https:\/\/cabashippinginternational.com\/en\/wp-json\/wp\/v2\/product_tag?post=6479"}],"curies":[{"name":"wp","href":"https:\/\/api.w.org\/{rel}","templated":true}]}}