{"id":6477,"date":"2026-01-07T15:44:13","date_gmt":"2026-01-07T15:44:13","guid":{"rendered":"https:\/\/elektronica-aanhangers-houten.nl\/?post_type=product&#038;p=6477"},"modified":"2026-02-22T08:56:33","modified_gmt":"2026-02-22T08:56:33","slug":"blue-bird-treuil-a-moteur-blue-bird-bb-1610x-treuil-de-debardage-thermique-2t-neuf","status":"publish","type":"product","link":"https:\/\/cabashippinginternational.com\/en\/produit\/blue-bird-treuil-a-moteur-blue-bird-bb-1610x-treuil-de-debardage-thermique-2t-neuf\/","title":{"rendered":"Blue Bird &#8211; winch motorizada Blue Bird BB-1610X &#8211; sliplifter t\u00e9rmico de 2T &#8211; Nuevo"},"content":{"rendered":"<p>El <strong>winche<\/strong> fue creado para reducir la fuerza de tracci\u00f3n necesaria para arrastrar pesos.<\/p>\n<p><span lang=\"es\" tabindex=\"0\">Los <strong>winches port\u00e1tiles<\/strong> de <strong>Blue Bird Industries<\/strong> est\u00e1n dise\u00f1ados para el manejo ocasional del arrastre de objetos no rotativos, generalmente en \u00e1ngulos de aproximadamente 45 grados con respecto a la horizontal.<\/span><\/p>\n<p><span lang=\"es\" tabindex=\"0\">El \u00e1mbito de aplicaci\u00f3n de los winches Blue Bird abarca desde el sector forestal (arrastre de madera, cables de winche para tractores) hasta el sector de ocio (remolque de barcos, yates, etc.).<\/span><\/p>\n<p><span lang=\"es\" tabindex=\"0\">Las propiedades compactas y ligeras hacen de este dispositivo una <strong>herramienta \u00fatil para quienes trabajan en el sector forestal<\/strong>. Las dimensiones son 55 x 42 x 35 cm.<\/span><\/p>\n<p><span lang=\"es\" tabindex=\"0\">Alta potencia, versatilidad, compacidad y peso hacen que este producto sea \u00fatil tanto en el sector profesional como en el de bricolaje.<\/span><\/p>\n<p><span lang=\"es\" tabindex=\"0\">Este winche est\u00e1 equipado con un potente motor Blue Bird de 2T, completamente <strong>Hecho en Italia<\/strong>, con caracter\u00edsticas de dise\u00f1o de vanguardia y en conformidad con la \u00faltima normativa europea sobre impacto ambiental.<\/span><\/p>\n<p><span lang=\"es\" tabindex=\"0\">Tiene una capacidad de arrastre directa de 1300 kg y una velocidad de enrollado de 28 metros por minuto. Ya viene equipado con un cable de acero galvanizado de 5 mm de di\u00e1metro, con enrollado transversal recto.<\/span><\/p>","protected":false},"excerpt":{"rendered":"<p>El winche fue creado para reducir la fuerza de tracci\u00f3n necesaria para arrastrar pesos. Los [&hellip;]<\/p>\n","protected":false},"featured_media":6524,"comment_status":"open","ping_status":"closed","template":"","meta":[],"product_brand":[],"product_cat":[132],"product_tag":[],"class_list":{"0":"post-6477","1":"product","2":"type-product","3":"status-publish","4":"has-post-thumbnail","6":"product_cat-treuils-de-debardage","7":"product_shipping_class-livraison-gratuite","9":"first","10":"instock","11":"sale","12":"taxable","13":"shipping-taxable","14":"purchasable","15":"product-type-simple"},"_links":{"self":[{"href":"https:\/\/cabashippinginternational.com\/en\/wp-json\/wp\/v2\/product\/6477","targetHints":{"allow":["GET"]}}],"collection":[{"href":"https:\/\/cabashippinginternational.com\/en\/wp-json\/wp\/v2\/product"}],"about":[{"href":"https:\/\/cabashippinginternational.com\/en\/wp-json\/wp\/v2\/types\/product"}],"replies":[{"embeddable":true,"href":"https:\/\/cabashippinginternational.com\/en\/wp-json\/wp\/v2\/comments?post=6477"}],"wp:featuredmedia":[{"embeddable":true,"href":"https:\/\/cabashippinginternational.com\/en\/wp-json\/wp\/v2\/media\/6524"}],"wp:attachment":[{"href":"https:\/\/cabashippinginternational.com\/en\/wp-json\/wp\/v2\/media?parent=6477"}],"wp:term":[{"taxonomy":"product_brand","embeddable":true,"href":"https:\/\/cabashippinginternational.com\/en\/wp-json\/wp\/v2\/product_brand?post=6477"},{"taxonomy":"product_cat","embeddable":true,"href":"https:\/\/cabashippinginternational.com\/en\/wp-json\/wp\/v2\/product_cat?post=6477"},{"taxonomy":"product_tag","embeddable":true,"href":"https:\/\/cabashippinginternational.com\/en\/wp-json\/wp\/v2\/product_tag?post=6477"}],"curies":[{"name":"wp","href":"https:\/\/api.w.org\/{rel}","templated":true}]}}