{"id":6476,"date":"2026-01-07T15:44:13","date_gmt":"2026-01-07T15:44:13","guid":{"rendered":"https:\/\/elektronica-aanhangers-houten.nl\/?post_type=product&#038;p=6476"},"modified":"2026-02-22T08:56:35","modified_gmt":"2026-02-22T08:56:35","slug":"presse-a-pellets-triphase-10-cv-geotech-fabrication-de-pellets-pour-le-chauffage","status":"publish","type":"product","link":"https:\/\/cabashippinginternational.com\/en\/produit\/presse-a-pellets-triphase-10-cv-geotech-fabrication-de-pellets-pour-le-chauffage\/","title":{"rendered":"GeoTech 3-fase 10 HP pelletizadora &#8211; Producci\u00f3n de pellets para fines de calefacci\u00f3n"},"content":{"rendered":"<p>La prensa de pellets el\u00e9ctrica GeoTech trif\u00e1sica abre las puertas a la fabricaci\u00f3n de pellets en casa, eliminando la necesidad de almacenar sacos de combustible.<\/p>\n<p>Esta innovadora m\u00e1quina produce mucho m\u00e1s que solo pellets, y es una herramienta \u00fatil para reciclar y rentabilizar los astillas generadas por tu trituradora de madera, permiti\u00e9ndote crear un combustible excepcionalmente eficiente en energ\u00eda con asombrosa facilidad.<\/p>\n<p>Impulsada por corriente alterna de 380V, la prensa de pellets GeoTech cuenta con una notable<\/p>","protected":false},"excerpt":{"rendered":"<p>La prensa de pellets el\u00e9ctrica GeoTech trif\u00e1sica abre las puertas a la fabricaci\u00f3n de pellets [&hellip;]<\/p>\n","protected":false},"featured_media":6523,"comment_status":"open","ping_status":"closed","template":"","meta":[],"product_brand":[],"product_cat":[131],"product_tag":[],"class_list":{"0":"post-6476","1":"product","2":"type-product","3":"status-publish","4":"has-post-thumbnail","6":"product_cat-presses-a-pellets","7":"product_shipping_class-livraison-gratuite","9":"first","10":"instock","11":"sale","12":"taxable","13":"shipping-taxable","14":"purchasable","15":"product-type-simple"},"_links":{"self":[{"href":"https:\/\/cabashippinginternational.com\/en\/wp-json\/wp\/v2\/product\/6476","targetHints":{"allow":["GET"]}}],"collection":[{"href":"https:\/\/cabashippinginternational.com\/en\/wp-json\/wp\/v2\/product"}],"about":[{"href":"https:\/\/cabashippinginternational.com\/en\/wp-json\/wp\/v2\/types\/product"}],"replies":[{"embeddable":true,"href":"https:\/\/cabashippinginternational.com\/en\/wp-json\/wp\/v2\/comments?post=6476"}],"wp:featuredmedia":[{"embeddable":true,"href":"https:\/\/cabashippinginternational.com\/en\/wp-json\/wp\/v2\/media\/6523"}],"wp:attachment":[{"href":"https:\/\/cabashippinginternational.com\/en\/wp-json\/wp\/v2\/media?parent=6476"}],"wp:term":[{"taxonomy":"product_brand","embeddable":true,"href":"https:\/\/cabashippinginternational.com\/en\/wp-json\/wp\/v2\/product_brand?post=6476"},{"taxonomy":"product_cat","embeddable":true,"href":"https:\/\/cabashippinginternational.com\/en\/wp-json\/wp\/v2\/product_cat?post=6476"},{"taxonomy":"product_tag","embeddable":true,"href":"https:\/\/cabashippinginternational.com\/en\/wp-json\/wp\/v2\/product_tag?post=6476"}],"curies":[{"name":"wp","href":"https:\/\/api.w.org\/{rel}","templated":true}]}}