{"id":6475,"date":"2026-01-07T15:44:13","date_gmt":"2026-01-07T15:44:13","guid":{"rendered":"https:\/\/elektronica-aanhangers-houten.nl\/?post_type=product&#038;p=6475"},"modified":"2026-02-22T08:56:38","modified_gmt":"2026-02-22T08:56:38","slug":"presse-a-pellet-geotech-twpm230-pour-tracteur-fabrication-de-pellet-pour-le-chauffage","status":"publish","type":"product","link":"https:\/\/cabashippinginternational.com\/en\/produit\/presse-a-pellet-geotech-twpm230-pour-tracteur-fabrication-de-pellet-pour-le-chauffage\/","title":{"rendered":"GeoTech TWPM230 pelletpers para tractores &#8211; producci\u00f3n de pellets para calefacci\u00f3n"},"content":{"rendered":"<p>La prensa de pellets GeoTech Tractor revoluciona la producci\u00f3n dom\u00e9stica de pellets, permiti\u00e9ndole fabricar su propio combustible de manera sencilla y f\u00e1cil, sin necesidad de almacenar sacos de material combustible.<\/p>\n<p>Esta m\u00e1quina avanzada produce menos de todos los pellets que necesita y es una herramienta \u00fatil para reciclar los recortes que genera y optimizar su uso. Con un notable facilidad de uso, convierte este material de manera eficiente en un combustible altamente eficiente.<\/p>","protected":false},"excerpt":{"rendered":"<p>La prensa de pellets GeoTech Tractor revoluciona la producci\u00f3n dom\u00e9stica de pellets, permiti\u00e9ndole fabricar su [&hellip;]<\/p>\n","protected":false},"featured_media":6522,"comment_status":"open","ping_status":"closed","template":"","meta":[],"product_brand":[],"product_cat":[131],"product_tag":[],"class_list":{"0":"post-6475","1":"product","2":"type-product","3":"status-publish","4":"has-post-thumbnail","6":"product_cat-presses-a-pellets","7":"product_shipping_class-livraison-gratuite","9":"first","10":"instock","11":"sale","12":"taxable","13":"shipping-taxable","14":"purchasable","15":"product-type-simple"},"_links":{"self":[{"href":"https:\/\/cabashippinginternational.com\/en\/wp-json\/wp\/v2\/product\/6475","targetHints":{"allow":["GET"]}}],"collection":[{"href":"https:\/\/cabashippinginternational.com\/en\/wp-json\/wp\/v2\/product"}],"about":[{"href":"https:\/\/cabashippinginternational.com\/en\/wp-json\/wp\/v2\/types\/product"}],"replies":[{"embeddable":true,"href":"https:\/\/cabashippinginternational.com\/en\/wp-json\/wp\/v2\/comments?post=6475"}],"wp:featuredmedia":[{"embeddable":true,"href":"https:\/\/cabashippinginternational.com\/en\/wp-json\/wp\/v2\/media\/6522"}],"wp:attachment":[{"href":"https:\/\/cabashippinginternational.com\/en\/wp-json\/wp\/v2\/media?parent=6475"}],"wp:term":[{"taxonomy":"product_brand","embeddable":true,"href":"https:\/\/cabashippinginternational.com\/en\/wp-json\/wp\/v2\/product_brand?post=6475"},{"taxonomy":"product_cat","embeddable":true,"href":"https:\/\/cabashippinginternational.com\/en\/wp-json\/wp\/v2\/product_cat?post=6475"},{"taxonomy":"product_tag","embeddable":true,"href":"https:\/\/cabashippinginternational.com\/en\/wp-json\/wp\/v2\/product_tag?post=6475"}],"curies":[{"name":"wp","href":"https:\/\/api.w.org\/{rel}","templated":true}]}}