{"id":6474,"date":"2026-01-07T15:44:13","date_gmt":"2026-01-07T15:44:13","guid":{"rendered":"https:\/\/elektronica-aanhangers-houten.nl\/?post_type=product&#038;p=6474"},"modified":"2026-02-22T08:56:42","modified_gmt":"2026-02-22T08:56:42","slug":"machine-a-pellets-triphasee-53-cv-geotech-fabrication-de-pellet-pour-le-chauffage","status":"publish","type":"product","link":"https:\/\/cabashippinginternational.com\/en\/produit\/machine-a-pellets-triphasee-53-cv-geotech-fabrication-de-pellet-pour-le-chauffage\/","title":{"rendered":"GeoTech m\u00e1quina de pellets de 3 fases de 5,3 hp &#8211; Producci\u00f3n de pellets para fines de calefacci\u00f3n"},"content":{"rendered":"<p>A partir de ahora, hacer pellets en casa es una realidad sin necesidad de almacenar sacos de combustible, gracias a la notable m\u00e1quina de pellets el\u00e9ctrica de una fase de GeoTech.<\/p>\n<p>Esta innovadora m\u00e1quina ofrece mucho m\u00e1s que solo producci\u00f3n de pellets: es una soluci\u00f3n inteligente para reciclar de manera eficiente y aprovechar al m\u00e1ximo el material triturado que genera tu astilladora de madera. Excepcionalmente f\u00e1cil de usar, te permite convertir este material en un combustible altamente eficiente en energ\u00eda.<\/p>\n<p>La m\u00e1quina est\u00e1 equipada con una alimentaci\u00f3n de 380 V y tiene una notable potencia de 5,3 hp. La matriz perforada de 6 mm incluida garantiza un proceso de producci\u00f3n preciso y eficiente.<\/p>\n<p>La prensa de pellets, con<\/p>","protected":false},"excerpt":{"rendered":"<p>A partir de ahora, hacer pellets en casa es una realidad sin necesidad de almacenar [&hellip;]<\/p>\n","protected":false},"featured_media":6521,"comment_status":"open","ping_status":"closed","template":"","meta":[],"product_brand":[],"product_cat":[131],"product_tag":[],"class_list":{"0":"post-6474","1":"product","2":"type-product","3":"status-publish","4":"has-post-thumbnail","6":"product_cat-presses-a-pellets","7":"product_shipping_class-livraison-gratuite","9":"first","10":"instock","11":"sale","12":"taxable","13":"shipping-taxable","14":"purchasable","15":"product-type-simple"},"_links":{"self":[{"href":"https:\/\/cabashippinginternational.com\/en\/wp-json\/wp\/v2\/product\/6474","targetHints":{"allow":["GET"]}}],"collection":[{"href":"https:\/\/cabashippinginternational.com\/en\/wp-json\/wp\/v2\/product"}],"about":[{"href":"https:\/\/cabashippinginternational.com\/en\/wp-json\/wp\/v2\/types\/product"}],"replies":[{"embeddable":true,"href":"https:\/\/cabashippinginternational.com\/en\/wp-json\/wp\/v2\/comments?post=6474"}],"wp:featuredmedia":[{"embeddable":true,"href":"https:\/\/cabashippinginternational.com\/en\/wp-json\/wp\/v2\/media\/6521"}],"wp:attachment":[{"href":"https:\/\/cabashippinginternational.com\/en\/wp-json\/wp\/v2\/media?parent=6474"}],"wp:term":[{"taxonomy":"product_brand","embeddable":true,"href":"https:\/\/cabashippinginternational.com\/en\/wp-json\/wp\/v2\/product_brand?post=6474"},{"taxonomy":"product_cat","embeddable":true,"href":"https:\/\/cabashippinginternational.com\/en\/wp-json\/wp\/v2\/product_cat?post=6474"},{"taxonomy":"product_tag","embeddable":true,"href":"https:\/\/cabashippinginternational.com\/en\/wp-json\/wp\/v2\/product_tag?post=6474"}],"curies":[{"name":"wp","href":"https:\/\/api.w.org\/{rel}","templated":true}]}}