{"id":6473,"date":"2026-01-07T15:44:13","date_gmt":"2026-01-07T15:44:13","guid":{"rendered":"https:\/\/elektronica-aanhangers-houten.nl\/?post_type=product&#038;p=6473"},"modified":"2026-02-22T08:56:44","modified_gmt":"2026-02-22T08:56:44","slug":"presse-a-pellet-geotech-twpm200-pour-tracteur-fabrication-de-pellet-pour-le-chauffage","status":"publish","type":"product","link":"https:\/\/cabashippinginternational.com\/en\/produit\/presse-a-pellet-geotech-twpm200-pour-tracteur-fabrication-de-pellet-pour-le-chauffage\/","title":{"rendered":"GeoTech TWPM200 pelletpers para tractores &#8211; producci\u00f3n de pellets para calefacci\u00f3n"},"content":{"rendered":"<p><strong>GeoTech Tractor Pelletpers:<\/strong><\/p>\n<p>La GeoTech Tractor Pelletpers ofrece la posibilidad de producir pellets de alta calidad a partir de material reciclado, en particular el material triturado de una astilladora de ramas. Con esta nueva m\u00e1quina, puede producir de manera eficiente sus propios le\u00f1os, y puede estar seguro de que tendr\u00e1 muchos le\u00f1os. Aqu\u00ed hay un resumen de las caracter\u00edsticas y beneficios de esta pelletpers:<\/p>\n<p><strong>Caracter\u00edsticas principales:<\/strong><\/p>\n<ul>\n<li><strong>Alimentado por tractor:<\/strong> La pelletpe<br \/>","protected":false},"excerpt":{"rendered":"<p>GeoTech Tractor Pelletpers: La GeoTech Tractor Pelletpers ofrece la posibilidad de producir pellets de alta [&hellip;]<\/p>\n","protected":false},"featured_media":6520,"comment_status":"open","ping_status":"closed","template":"","meta":[],"product_brand":[],"product_cat":[131],"product_tag":[],"class_list":{"0":"post-6473","1":"product","2":"type-product","3":"status-publish","4":"has-post-thumbnail","6":"product_cat-presses-a-pellets","7":"product_shipping_class-livraison-gratuite","9":"first","10":"instock","11":"sale","12":"taxable","13":"shipping-taxable","14":"purchasable","15":"product-type-simple"},"_links":{"self":[{"href":"https:\/\/cabashippinginternational.com\/en\/wp-json\/wp\/v2\/product\/6473","targetHints":{"allow":["GET"]}}],"collection":[{"href":"https:\/\/cabashippinginternational.com\/en\/wp-json\/wp\/v2\/product"}],"about":[{"href":"https:\/\/cabashippinginternational.com\/en\/wp-json\/wp\/v2\/types\/product"}],"replies":[{"embeddable":true,"href":"https:\/\/cabashippinginternational.com\/en\/wp-json\/wp\/v2\/comments?post=6473"}],"wp:featuredmedia":[{"embeddable":true,"href":"https:\/\/cabashippinginternational.com\/en\/wp-json\/wp\/v2\/media\/6520"}],"wp:attachment":[{"href":"https:\/\/cabashippinginternational.com\/en\/wp-json\/wp\/v2\/media?parent=6473"}],"wp:term":[{"taxonomy":"product_brand","embeddable":true,"href":"https:\/\/cabashippinginternational.com\/en\/wp-json\/wp\/v2\/product_brand?post=6473"},{"taxonomy":"product_cat","embeddable":true,"href":"https:\/\/cabashippinginternational.com\/en\/wp-json\/wp\/v2\/product_cat?post=6473"},{"taxonomy":"product_tag","embeddable":true,"href":"https:\/\/cabashippinginternational.com\/en\/wp-json\/wp\/v2\/product_tag?post=6473"}],"curies":[{"name":"wp","href":"https:\/\/api.w.org\/{rel}","templated":true}]}}