{"id":6472,"date":"2026-01-07T15:44:12","date_gmt":"2026-01-07T15:44:12","guid":{"rendered":"https:\/\/elektronica-aanhangers-houten.nl\/?post_type=product&#038;p=6472"},"modified":"2026-02-22T08:56:47","modified_gmt":"2026-02-22T08:56:47","slug":"machine-a-pellet-monophase-3-cv-geotech-fabrication-de-pellets-pour-le-chauffage","status":"publish","type":"product","link":"https:\/\/cabashippinginternational.com\/en\/produit\/machine-a-pellet-monophase-3-cv-geotech-fabrication-de-pellets-pour-le-chauffage\/","title":{"rendered":"GeoTech 3 HP m\u00e1quina de pellets monof\u00e1sica &#8211; producci\u00f3n de pellets para fines de calefacci\u00f3n"},"content":{"rendered":"<p>La m\u00e1quina de pellets el\u00e9ctrica monof\u00e1sica GeoTech EWPM120S ofrece una emocionante oportunidad para producir pellets en casa hoy en d\u00eda, eliminando la necesidad de almacenar sacos de combustible.<\/p>\n<p>Con una ingeniosa funci\u00f3n de reciclaje, esta m\u00e1quina transforma los restos generados por tu astilladora de madera en un combustible altamente eficiente en energ\u00eda, y todo ello con una notable simplicidad.<\/p>\n<p>La GeoTech EWPM120S funciona con una alimentaci\u00f3n monof\u00e1sica de 230V y proporciona 3 Hp, lo que garantiza un rendimiento equilibrado y eficiente en energ\u00eda.<\/p>","protected":false},"excerpt":{"rendered":"<p>La m\u00e1quina de pellets el\u00e9ctrica monof\u00e1sica GeoTech EWPM120S ofrece una emocionante oportunidad para producir pellets [&hellip;]<\/p>\n","protected":false},"featured_media":6519,"comment_status":"open","ping_status":"closed","template":"","meta":[],"product_brand":[],"product_cat":[131],"product_tag":[],"class_list":{"0":"post-6472","1":"product","2":"type-product","3":"status-publish","4":"has-post-thumbnail","6":"product_cat-presses-a-pellets","7":"product_shipping_class-livraison-gratuite","9":"first","10":"instock","11":"sale","12":"taxable","13":"shipping-taxable","14":"purchasable","15":"product-type-simple"},"_links":{"self":[{"href":"https:\/\/cabashippinginternational.com\/en\/wp-json\/wp\/v2\/product\/6472","targetHints":{"allow":["GET"]}}],"collection":[{"href":"https:\/\/cabashippinginternational.com\/en\/wp-json\/wp\/v2\/product"}],"about":[{"href":"https:\/\/cabashippinginternational.com\/en\/wp-json\/wp\/v2\/types\/product"}],"replies":[{"embeddable":true,"href":"https:\/\/cabashippinginternational.com\/en\/wp-json\/wp\/v2\/comments?post=6472"}],"wp:featuredmedia":[{"embeddable":true,"href":"https:\/\/cabashippinginternational.com\/en\/wp-json\/wp\/v2\/media\/6519"}],"wp:attachment":[{"href":"https:\/\/cabashippinginternational.com\/en\/wp-json\/wp\/v2\/media?parent=6472"}],"wp:term":[{"taxonomy":"product_brand","embeddable":true,"href":"https:\/\/cabashippinginternational.com\/en\/wp-json\/wp\/v2\/product_brand?post=6472"},{"taxonomy":"product_cat","embeddable":true,"href":"https:\/\/cabashippinginternational.com\/en\/wp-json\/wp\/v2\/product_cat?post=6472"},{"taxonomy":"product_tag","embeddable":true,"href":"https:\/\/cabashippinginternational.com\/en\/wp-json\/wp\/v2\/product_tag?post=6472"}],"curies":[{"name":"wp","href":"https:\/\/api.w.org\/{rel}","templated":true}]}}