{"id":6471,"date":"2026-01-07T15:44:12","date_gmt":"2026-01-07T15:44:12","guid":{"rendered":"https:\/\/elektronica-aanhangers-houten.nl\/?post_type=product&#038;p=6471"},"modified":"2026-02-22T08:56:54","modified_gmt":"2026-02-22T08:56:54","slug":"presse-a-pellet-pto-pour-tracteur-ceccato-olindo-fabrication-de-pellets-pour-le-chauffage","status":"publish","type":"product","link":"https:\/\/cabashippinginternational.com\/en\/produit\/presse-a-pellet-pto-pour-tracteur-ceccato-olindo-fabrication-de-pellets-pour-le-chauffage\/","title":{"rendered":"Pelletpers PTO para tractores Ceccato Olindo &#8211; producci\u00f3n de pellets para fines de calefacci\u00f3n."},"content":{"rendered":"<p>De Ceccato Olindo P.T.O. Pelletpers ofrece una soluci\u00f3n pr\u00e1ctica para hacer pellets en casa, sin necesidad de almacenar sacos de material inflamable. Adem\u00e1s, puedes reciclar el material triturado de tu astilladora, convirtiendo los desechos en un combustible muy eficiente en t\u00e9rminos de energ\u00eda.<\/p>\n<p>Esta pelletpers sin motor se conecta directamente al eje de toma de fuerza de tu tractor a trav\u00e9s de un acoplamiento card\u00e1nico. Con una potencia m\u00e1xima de eje de 540 rpm y una potencia ajustable m\u00e1xima de 18 hp, se adapta perfectamente al mecanismo de tu tractor.<\/p>\n<p>La m\u00e1quina est\u00e1 dise\u00f1ada con un molde redondo de 119 mm de di\u00e1metro, lo que permite que el material sea prensado de manera eficiente por dos rodillos de 78 mm de di\u00e1metro, cada uno equipado con dos rodamientos. Estos rodillos son alimentados por la rotaci\u00f3n del eje de toma de fuerza, que est\u00e1 conectado directamente al tractor. La pelletpers tiene un sistema de fijaci\u00f3n directa que est\u00e1 integrado en el chasis, lo que facilita su acoplamiento al tractor.<\/p>\n<p>El material se introduce f\u00e1cilmente a trav\u00e9s de la tolva de carga y el pellet se suministra a trav\u00e9s del tubo de alimentaci\u00f3n.<\/p>\n<p>Con una salida de 40 a 70 kg por hora, la pelletpers produce pellets con un di\u00e1metro de 6 mm y una longitud de 25 a 35 mm. Las dimensiones m\u00e1ximas de la m\u00e1quina son las siguientes:<\/p>\n<ul>\n<li>Longitud: 850 mm<\/li>\n<li>Profundidad: 730 mm<\/li>\n<li>Altura: 1270 mm<\/li>\n<\/ul>\n<p> Para facilitar la movilidad<\/p>","protected":false},"excerpt":{"rendered":"<p>De Ceccato Olindo P.T.O. Pelletpers ofrece una soluci\u00f3n pr\u00e1ctica para hacer pellets en casa, sin [&hellip;]<\/p>\n","protected":false},"featured_media":6510,"comment_status":"open","ping_status":"closed","template":"","meta":[],"product_brand":[],"product_cat":[131],"product_tag":[],"class_list":{"0":"post-6471","1":"product","2":"type-product","3":"status-publish","4":"has-post-thumbnail","6":"product_cat-presses-a-pellets","7":"product_shipping_class-livraison-gratuite","9":"first","10":"instock","11":"sale","12":"taxable","13":"shipping-taxable","14":"purchasable","15":"product-type-simple"},"_links":{"self":[{"href":"https:\/\/cabashippinginternational.com\/en\/wp-json\/wp\/v2\/product\/6471","targetHints":{"allow":["GET"]}}],"collection":[{"href":"https:\/\/cabashippinginternational.com\/en\/wp-json\/wp\/v2\/product"}],"about":[{"href":"https:\/\/cabashippinginternational.com\/en\/wp-json\/wp\/v2\/types\/product"}],"replies":[{"embeddable":true,"href":"https:\/\/cabashippinginternational.com\/en\/wp-json\/wp\/v2\/comments?post=6471"}],"wp:featuredmedia":[{"embeddable":true,"href":"https:\/\/cabashippinginternational.com\/en\/wp-json\/wp\/v2\/media\/6510"}],"wp:attachment":[{"href":"https:\/\/cabashippinginternational.com\/en\/wp-json\/wp\/v2\/media?parent=6471"}],"wp:term":[{"taxonomy":"product_brand","embeddable":true,"href":"https:\/\/cabashippinginternational.com\/en\/wp-json\/wp\/v2\/product_brand?post=6471"},{"taxonomy":"product_cat","embeddable":true,"href":"https:\/\/cabashippinginternational.com\/en\/wp-json\/wp\/v2\/product_cat?post=6471"},{"taxonomy":"product_tag","embeddable":true,"href":"https:\/\/cabashippinginternational.com\/en\/wp-json\/wp\/v2\/product_tag?post=6471"}],"curies":[{"name":"wp","href":"https:\/\/api.w.org\/{rel}","templated":true}]}}