{"id":6470,"date":"2026-01-07T15:44:12","date_gmt":"2026-01-07T15:44:12","guid":{"rendered":"https:\/\/elektronica-aanhangers-houten.nl\/?post_type=product&#038;p=6470"},"modified":"2026-02-22T08:57:02","modified_gmt":"2026-02-22T08:57:02","slug":"blackstone-fendeuse-thermique-multi-fonctions-blackstone-pml-28-60-puissance-de-fendage-28t-neuf","status":"publish","type":"product","link":"https:\/\/cabashippinginternational.com\/en\/produit\/blackstone-fendeuse-thermique-multi-fonctions-blackstone-pml-28-60-puissance-de-fendage-28t-neuf\/","title":{"rendered":"Blackstone PML 28-60 divisor t\u00e9rmico multifuncional &#8211; capacidad de divisi\u00f3n de 28T &#8211; Nuevo"},"content":{"rendered":"<p><strong>M\u00e1quina de hendidura de m\u00faltiples posiciones con motor t\u00e9rmico Blackstone PML 28-60 con 28 toneladas de fuerza de hendidura.<\/strong><\/p>\n<p><strong>La m\u00e1quina de hendidura t\u00e9rmica Blackstone<\/strong> divide la madera de manera eficiente, sin esfuerzo y de forma segura.<\/p>\n<p><La m\u00e1quina de hendidura est\u00e1 equipada con una bomba de doble etapa<\/strong>, la ventaja de la bomba doble es que duplica la velocidad del cilindro, o incluso m\u00e1s, en comparaci\u00f3n con las bombas simples.<\/p>\n<p>Esta m\u00e1quina se puede utilizar tanto vertical como horizontalmente utilizando el pasador para inclinar la m\u00e1quina.<\/p>\n<p>Gracias al motor t\u00e9rmico, la m\u00e1quina de hendidura se puede utilizar incluso en las situaciones m\u00e1s dif\u00edciles donde no hay disponible una fuente de energ\u00eda externa como electricidad o un tractor.<\/p>\n<p><span lang=\"en\">Gracias al enganche y las ruedas neum\u00e1ticas, mover la m\u00e1quina es muy sencillo.<\/span><\/p>\n<p>El uso de la <strong>bomba doble<\/strong> reduce los tiempos de ciclo a la mitad y <strong>aumenta la productividad de la m\u00e1quina de hendidura.<\/strong><\/p>\n<p>Esta m\u00e1quina de hendidura est\u00e1 equipada con <strong>28 toneladas de fuerza de hendidura<\/strong>.<br \/>\n<\/strong>.<\/p>\n<p><strong>Motor Briggs &#038; Stratton GR950 de 208 cm3.<\/strong> Di\u00e1metro de salida: <strong>de 8 a 40 cm<\/strong>.<\/p>\n<p>Longitud m\u00e1xima del tronco:<strong>61 cm<\/strong>.<\/p>\n<p>Tanque de aceite hidr\u00e1ulico<strong>: 20 lt<\/strong>.<\/p>\n<p>Dimensiones totales: 232 x 127 x 117 cm<\/p>\n<p>Peso: 281 kg<\/p>\n<p>El motor <strong>Briggs &#038; Stratton 950 Series<\/strong> tiene un alto rendimiento, adecuado para trabajos donde se necesita mucha potencia gracias a la <strong>alta cilindrada.<\/p>","protected":false},"excerpt":{"rendered":"<p>M\u00e1quina de hendidura de m\u00faltiples posiciones con motor t\u00e9rmico Blackstone PML 28-60 con 28 toneladas [&hellip;]<\/p>\n","protected":false},"featured_media":6509,"comment_status":"open","ping_status":"closed","template":"","meta":[],"product_brand":[],"product_cat":[127],"product_tag":[],"class_list":{"0":"post-6470","1":"product","2":"type-product","3":"status-publish","4":"has-post-thumbnail","6":"product_cat-fendeuses-a-bois","7":"product_shipping_class-livraison-gratuite","9":"first","10":"instock","11":"sale","12":"taxable","13":"shipping-taxable","14":"purchasable","15":"product-type-simple"},"_links":{"self":[{"href":"https:\/\/cabashippinginternational.com\/en\/wp-json\/wp\/v2\/product\/6470","targetHints":{"allow":["GET"]}}],"collection":[{"href":"https:\/\/cabashippinginternational.com\/en\/wp-json\/wp\/v2\/product"}],"about":[{"href":"https:\/\/cabashippinginternational.com\/en\/wp-json\/wp\/v2\/types\/product"}],"replies":[{"embeddable":true,"href":"https:\/\/cabashippinginternational.com\/en\/wp-json\/wp\/v2\/comments?post=6470"}],"wp:featuredmedia":[{"embeddable":true,"href":"https:\/\/cabashippinginternational.com\/en\/wp-json\/wp\/v2\/media\/6509"}],"wp:attachment":[{"href":"https:\/\/cabashippinginternational.com\/en\/wp-json\/wp\/v2\/media?parent=6470"}],"wp:term":[{"taxonomy":"product_brand","embeddable":true,"href":"https:\/\/cabashippinginternational.com\/en\/wp-json\/wp\/v2\/product_brand?post=6470"},{"taxonomy":"product_cat","embeddable":true,"href":"https:\/\/cabashippinginternational.com\/en\/wp-json\/wp\/v2\/product_cat?post=6470"},{"taxonomy":"product_tag","embeddable":true,"href":"https:\/\/cabashippinginternational.com\/en\/wp-json\/wp\/v2\/product_tag?post=6470"}],"curies":[{"name":"wp","href":"https:\/\/api.w.org\/{rel}","templated":true}]}}