{"id":6469,"date":"2026-01-07T15:44:12","date_gmt":"2026-01-07T15:44:12","guid":{"rendered":"https:\/\/elektronica-aanhangers-houten.nl\/?post_type=product&#038;p=6469"},"modified":"2026-02-22T08:57:09","modified_gmt":"2026-02-22T08:57:09","slug":"scie-a-ruban-mixte-500-sce-lux-avec-alimentation-electrique-monophase-et-a-tracteur-neuf","status":"publish","type":"product","link":"https:\/\/cabashippinginternational.com\/en\/produit\/scie-a-ruban-mixte-500-sce-lux-avec-alimentation-electrique-monophase-et-a-tracteur-neuf\/","title":{"rendered":"Combinaci\u00f3n de sierra de cinta 500 SCE LUX con alimentaci\u00f3n monof\u00e1sica y gatillo &#8211; Nuevo"},"content":{"rendered":"<p>La <strong>SCE LUX 500 sierra de cinta<\/strong> es una sierra de tracci\u00f3n mixta dise\u00f1ada principalmente para profesionales. Funciona tanto con el toma de fuerza de tu tractor como con electricidad, utilizando un motor el\u00e9ctrico monof\u00e1sico de 3 HP.<\/p>\n<p><strong>La SCE LUX 500 sierra de cinta<\/strong> est\u00e1 completamente construida de acero y cuenta con volantes extremadamente fuertes y grandes, de al menos 500 mm de di\u00e1metro, y con recubrimiento de goma anti-desgaste, que mantienen la integridad de la m\u00e1quina incluso durante el trabajo m\u00e1s intensivo.<\/p>\n<p>Excepcionalmente potente y robusta, <strong> <\/strong>es capaz de cortar troncos nudosos de diferentes tama\u00f1os con extrema facilidad.<\/p>\n<p>Con esta sierra de cinta profesional, el corte se vuelve simple y seguro. La <strong>SCE LUX 500 sierra de cinta<\/strong> est\u00e1 equipada con dispositivos de seguridad<\/strong> que protegen al usuario: est\u00e1 equipada con un sistema de seguridad doble que impide que la m\u00e1quina funcione con la tapa del motor abierta y que permite bloquear el dispositivo incluso en situaciones de emergencia.<\/p>\n<p>Esta sierra de cinta puede ser alimentada por<strong> 230V<\/strong> con un <strong>motor monof\u00e1sico de 3,0 Hp de 2200 w.<\/strong>.<\/p>\n<p>Con esta configuraci\u00f3n, <span id=\"umb198363\" class=\"hovertag\">el motor el\u00e9ctrico<\/span> transmite el movimiento a una polea que est\u00e1 conectada a los volantes de la sierra a trav\u00e9s de una correa de transmisi\u00f3n.<\/p>\n<p>Detalle del <span id=\"umb198367\" class=\"hovertag\">interruptor de activaci\u00f3n<\/span>: est\u00e1 equipado con un bot\u00f3n de parada de emergencia para detener la m<\/p>","protected":false},"excerpt":{"rendered":"<p>La SCE LUX 500 sierra de cinta es una sierra de tracci\u00f3n mixta dise\u00f1ada principalmente [&hellip;]<\/p>\n","protected":false},"featured_media":6508,"comment_status":"open","ping_status":"closed","template":"","meta":[],"product_brand":[],"product_cat":[130],"product_tag":[],"class_list":{"0":"post-6469","1":"product","2":"type-product","3":"status-publish","4":"has-post-thumbnail","6":"product_cat-scies-a-ruban","7":"product_shipping_class-livraison-gratuite","9":"first","10":"instock","11":"sale","12":"taxable","13":"shipping-taxable","14":"purchasable","15":"product-type-simple"},"_links":{"self":[{"href":"https:\/\/cabashippinginternational.com\/en\/wp-json\/wp\/v2\/product\/6469","targetHints":{"allow":["GET"]}}],"collection":[{"href":"https:\/\/cabashippinginternational.com\/en\/wp-json\/wp\/v2\/product"}],"about":[{"href":"https:\/\/cabashippinginternational.com\/en\/wp-json\/wp\/v2\/types\/product"}],"replies":[{"embeddable":true,"href":"https:\/\/cabashippinginternational.com\/en\/wp-json\/wp\/v2\/comments?post=6469"}],"wp:featuredmedia":[{"embeddable":true,"href":"https:\/\/cabashippinginternational.com\/en\/wp-json\/wp\/v2\/media\/6508"}],"wp:attachment":[{"href":"https:\/\/cabashippinginternational.com\/en\/wp-json\/wp\/v2\/media?parent=6469"}],"wp:term":[{"taxonomy":"product_brand","embeddable":true,"href":"https:\/\/cabashippinginternational.com\/en\/wp-json\/wp\/v2\/product_brand?post=6469"},{"taxonomy":"product_cat","embeddable":true,"href":"https:\/\/cabashippinginternational.com\/en\/wp-json\/wp\/v2\/product_cat?post=6469"},{"taxonomy":"product_tag","embeddable":true,"href":"https:\/\/cabashippinginternational.com\/en\/wp-json\/wp\/v2\/product_tag?post=6469"}],"curies":[{"name":"wp","href":"https:\/\/api.w.org\/{rel}","templated":true}]}}