{"id":6468,"date":"2026-01-07T15:44:12","date_gmt":"2026-01-07T15:44:12","guid":{"rendered":"https:\/\/elektronica-aanhangers-houten.nl\/?post_type=product&#038;p=6468"},"modified":"2026-02-22T08:57:16","modified_gmt":"2026-02-22T08:57:16","slug":"scie-a-ruban-electrique-600-re-scie-avec-moteur-electrique-triphase-3-hp-neuf","status":"publish","type":"product","link":"https:\/\/cabashippinginternational.com\/en\/produit\/scie-a-ruban-electrique-600-re-scie-avec-moteur-electrique-triphase-3-hp-neuf\/","title":{"rendered":"Sierra de cinta el\u00e9ctrica, 600 RE, sierra con motor el\u00e9ctrico trif\u00e1sico de 3 Hp &#8211; Nuevo"},"content":{"rendered":"<p>La<strong>600 RE sierra de cinta trif\u00e1sica<\/strong> es una sierra de cinta dise\u00f1ada principalmente para profesionales. Est\u00e1 impulsada por un motor el\u00e9ctrico trif\u00e1sico de 3 hp.<\/p>\n<p>La <strong>600 RE<\/strong> sierra de cinta est\u00e1 completamente construida de acero y tiene volantes extremadamente fuertes y grandes de al menos 600 mm con un recubrimiento de goma antidesgaste, que incluso en el trabajo m\u00e1s intensivo mantiene la integridad de la m\u00e1quina.<\/p>\n<p>Excepcionalmente potente y robusta<strong> <\/strong>es capaz de serrar troncos nudosos de diferentes tama\u00f1os con extrema facilidad.<\/p>\n<p>Con esta sierra de cinta profesional, serrar se vuelve simple y seguro. La <strong>sierra de cinta 600 RE<\/strong> est\u00e1 equipada con dispositivos de seguridad<\/strong> que protegen al usuario: est\u00e1 equipada con un sistema de seguridad doble que impide que la m\u00e1quina funcione con la tapa del motor abierta y que permite bloquear la m\u00e1quina en situaciones de emergencia.<\/p>\n<p>Esta sierra de cinta puede ser utilizada con<strong> alimentaci\u00f3n el\u00e9ctrica de 400V<\/strong> con un<strong> motor trif\u00e1sico de 3,0 hp de 2200 w.<\/strong><\/p>\n<p><span id=\"umb306701\" class=\"hovertag\">El motor el\u00e9ctrico<\/span> transmite el movimiento a una polea que est\u00e1 conectada a los volantes de la sierra a trav\u00e9s de una correa de transmisi\u00f3n.<\/p>\n<p>Detalle del <span id=\"umb306700\" class=\"hovertag\">interruptor de activaci\u00f3n<\/span>: est\u00e1 equipado con un bot\u00f3n de parada de emergencia para apagar la m\u00e1quina de inmediato en cualquier situaci\u00f3n.<\/p>","protected":false},"excerpt":{"rendered":"<p>La600 RE sierra de cinta trif\u00e1sica es una sierra de cinta dise\u00f1ada principalmente para profesionales. [&hellip;]<\/p>\n","protected":false},"featured_media":6507,"comment_status":"open","ping_status":"closed","template":"","meta":[],"product_brand":[],"product_cat":[130],"product_tag":[],"class_list":{"0":"post-6468","1":"product","2":"type-product","3":"status-publish","4":"has-post-thumbnail","6":"product_cat-scies-a-ruban","7":"product_shipping_class-livraison-gratuite","9":"first","10":"instock","11":"sale","12":"taxable","13":"shipping-taxable","14":"purchasable","15":"product-type-simple"},"_links":{"self":[{"href":"https:\/\/cabashippinginternational.com\/en\/wp-json\/wp\/v2\/product\/6468","targetHints":{"allow":["GET"]}}],"collection":[{"href":"https:\/\/cabashippinginternational.com\/en\/wp-json\/wp\/v2\/product"}],"about":[{"href":"https:\/\/cabashippinginternational.com\/en\/wp-json\/wp\/v2\/types\/product"}],"replies":[{"embeddable":true,"href":"https:\/\/cabashippinginternational.com\/en\/wp-json\/wp\/v2\/comments?post=6468"}],"wp:featuredmedia":[{"embeddable":true,"href":"https:\/\/cabashippinginternational.com\/en\/wp-json\/wp\/v2\/media\/6507"}],"wp:attachment":[{"href":"https:\/\/cabashippinginternational.com\/en\/wp-json\/wp\/v2\/media?parent=6468"}],"wp:term":[{"taxonomy":"product_brand","embeddable":true,"href":"https:\/\/cabashippinginternational.com\/en\/wp-json\/wp\/v2\/product_brand?post=6468"},{"taxonomy":"product_cat","embeddable":true,"href":"https:\/\/cabashippinginternational.com\/en\/wp-json\/wp\/v2\/product_cat?post=6468"},{"taxonomy":"product_tag","embeddable":true,"href":"https:\/\/cabashippinginternational.com\/en\/wp-json\/wp\/v2\/product_tag?post=6468"}],"curies":[{"name":"wp","href":"https:\/\/api.w.org\/{rel}","templated":true}]}}