{"id":6467,"date":"2026-01-07T15:44:12","date_gmt":"2026-01-07T15:44:12","guid":{"rendered":"https:\/\/elektronica-aanhangers-houten.nl\/?post_type=product&#038;p=6467"},"modified":"2026-02-22T08:57:19","modified_gmt":"2026-02-22T08:57:19","slug":"scie-a-ruban-avec-activation-par-tracteur-600-sc-scie-a-buches-neuf","status":"publish","type":"product","link":"https:\/\/cabashippinginternational.com\/en\/produit\/scie-a-ruban-avec-activation-par-tracteur-600-sc-scie-a-buches-neuf\/","title":{"rendered":"Sierra de cinta con control de tracci\u00f3n, 600 SC, sierra de madera &#8211; Nueva"},"content":{"rendered":"<p>La sierra de cinta 600 SC es una sierra montada en un tractor que est\u00e1 especialmente dise\u00f1ada para profesionales. Se fija al toma de fuerza de tu tractor.<\/p>\n<p>La sierra de cinta 600 SC est\u00e1 completamente construida de acero y tiene volantes extremadamente fuertes y grandes, de al menos 600 mm de di\u00e1metro, y con recubrimiento de goma anti-desgaste, que incluso durante el trabajo m\u00e1s intensivo mantienen la integridad de la m\u00e1quina.<\/p>\n<p>Excepcionalmente potente y robusta, es capaz de serrar troncos nudosos de diferentes tama\u00f1os con extrema facilidad.<\/p>\n<p>Con esta sierra de pluma profesional, completar\u00e1s el trabajo de manera r\u00e1pida y sencilla. La sierra de cinta 600 SC est\u00e1 equipada con dispositivos de seguridad que protegen al usuario.<\/p>","protected":false},"excerpt":{"rendered":"<p>La sierra de cinta 600 SC es una sierra montada en un tractor que est\u00e1 [&hellip;]<\/p>\n","protected":false},"featured_media":6506,"comment_status":"open","ping_status":"closed","template":"","meta":[],"product_brand":[],"product_cat":[130],"product_tag":[],"class_list":{"0":"post-6467","1":"product","2":"type-product","3":"status-publish","4":"has-post-thumbnail","6":"product_cat-scies-a-ruban","7":"product_shipping_class-livraison-gratuite","9":"first","10":"instock","11":"sale","12":"taxable","13":"shipping-taxable","14":"purchasable","15":"product-type-simple"},"_links":{"self":[{"href":"https:\/\/cabashippinginternational.com\/en\/wp-json\/wp\/v2\/product\/6467","targetHints":{"allow":["GET"]}}],"collection":[{"href":"https:\/\/cabashippinginternational.com\/en\/wp-json\/wp\/v2\/product"}],"about":[{"href":"https:\/\/cabashippinginternational.com\/en\/wp-json\/wp\/v2\/types\/product"}],"replies":[{"embeddable":true,"href":"https:\/\/cabashippinginternational.com\/en\/wp-json\/wp\/v2\/comments?post=6467"}],"wp:featuredmedia":[{"embeddable":true,"href":"https:\/\/cabashippinginternational.com\/en\/wp-json\/wp\/v2\/media\/6506"}],"wp:attachment":[{"href":"https:\/\/cabashippinginternational.com\/en\/wp-json\/wp\/v2\/media?parent=6467"}],"wp:term":[{"taxonomy":"product_brand","embeddable":true,"href":"https:\/\/cabashippinginternational.com\/en\/wp-json\/wp\/v2\/product_brand?post=6467"},{"taxonomy":"product_cat","embeddable":true,"href":"https:\/\/cabashippinginternational.com\/en\/wp-json\/wp\/v2\/product_cat?post=6467"},{"taxonomy":"product_tag","embeddable":true,"href":"https:\/\/cabashippinginternational.com\/en\/wp-json\/wp\/v2\/product_tag?post=6467"}],"curies":[{"name":"wp","href":"https:\/\/api.w.org\/{rel}","templated":true}]}}