{"id":6465,"date":"2026-01-07T15:44:11","date_gmt":"2026-01-07T15:44:11","guid":{"rendered":"https:\/\/elektronica-aanhangers-houten.nl\/?post_type=product&#038;p=6465"},"modified":"2026-02-22T08:57:31","modified_gmt":"2026-02-22T08:57:31","slug":"blackstone-rogneuse-de-souches-blackstone-sg-420-l-es-pro-moteur-loncin-de-420-cm3-disque-de-coupe-avec-8-marteaux-en-carbure-de-tungstene-neuf","status":"publish","type":"product","link":"https:\/\/cabashippinginternational.com\/en\/produit\/blackstone-rogneuse-de-souches-blackstone-sg-420-l-es-pro-moteur-loncin-de-420-cm3-disque-de-coupe-avec-8-marteaux-en-carbure-de-tungstene-neuf\/","title":{"rendered":"BlackStone stronkenfrees SG 420 L ES PRO &#8211; motor Loncin de 420 cm3 &#8211; disco de corte con 8 martillos de carburo &#8211; Nuevo"},"content":{"rendered":"<p>Esta <strong>fresadora de tocones<\/strong> es perfecta para jardineros profesionales y proveedores de servicios de jardiner\u00eda o aficionados al bricolaje. La acci\u00f3n de corte, gracias al disco compuesto por ocho cuchillas de tungsteno, facilita el desbaste de tocones y la destrucci\u00f3n de ra\u00edces.<\/p>\n<p>Es <strong>f\u00e1cil<\/strong> de usar y ofrece a los usuarios una <strong>potente<\/strong> capacidad de corte.<\/p>\n<p>Est\u00e1 equipada con un mango de parada de emergencia y un disco de corte en la parte delantera, para m\u00e1xima seguridad durante el trabajo.<\/p>\n<p>Blackstone <strong>SG 420 L ES PRO<\/strong> es un dispositivo ligero y \u00e1gil que puede desbastar tocones de \u00e1rboles y ra\u00edces de <strong>406 mm (16\u2033)<\/strong> por debajo del suelo hasta <strong>508 mm (20\u2033)<\/strong> por encima de la superficie.<\/p>\n<p>Gracias a su <span id=\"umb1020629\" class=\"hovertag\">dise\u00f1o compacto<\/span>, la m\u00e1quina tambi\u00e9n puede ser utilizada en espacios reducidos.<\/p>\n<p>Gracias al manillar ajustable, es f\u00e1cil de usar y transportar.<\/p>\n<p>La eliminaci\u00f3n de tocones de \u00e1rboles con una excavadora convencional causa <strong>innumerables da\u00f1os<\/strong>, mientras que con la fresadora de tocones Blackstone, los tocones se eliminan <strong>limpiamente<\/strong>, sin da\u00f1ar la propiedad.<\/p>\n<p><strong>Las ra\u00edces y la base de los troncos<\/strong> son lo <strong>m\u00e1s dif\u00edcil<\/strong> de ver, la fresadora de tocones con un motor de 4 tiempos Loncin de <strong>420 cm\u00b3 y 13,5 hp<\/strong> nominal es <strong>perfecta<\/strong> para este trabajo.<\/p>\n<p>El <strong>sistema de acoplamiento comercial<\/strong> para uso intensivo.<\/p>","protected":false},"excerpt":{"rendered":"<p>Esta fresadora de tocones es perfecta para jardineros profesionales y proveedores de servicios de jardiner\u00eda [&hellip;]<\/p>\n","protected":false},"featured_media":6504,"comment_status":"open","ping_status":"closed","template":"","meta":[],"product_brand":[],"product_cat":[129],"product_tag":[],"class_list":{"0":"post-6465","1":"product","2":"type-product","3":"status-publish","4":"has-post-thumbnail","6":"product_cat-rogneuses-de-souches","7":"product_shipping_class-livraison-gratuite","9":"first","10":"instock","11":"sale","12":"taxable","13":"shipping-taxable","14":"purchasable","15":"product-type-simple"},"_links":{"self":[{"href":"https:\/\/cabashippinginternational.com\/en\/wp-json\/wp\/v2\/product\/6465","targetHints":{"allow":["GET"]}}],"collection":[{"href":"https:\/\/cabashippinginternational.com\/en\/wp-json\/wp\/v2\/product"}],"about":[{"href":"https:\/\/cabashippinginternational.com\/en\/wp-json\/wp\/v2\/types\/product"}],"replies":[{"embeddable":true,"href":"https:\/\/cabashippinginternational.com\/en\/wp-json\/wp\/v2\/comments?post=6465"}],"wp:featuredmedia":[{"embeddable":true,"href":"https:\/\/cabashippinginternational.com\/en\/wp-json\/wp\/v2\/media\/6504"}],"wp:attachment":[{"href":"https:\/\/cabashippinginternational.com\/en\/wp-json\/wp\/v2\/media?parent=6465"}],"wp:term":[{"taxonomy":"product_brand","embeddable":true,"href":"https:\/\/cabashippinginternational.com\/en\/wp-json\/wp\/v2\/product_brand?post=6465"},{"taxonomy":"product_cat","embeddable":true,"href":"https:\/\/cabashippinginternational.com\/en\/wp-json\/wp\/v2\/product_cat?post=6465"},{"taxonomy":"product_tag","embeddable":true,"href":"https:\/\/cabashippinginternational.com\/en\/wp-json\/wp\/v2\/product_tag?post=6465"}],"curies":[{"name":"wp","href":"https:\/\/api.w.org\/{rel}","templated":true}]}}