{"id":6464,"date":"2026-01-07T15:44:11","date_gmt":"2026-01-07T15:44:11","guid":{"rendered":"https:\/\/elektronica-aanhangers-houten.nl\/?post_type=product&#038;p=6464"},"modified":"2026-02-22T08:57:38","modified_gmt":"2026-02-22T08:57:38","slug":"blackstone-rogneuse-de-souches-blackstone-sg-420-l-moteur-loncin-de-420-cm3-disque-de-coupe-avec-8-marteaux-en-carbure-de-tungstene-neuf","status":"publish","type":"product","link":"https:\/\/cabashippinginternational.com\/en\/produit\/blackstone-rogneuse-de-souches-blackstone-sg-420-l-moteur-loncin-de-420-cm3-disque-de-coupe-avec-8-marteaux-en-carbure-de-tungstene-neuf\/","title":{"rendered":"BlackStone stronkenfrees SG 420 L &#8211; motor Loncin de 420 cm3 &#8211; disco de corte con 8 martillos de carburo &#8211; Nuevo"},"content":{"rendered":"<p>Est\u00e1 equipado con un mango de parada de emergencia y un disco de corte en la parte frontal para m\u00e1xima seguridad durante el trabajo.<\/p>\n<p>Blackstone<strong> SG 420 L<\/strong> es una m\u00e1quina ligera y maniobrable que puede cepillar tocones y ra\u00edces de<strong> 305 mm (12\u2033)<\/strong> por debajo del suelo y<strong> 305 mm (12\u2033)<\/strong> por encima de la superficie.<\/p>\n<p>Gracias a su dise\u00f1o compacto<span id=\"umb1021594\" class=\"hovertag\"><\/span>, la m\u00e1quina tambi\u00e9n se puede utilizar en espacios reducidos.<\/p>\n<p>Gracias al mango ajustable, es f\u00e1cil de usar y transportar.<\/p>\n<p>Este<strong> triturador de tocones<\/strong> es perfecto para jardineros profesionales y paisajistas o para aficionados al bricolaje. La acci\u00f3n de corte, gracias al disco compuesto por ocho cuchillas de tungsteno, facilita el cepillado de tocones y la destrucci\u00f3n de ra\u00edces.<\/p>\n<p>Es<strong> f\u00e1cil<\/strong> de usar y ofrece a los usuarios una<strong> potente<\/strong> capacidad de corte.<\/p>\n<p>Eliminar tocones de \u00e1rboles con una excavadora convencional causa<strong> innumerables da\u00f1os<\/strong>, mientras que con la fresadora de tocones Blackstone se eliminan los tocones<strong> de manera limpia<\/strong>, sin da\u00f1ar la propiedad.<\/p>\n<p><strong>Las ra\u00edces y la base de los tocones<\/strong> son lo<strong> m\u00e1s dif\u00edcil<\/strong> de ver, la fresadora de tocones con un motor de 4 tiempos de<strong> 420 cc y 15 hp<\/strong> nominal es<strong> perfecta<\/strong> para este trabajo.<\/p>\n<p>El<strong> sistema de acoplamiento comercial<\/strong> para uso intensivo permite<\/p>","protected":false},"excerpt":{"rendered":"<p>Est\u00e1 equipado con un mango de parada de emergencia y un disco de corte en [&hellip;]<\/p>\n","protected":false},"featured_media":6503,"comment_status":"open","ping_status":"closed","template":"","meta":[],"product_brand":[],"product_cat":[129],"product_tag":[],"class_list":{"0":"post-6464","1":"product","2":"type-product","3":"status-publish","4":"has-post-thumbnail","6":"product_cat-rogneuses-de-souches","7":"product_shipping_class-livraison-gratuite","9":"first","10":"instock","11":"sale","12":"taxable","13":"shipping-taxable","14":"purchasable","15":"product-type-simple"},"_links":{"self":[{"href":"https:\/\/cabashippinginternational.com\/en\/wp-json\/wp\/v2\/product\/6464","targetHints":{"allow":["GET"]}}],"collection":[{"href":"https:\/\/cabashippinginternational.com\/en\/wp-json\/wp\/v2\/product"}],"about":[{"href":"https:\/\/cabashippinginternational.com\/en\/wp-json\/wp\/v2\/types\/product"}],"replies":[{"embeddable":true,"href":"https:\/\/cabashippinginternational.com\/en\/wp-json\/wp\/v2\/comments?post=6464"}],"wp:featuredmedia":[{"embeddable":true,"href":"https:\/\/cabashippinginternational.com\/en\/wp-json\/wp\/v2\/media\/6503"}],"wp:attachment":[{"href":"https:\/\/cabashippinginternational.com\/en\/wp-json\/wp\/v2\/media?parent=6464"}],"wp:term":[{"taxonomy":"product_brand","embeddable":true,"href":"https:\/\/cabashippinginternational.com\/en\/wp-json\/wp\/v2\/product_brand?post=6464"},{"taxonomy":"product_cat","embeddable":true,"href":"https:\/\/cabashippinginternational.com\/en\/wp-json\/wp\/v2\/product_cat?post=6464"},{"taxonomy":"product_tag","embeddable":true,"href":"https:\/\/cabashippinginternational.com\/en\/wp-json\/wp\/v2\/product_tag?post=6464"}],"curies":[{"name":"wp","href":"https:\/\/api.w.org\/{rel}","templated":true}]}}