{"id":6462,"date":"2026-01-07T15:44:11","date_gmt":"2026-01-07T15:44:11","guid":{"rendered":"https:\/\/elektronica-aanhangers-houten.nl\/?post_type=product&#038;p=6462"},"modified":"2026-02-22T08:57:55","modified_gmt":"2026-02-22T08:57:55","slug":"blackstone-rogneuse-de-souches-blackstone-sg-420-bs-moteur-bs-xr2100-420-cm3-disque-de-coupe-avec-8-marteaux-en-carbure-de-tungstene-neuf","status":"publish","type":"product","link":"https:\/\/cabashippinginternational.com\/en\/produit\/blackstone-rogneuse-de-souches-blackstone-sg-420-bs-moteur-bs-xr2100-420-cm3-disque-de-coupe-avec-8-marteaux-en-carbure-de-tungstene-neuf\/","title":{"rendered":"BlackStone SG 420 B&#038;S stronkenfrees &#8211; Motor B&#038;S XR2100 420 cm3 &#8211; Disco de corte con 8 martillos de carburo &#8211; Nuevo"},"content":{"rendered":"<p>De Blackstone<strong> SG 420 B&amp;S <\/strong> es un dispositivo ligero y \u00e1gil que puede desbastar tocones y ra\u00edces hasta <strong>305mm (12\u2033)<\/strong> bajo tierra y <strong>305mm (12\u2033)<\/strong> sobre la superficie.<\/p>\n<p>Est\u00e1 equipado con un interruptor de parada de emergencia y un disco de corte en la parte frontal, que garantizan la m\u00e1xima seguridad durante el trabajo.<\/p>\n<p>Gracias a su <span id=\"umb1025070\" class=\"hovertag\">dise\u00f1o compacto<\/span>, la m\u00e1quina tambi\u00e9n se puede utilizar en espacios reducidos.<\/p>\n<p>Gracias al mango ajustable, es f\u00e1cil de usar y transportar.<\/p>\n<p>Este <strong>desbastador de tocones<\/strong> es perfecto para jardineros profesionales y paisajistas o para aficionados al bricolaje. La acci\u00f3n de corte, gracias al disco compuesto por ocho cuchillas de tungsteno, facilita el desbaste de tocones y la destrucci\u00f3n de ra\u00edces.<\/p>\n<p>Es <strong>f\u00e1cil<\/strong> de usar y ofrece a los usuarios una <strong>potente<\/strong> capacidad de corte.<\/p>\n<p>Eliminar tocones de \u00e1rboles con una excavadora convencional causa<strong> innumerables da\u00f1os<\/strong>, mientras que con la desbrozadora de tocones Blackstone los tocones se eliminan<strong> de manera limpia<\/strong>, sin da\u00f1ar la propiedad.<\/p>\n<p><strong>Las ra\u00edces y la base de los tocones<\/strong> son lo m\u00e1s<strong> dif\u00edcil<\/strong> de ver, la desbrozadora de tocones con un motor de 4 tiempos de<strong> 420 cc y 13,5 hp<\/strong> es<strong> perfecta<\/strong> para esta tarea.<\/p>\n<p>El <strong>sistema de acoplamiento comercial<\/strong> para&#8230;<\/p>","protected":false},"excerpt":{"rendered":"<p>De Blackstone SG 420 B&amp;S es un dispositivo ligero y \u00e1gil que puede desbastar tocones [&hellip;]<\/p>\n","protected":false},"featured_media":6492,"comment_status":"open","ping_status":"closed","template":"","meta":[],"product_brand":[],"product_cat":[129],"product_tag":[],"class_list":{"0":"post-6462","1":"product","2":"type-product","3":"status-publish","4":"has-post-thumbnail","6":"product_cat-rogneuses-de-souches","7":"product_shipping_class-livraison-gratuite","9":"first","10":"instock","11":"sale","12":"taxable","13":"shipping-taxable","14":"purchasable","15":"product-type-simple"},"_links":{"self":[{"href":"https:\/\/cabashippinginternational.com\/en\/wp-json\/wp\/v2\/product\/6462","targetHints":{"allow":["GET"]}}],"collection":[{"href":"https:\/\/cabashippinginternational.com\/en\/wp-json\/wp\/v2\/product"}],"about":[{"href":"https:\/\/cabashippinginternational.com\/en\/wp-json\/wp\/v2\/types\/product"}],"replies":[{"embeddable":true,"href":"https:\/\/cabashippinginternational.com\/en\/wp-json\/wp\/v2\/comments?post=6462"}],"wp:featuredmedia":[{"embeddable":true,"href":"https:\/\/cabashippinginternational.com\/en\/wp-json\/wp\/v2\/media\/6492"}],"wp:attachment":[{"href":"https:\/\/cabashippinginternational.com\/en\/wp-json\/wp\/v2\/media?parent=6462"}],"wp:term":[{"taxonomy":"product_brand","embeddable":true,"href":"https:\/\/cabashippinginternational.com\/en\/wp-json\/wp\/v2\/product_brand?post=6462"},{"taxonomy":"product_cat","embeddable":true,"href":"https:\/\/cabashippinginternational.com\/en\/wp-json\/wp\/v2\/product_cat?post=6462"},{"taxonomy":"product_tag","embeddable":true,"href":"https:\/\/cabashippinginternational.com\/en\/wp-json\/wp\/v2\/product_tag?post=6462"}],"curies":[{"name":"wp","href":"https:\/\/api.w.org\/{rel}","templated":true}]}}