{"id":6460,"date":"2026-01-07T15:44:11","date_gmt":"2026-01-07T15:44:11","guid":{"rendered":"https:\/\/elektronica-aanhangers-houten.nl\/?post_type=product&#038;p=6460"},"modified":"2026-02-22T08:58:10","modified_gmt":"2026-02-22T08:58:10","slug":"fendeuse-thermique-ceccato-bull-spl16h-16-tonnes","status":"publish","type":"product","link":"https:\/\/cabashippinginternational.com\/en\/produit\/fendeuse-thermique-ceccato-bull-spl16h-16-tonnes\/","title":{"rendered":"Ceccato BULL SPL16H divisor t\u00e9rmico &#8211; 16 toneladas"},"content":{"rendered":"<p>El hacha de le\u00f1a De Ceccato Olindo SPL16H es una m\u00e1quina potente y robusta dise\u00f1ada para dividir f\u00e1cilmente troncos grandes y nudosos. Ofrece funciones avanzadas y una construcci\u00f3n s\u00f3lida para satisfacer las necesidades profesionales.<\/p>\n<p><strong>Caracter\u00edsticas principales:<\/strong><\/p>\n<ol>\n<li><strong>16 toneladas de fuerza de divisi\u00f3n:<\/strong>\n<ul>\n<li>La m\u00e1quina de divisi\u00f3n est\u00e1 equipada con un motor de gasolina Honda GX200 de 4 tiempos, que garantiza una fuerza de divisi\u00f3n de 16 toneladas. Puede dividir troncos de diferentes tama\u00f1os hasta una altura m\u00e1xima de 110 cm.<\/li>\n<\/ul>\n<\/li>\n<li><strong>Controles adicionales:<\/strong>\n<ul>\n<li>En la parte superior de la m\u00e1quina se encuentran controles adicionales para poder dividir troncos muy grandes. Esta funci\u00f3n hace que la m\u00e1quina sea especialmente vers\u00e1til.<\/li>\n<\/ul>\n<\/li>\n<li><strong>Motor Honda GX200:<\/strong>\n<ul>\n<li>El motor Honda GX200 es profesional y potente, de \u00faltima generaci\u00f3n con tecnolog\u00eda de v\u00e1lvula en cabeza. Ofrece una fiabilidad excepcional y es adecuado para trabajos intensivos.<\/li>\n<\/ul>\n<\/li>\n<li><strong>Caracter\u00edsticas del motor Honda GX200:<\/strong>\n<ul>\n<li>Tipo de motor: 4 tiempos monocil\u00edndrico &#8211; v\u00e1lvula en cabeza<\/li>\n<li>Cilindrada: 196 cm\u00b3<\/li>\n<li>Relaci\u00f3n de compresi\u00f3n: 8,5 : 1<\/li>\n<li>Revoluciones m\u00e1ximas: 3600 rpm<\/li>\n<li>Par motor: 12,4 Nm \/ 1,26 kgfm \/ 2500 rpm<\/li>\n<li>Capacidad del tanque de combustible: 3,1 litros<\/li>\n<li>Consumo: 1,7 lt\/h a 3600 rpm<\/li>\n<\/ul>","protected":false},"excerpt":{"rendered":"<p>El hacha de le\u00f1a De Ceccato Olindo SPL16H es una m\u00e1quina potente y robusta dise\u00f1ada [&hellip;]<\/p>\n","protected":false},"featured_media":6490,"comment_status":"open","ping_status":"closed","template":"","meta":[],"product_brand":[],"product_cat":[127],"product_tag":[],"class_list":{"0":"post-6460","1":"product","2":"type-product","3":"status-publish","4":"has-post-thumbnail","6":"product_cat-fendeuses-a-bois","7":"product_shipping_class-livraison-gratuite","9":"first","10":"instock","11":"sale","12":"taxable","13":"shipping-taxable","14":"purchasable","15":"product-type-simple"},"_links":{"self":[{"href":"https:\/\/cabashippinginternational.com\/en\/wp-json\/wp\/v2\/product\/6460","targetHints":{"allow":["GET"]}}],"collection":[{"href":"https:\/\/cabashippinginternational.com\/en\/wp-json\/wp\/v2\/product"}],"about":[{"href":"https:\/\/cabashippinginternational.com\/en\/wp-json\/wp\/v2\/types\/product"}],"replies":[{"embeddable":true,"href":"https:\/\/cabashippinginternational.com\/en\/wp-json\/wp\/v2\/comments?post=6460"}],"wp:featuredmedia":[{"embeddable":true,"href":"https:\/\/cabashippinginternational.com\/en\/wp-json\/wp\/v2\/media\/6490"}],"wp:attachment":[{"href":"https:\/\/cabashippinginternational.com\/en\/wp-json\/wp\/v2\/media?parent=6460"}],"wp:term":[{"taxonomy":"product_brand","embeddable":true,"href":"https:\/\/cabashippinginternational.com\/en\/wp-json\/wp\/v2\/product_brand?post=6460"},{"taxonomy":"product_cat","embeddable":true,"href":"https:\/\/cabashippinginternational.com\/en\/wp-json\/wp\/v2\/product_cat?post=6460"},{"taxonomy":"product_tag","embeddable":true,"href":"https:\/\/cabashippinginternational.com\/en\/wp-json\/wp\/v2\/product_tag?post=6460"}],"curies":[{"name":"wp","href":"https:\/\/api.w.org\/{rel}","templated":true}]}}