{"id":6459,"date":"2026-01-07T15:44:11","date_gmt":"2026-01-07T15:44:11","guid":{"rendered":"https:\/\/elektronica-aanhangers-houten.nl\/?post_type=product&#038;p=6459"},"modified":"2026-02-22T08:58:17","modified_gmt":"2026-02-22T08:58:17","slug":"fendeuse-a-bois-verticale-a-tracteur-ceccato-bull-splt20-20-tonnes-course-1100-mm","status":"publish","type":"product","link":"https:\/\/cabashippinginternational.com\/en\/produit\/fendeuse-a-bois-verticale-a-tracteur-ceccato-bull-splt20-20-tonnes-course-1100-mm\/","title":{"rendered":"Ceccato BULL SPLT20 20 toneladas vertical cortadora de madera con tirador 1100 mm caracol"},"content":{"rendered":"<p>La m\u00e1quina de hendidura vertical De Ceccato Bull SPLT20 est\u00e1 dise\u00f1ada para profesionales y ofrece una excepcional fuerza de hendidura de 20 toneladas. Esta robusta m\u00e1quina de hendidura es impulsada por un tractor y cuenta con funciones avanzadas para facilitar la hendidura de grandes troncos le\u00f1osos.<\/p>\n<p><strong>Caracter\u00edsticas principales:<\/strong><\/p>\n<ol>\n<li><strong>Fuerza de hendidura de 20 toneladas:<\/strong>\n<ul>\n<li>Capacidad excepcional para dividir troncos le\u00f1osos de diferentes tama\u00f1os hasta una altura m\u00e1xima de 114 cm.<\/li>\n<\/ul>\n<\/li>\n<li><strong>Controles adicionales:<\/strong>\n<ul>\n<li>Controles adicionales en la parte superior facilitan la hendidura de troncos de \u00e1rboles especialmente grandes.<\/li>\n<\/ul>\n<\/li>\n<li><strong>Construcci\u00f3n robusta para profesionales:<\/strong>\n<ul>\n<li>Construida espec\u00edficamente para profesionales, con una gran cuchilla guiada por zapatos de bronce a lo largo de un grueso riel de acero, lo que mantiene la integridad del cilindro incluso bajo una carga pesada.<\/li>\n<\/ul>\n<\/li>\n<li><strong>Gran bomba de caudal en multiplicador:<\/strong>\n<ul>\n<li>Equipado con una gran bomba de caudal en el multiplicador para uso de card\u00e1n, que garantiza una potente fuerza de hendidura y alta velocidad de trabajo.<\/li>\n<\/ul>\n<\/li>\n<li><strong>Card\u00e1n y transmisi\u00f3n de toma de fuerza para tractor:<\/strong>\n<ul>\n<li>Impulsado por card\u00e1n al conectarlo a la toma de fuerza del tractor, para un rendimiento \u00f3ptimo.<\/li>\n<\/ul>\n<\/li>\n<\/ol>","protected":false},"excerpt":{"rendered":"<p>La m\u00e1quina de hendidura vertical De Ceccato Bull SPLT20 est\u00e1 dise\u00f1ada para profesionales y ofrece [&hellip;]<\/p>\n","protected":false},"featured_media":6489,"comment_status":"open","ping_status":"closed","template":"","meta":[],"product_brand":[],"product_cat":[127],"product_tag":[],"class_list":{"0":"post-6459","1":"product","2":"type-product","3":"status-publish","4":"has-post-thumbnail","6":"product_cat-fendeuses-a-bois","7":"product_shipping_class-livraison-gratuite","9":"first","10":"instock","11":"sale","12":"featured","13":"taxable","14":"shipping-taxable","15":"purchasable","16":"product-type-simple"},"_links":{"self":[{"href":"https:\/\/cabashippinginternational.com\/en\/wp-json\/wp\/v2\/product\/6459","targetHints":{"allow":["GET"]}}],"collection":[{"href":"https:\/\/cabashippinginternational.com\/en\/wp-json\/wp\/v2\/product"}],"about":[{"href":"https:\/\/cabashippinginternational.com\/en\/wp-json\/wp\/v2\/types\/product"}],"replies":[{"embeddable":true,"href":"https:\/\/cabashippinginternational.com\/en\/wp-json\/wp\/v2\/comments?post=6459"}],"wp:featuredmedia":[{"embeddable":true,"href":"https:\/\/cabashippinginternational.com\/en\/wp-json\/wp\/v2\/media\/6489"}],"wp:attachment":[{"href":"https:\/\/cabashippinginternational.com\/en\/wp-json\/wp\/v2\/media?parent=6459"}],"wp:term":[{"taxonomy":"product_brand","embeddable":true,"href":"https:\/\/cabashippinginternational.com\/en\/wp-json\/wp\/v2\/product_brand?post=6459"},{"taxonomy":"product_cat","embeddable":true,"href":"https:\/\/cabashippinginternational.com\/en\/wp-json\/wp\/v2\/product_cat?post=6459"},{"taxonomy":"product_tag","embeddable":true,"href":"https:\/\/cabashippinginternational.com\/en\/wp-json\/wp\/v2\/product_tag?post=6459"}],"curies":[{"name":"wp","href":"https:\/\/api.w.org\/{rel}","templated":true}]}}