{"id":6458,"date":"2026-01-07T15:44:11","date_gmt":"2026-01-07T15:44:11","guid":{"rendered":"https:\/\/elektronica-aanhangers-houten.nl\/?post_type=product&#038;p=6458"},"modified":"2026-02-22T08:58:24","modified_gmt":"2026-02-22T08:58:24","slug":"fendeuse-verticale-a-tracteur-35-t-simatech-course-800-hydraulique-avec-retour-automatique","status":"publish","type":"product","link":"https:\/\/cabashippinginternational.com\/en\/produit\/fendeuse-verticale-a-tracteur-35-t-simatech-course-800-hydraulique-avec-retour-automatique\/","title":{"rendered":"35 T Simatech hidr\u00e1ulico 800 golpes verticales separador de tiradores con retorno autom\u00e1tico"},"content":{"rendered":"<p>La versi\u00f3n completamente nueva de la m\u00e1quina de hendidura vertical Simatech V300\/800 con tractor ha mejorado significativamente en comparaci\u00f3n con su predecesora y ofrece funciones avanzadas y un rendimiento excepcional en cada componente.<\/p>\n<p><strong>Funciones mejoradas:<\/strong><\/p>\n<ol>\n<li><strong>Nuevo tanque de aceite de 50 litros:<\/strong>\n<ul>\n<li>Integraci\u00f3n de un tanque de aceite de 50 litros, lo que aumenta la capacidad para un uso prolongado y eficiente.<\/li>\n<\/ul>\n<\/li>\n<li><strong>Nueva sujeci\u00f3n:<\/strong>\n<ul>\n<li>Nueva y mejorada sujeci\u00f3n, que refuerza la conexi\u00f3n y proporciona m\u00e1s estabilidad.<\/li>\n<\/ul>\n<\/li>\n<li><strong>Nuevo distribuidor AMI Made in Italy:<\/strong>\n<ul>\n<li>Introducci\u00f3n de un distribuidor AMI hecho en Italia, sin\u00f3nimo de calidad y rendimiento.<\/li>\n<\/ul>\n<\/li>\n<li><strong>Retorno autom\u00e1tico:<\/strong>\n<ul>\n<li>Agregar una funci\u00f3n de retorno autom\u00e1tico, lo que mejora la eficiencia y la facilidad de uso.<\/li>\n<\/ul>\n<\/li>\n<li><strong>Bomba hidr\u00e1ulica ultra-profesional:<\/strong>\n<ul>\n<li>Equipado con una bomba hidr\u00e1ulica ultraprofesional con un impresionante caudal de 46 l\/min, la bomba m\u00e1s potente jam\u00e1s montada en una m\u00e1quina de hendidura vertical con tractor.<\/li>\n<\/ul>\n<\/li>\n<li><strong>Cilindro y v\u00e1stago impresionantes:<\/strong>\n<ul>\n<li>Di\u00e1metro del cilindro de 150 mm y di\u00e1metro del v\u00e1stago de 60 mm, para una excepcional fuerza de hendidura.<\/li>\n<\/ul>\n<\/li>\n<\/ol>","protected":false},"excerpt":{"rendered":"<p>La versi\u00f3n completamente nueva de la m\u00e1quina de hendidura vertical Simatech V300\/800 con tractor ha [&hellip;]<\/p>\n","protected":false},"featured_media":6488,"comment_status":"open","ping_status":"closed","template":"","meta":[],"product_brand":[],"product_cat":[127],"product_tag":[],"class_list":{"0":"post-6458","1":"product","2":"type-product","3":"status-publish","4":"has-post-thumbnail","6":"product_cat-fendeuses-a-bois","7":"product_shipping_class-livraison-gratuite","9":"first","10":"instock","11":"sale","12":"taxable","13":"shipping-taxable","14":"purchasable","15":"product-type-simple"},"_links":{"self":[{"href":"https:\/\/cabashippinginternational.com\/en\/wp-json\/wp\/v2\/product\/6458","targetHints":{"allow":["GET"]}}],"collection":[{"href":"https:\/\/cabashippinginternational.com\/en\/wp-json\/wp\/v2\/product"}],"about":[{"href":"https:\/\/cabashippinginternational.com\/en\/wp-json\/wp\/v2\/types\/product"}],"replies":[{"embeddable":true,"href":"https:\/\/cabashippinginternational.com\/en\/wp-json\/wp\/v2\/comments?post=6458"}],"wp:featuredmedia":[{"embeddable":true,"href":"https:\/\/cabashippinginternational.com\/en\/wp-json\/wp\/v2\/media\/6488"}],"wp:attachment":[{"href":"https:\/\/cabashippinginternational.com\/en\/wp-json\/wp\/v2\/media?parent=6458"}],"wp:term":[{"taxonomy":"product_brand","embeddable":true,"href":"https:\/\/cabashippinginternational.com\/en\/wp-json\/wp\/v2\/product_brand?post=6458"},{"taxonomy":"product_cat","embeddable":true,"href":"https:\/\/cabashippinginternational.com\/en\/wp-json\/wp\/v2\/product_cat?post=6458"},{"taxonomy":"product_tag","embeddable":true,"href":"https:\/\/cabashippinginternational.com\/en\/wp-json\/wp\/v2\/product_tag?post=6458"}],"curies":[{"name":"wp","href":"https:\/\/api.w.org\/{rel}","templated":true}]}}