{"id":6456,"date":"2026-01-07T15:44:10","date_gmt":"2026-01-07T15:44:10","guid":{"rendered":"https:\/\/elektronica-aanhangers-houten.nl\/?post_type=product&#038;p=6456"},"modified":"2026-02-22T08:58:39","modified_gmt":"2026-02-22T08:58:39","slug":"fendeuse-hydraulique-avec-attelage-pour-tracteur-ceccato-olindo-bull-splt25-1100mm","status":"publish","type":"product","link":"https:\/\/cabashippinginternational.com\/en\/produit\/fendeuse-hydraulique-avec-attelage-pour-tracteur-ceccato-olindo-bull-splt25-1100mm\/","title":{"rendered":"M\u00e1quina de hendidura hidr\u00e1ulica con dispositivo de elevaci\u00f3n para tractor Ceccato Olindo Bull SPLT25 &#8211; 1100mm"},"content":{"rendered":"<p>La m\u00e1quina de partir madera Bull SPLT25 de Ceccato Olindo, con una impresionante capacidad de 25 toneladas, est\u00e1 dise\u00f1ada para cumplir con los requisitos profesionales m\u00e1s exigentes. Su capacidad para partir troncos nudosos de diferentes tama\u00f1os de hasta 110 cm de altura la convierte en una herramienta excepcional para la carpinter\u00eda.<\/p>\n<p>El SPLT25 cuenta con controles adicionales para el accionamiento que est\u00e1n convenientemente ubicados en la parte superior de la m\u00e1quina, lo que permite maniobrar y partir incluso los troncos m\u00e1s grandes con facilidad. La m\u00e1quina de partir impulsada por un gatillo tiene una considerable fuerza de empuje de 25 toneladas, lo que garantiza una eficiencia \u00f3ptima en todas las condiciones.<\/p>\n<p><strong>Caracter\u00edsticas destacadas:<\/strong><\/p>\n<ol>\n<li><strong>Construcci\u00f3n robusta:<\/strong> El SPLT25 est\u00e1 equipado con una gran cuchilla que es guiada por zapatos de bronce a lo largo de un riel de acero. Incluso bajo carga m\u00e1xima, este dise\u00f1o mantiene la integridad del cilindro, lo que asegura una durabilidad y fiabilidad excepcionales.<\/li>\n<li><strong>Detalles t\u00e9cnicos:<\/strong>\n<ul>\n<li>Cu\u00f1a de partida robusta.<\/li>\n<li>Gran m\u00e1quina de partir hidr\u00e1ulica profesional.<\/li>\n<li>Soporte desmontable para poder partir en el campo.<\/li>\n<li>Base de soporte excepcionalmente gruesa.<\/li>\n<li>Gu\u00edas de pist\u00f3n laterales de bronce de alta densidad y grosor de contacto reemplazable.<\/li>\n<\/ul>\n<\/li>\n<li><strong>Regulabilidad:<\/strong>\n<ul>\n<li>El recorrido del cilindro puede ser&#8230;<\/li>\n<\/ul>\n<\/li>\n<\/ol>","protected":false},"excerpt":{"rendered":"<p>La m\u00e1quina de partir madera Bull SPLT25 de Ceccato Olindo, con una impresionante capacidad de [&hellip;]<\/p>\n","protected":false},"featured_media":6486,"comment_status":"open","ping_status":"closed","template":"","meta":[],"product_brand":[],"product_cat":[127],"product_tag":[],"class_list":{"0":"post-6456","1":"product","2":"type-product","3":"status-publish","4":"has-post-thumbnail","6":"product_cat-fendeuses-a-bois","7":"product_shipping_class-livraison-gratuite","9":"first","10":"instock","11":"sale","12":"taxable","13":"shipping-taxable","14":"purchasable","15":"product-type-simple"},"_links":{"self":[{"href":"https:\/\/cabashippinginternational.com\/en\/wp-json\/wp\/v2\/product\/6456","targetHints":{"allow":["GET"]}}],"collection":[{"href":"https:\/\/cabashippinginternational.com\/en\/wp-json\/wp\/v2\/product"}],"about":[{"href":"https:\/\/cabashippinginternational.com\/en\/wp-json\/wp\/v2\/types\/product"}],"replies":[{"embeddable":true,"href":"https:\/\/cabashippinginternational.com\/en\/wp-json\/wp\/v2\/comments?post=6456"}],"wp:featuredmedia":[{"embeddable":true,"href":"https:\/\/cabashippinginternational.com\/en\/wp-json\/wp\/v2\/media\/6486"}],"wp:attachment":[{"href":"https:\/\/cabashippinginternational.com\/en\/wp-json\/wp\/v2\/media?parent=6456"}],"wp:term":[{"taxonomy":"product_brand","embeddable":true,"href":"https:\/\/cabashippinginternational.com\/en\/wp-json\/wp\/v2\/product_brand?post=6456"},{"taxonomy":"product_cat","embeddable":true,"href":"https:\/\/cabashippinginternational.com\/en\/wp-json\/wp\/v2\/product_cat?post=6456"},{"taxonomy":"product_tag","embeddable":true,"href":"https:\/\/cabashippinginternational.com\/en\/wp-json\/wp\/v2\/product_tag?post=6456"}],"curies":[{"name":"wp","href":"https:\/\/api.w.org\/{rel}","templated":true}]}}