{"id":6455,"date":"2026-01-07T15:44:10","date_gmt":"2026-01-07T15:44:10","guid":{"rendered":"https:\/\/elektronica-aanhangers-houten.nl\/?post_type=product&#038;p=6455"},"modified":"2026-02-22T08:58:47","modified_gmt":"2026-02-22T08:58:47","slug":"fendeuse-ceccato-kombi-splet16-electrique-triphase-tracteur-16-tonnes-course-1100-mm","status":"publish","type":"product","link":"https:\/\/cabashippinginternational.com\/en\/produit\/fendeuse-ceccato-kombi-splet16-electrique-triphase-tracteur-16-tonnes-course-1100-mm\/","title":{"rendered":"Ceccato KOMBI SPLET16 tractor el\u00e9ctrico de corriente alterna 16 toneladas slak 1100 mm"},"content":{"rendered":"<p>La m\u00e1quina de partir madera De Ceccato Olindo KOMBI SPLET16 es una soluci\u00f3n vers\u00e1til y potente que ha sido dise\u00f1ada principalmente para profesionales. Ofrece funciones avanzadas para facilitar el partido de grandes troncos.<\/p>\n<p><strong>Caracter\u00edsticas principales:<\/strong><\/p>\n<ol>\n<li><strong>Alimentaci\u00f3n el\u00e9ctrica de 400V:<\/strong>\n<ul>\n<li>F\u00e1cil de usar con la alimentaci\u00f3n de 400V gracias a un motor trif\u00e1sico de 7,5 HP y 5500 W.<\/li>\n<\/ul>\n<\/li>\n<li><strong>Bomba oleodin\u00e1mica de alto rendimiento:<\/strong>\n<ul>\n<li>Un motor el\u00e9ctrico impulsa una bomba oleodin\u00e1mica de alta calidad que opera a una presi\u00f3n m\u00e1xima de 230 bar y bombea 49 l\/min. Esta bomba suministra aceite al cilindro hidr\u00e1ulico, que act\u00faa como bomba de empuje.<\/li>\n<\/ul>\n<\/li>\n<li><strong>Excepcional fuerza de partida de 16 toneladas:<\/strong>\n<ul>\n<li>La m\u00e1quina de partir puede partir troncos le\u00f1osos de diferentes tama\u00f1os hasta una altura m\u00e1xima de 114 cm gracias a una excepcional fuerza de partida de 16 toneladas.<\/li>\n<\/ul>\n<\/li>\n<li><strong>Chasis reforzado con estructura especial:<\/strong>\n<ul>\n<li>A diferencia de la mayor\u00eda de las m\u00e1quinas de partir madera en el mercado, el chasis est\u00e1 hecho con una estructura reforzada, con una placa frontal plana donde se desliza la cu\u00f1a de partida.<\/li>\n<\/ul>\n<\/li>\n<li><strong>Piston plegable para almacenamiento:<\/strong>\n<ul>\n<li>El pist\u00f3n se puede plegar para que la m\u00e1quina de partir se pueda almacenar f\u00e1cilmente.<\/li>\n<\/ul>\n<\/li>\n<li><strong>Especificaciones de seguridad:<\/strong>\n<\/ol>","protected":false},"excerpt":{"rendered":"<p>La m\u00e1quina de partir madera De Ceccato Olindo KOMBI SPLET16 es una soluci\u00f3n vers\u00e1til y [&hellip;]<\/p>\n","protected":false},"featured_media":6485,"comment_status":"open","ping_status":"closed","template":"","meta":[],"product_brand":[],"product_cat":[127],"product_tag":[],"class_list":{"0":"post-6455","1":"product","2":"type-product","3":"status-publish","4":"has-post-thumbnail","6":"product_cat-fendeuses-a-bois","7":"product_shipping_class-livraison-gratuite","9":"first","10":"instock","11":"sale","12":"taxable","13":"shipping-taxable","14":"purchasable","15":"product-type-simple"},"_links":{"self":[{"href":"https:\/\/cabashippinginternational.com\/en\/wp-json\/wp\/v2\/product\/6455","targetHints":{"allow":["GET"]}}],"collection":[{"href":"https:\/\/cabashippinginternational.com\/en\/wp-json\/wp\/v2\/product"}],"about":[{"href":"https:\/\/cabashippinginternational.com\/en\/wp-json\/wp\/v2\/types\/product"}],"replies":[{"embeddable":true,"href":"https:\/\/cabashippinginternational.com\/en\/wp-json\/wp\/v2\/comments?post=6455"}],"wp:featuredmedia":[{"embeddable":true,"href":"https:\/\/cabashippinginternational.com\/en\/wp-json\/wp\/v2\/media\/6485"}],"wp:attachment":[{"href":"https:\/\/cabashippinginternational.com\/en\/wp-json\/wp\/v2\/media?parent=6455"}],"wp:term":[{"taxonomy":"product_brand","embeddable":true,"href":"https:\/\/cabashippinginternational.com\/en\/wp-json\/wp\/v2\/product_brand?post=6455"},{"taxonomy":"product_cat","embeddable":true,"href":"https:\/\/cabashippinginternational.com\/en\/wp-json\/wp\/v2\/product_cat?post=6455"},{"taxonomy":"product_tag","embeddable":true,"href":"https:\/\/cabashippinginternational.com\/en\/wp-json\/wp\/v2\/product_tag?post=6455"}],"curies":[{"name":"wp","href":"https:\/\/api.w.org\/{rel}","templated":true}]}}